{"id":122073,"date":"2022-10-12T16:42:17","date_gmt":"2022-10-12T14:42:17","guid":{"rendered":"http:\/\/dev.claret.cat\/producte\/el-pequeno-dragon-coco-descubre-los-dinosaurios\/"},"modified":"2025-01-31T17:12:03","modified_gmt":"2025-01-31T16:12:03","slug":"el-pequeno-dragon-coco-descubre-los-dinosaurios-9788424665739","status":"publish","type":"product","link":"https:\/\/www.claret.cat\/es\/libro\/el-pequeno-dragon-coco-descubre-los-dinosaurios-9788424665739\/","title":{"rendered":"EL PEQUE\u00d1O DRAG\u00d3N COCO DESCUBRE LOS DINOSAURIOS"},"content":{"rendered":"<p>\u00bfCu\u00e1ndo vivieron los dinosaurios? \u00bfQu\u00e9 especies hab\u00eda? \u00bfPor qu\u00e9 se extinguieron? El peque\u00f1o drag\u00f3n Coco, Matilda y \u00d3scar viajan a trav\u00e9s del tiempo para visitar la tierra de los dinosaurios. \u00a1Todo lo que vale la pena saber sobre estos gigantes prehist\u00f3ricos lo encontrar\u00e1n aqu\u00ed los fan\u00e1ticos de Coco!<\/p>\n","protected":false},"excerpt":{"rendered":"<p>SIEGNER, INGO<\/p>\n","protected":false},"featured_media":122074,"template":"","meta":{"_acf_changed":false,"om_disable_all_campaigns":false,"rs_blank_template":"","rs_page_bg_color":"","slide_template_v7":"","inline_featured_image":false,"_monsterinsights_skip_tracking":false,"_monsterinsights_sitenote_active":false,"_monsterinsights_sitenote_note":"","_monsterinsights_sitenote_category":0},"product_brand":[],"product_cat":[90,540],"product_tag":[],"class_list":{"0":"post-122073","1":"product","2":"type-product","3":"status-publish","4":"has-post-thumbnail","6":"product_cat-altres","7":"product_cat-otros","9":"first","10":"instock","11":"taxable","12":"shipping-taxable","13":"purchasable","14":"product-type-simple"},"acf":{"autor":"SIEGNER, INGO","codart":"842466573","libros-coleccion":"PEQUE\u00d1O DRAGON COCO","ediciones":"1","encuadernacion":"Carton\u00e9","fecha_de_publicacion":"01\/11\/2019","novedad":"1","paginas":"71","subtitulo":"","orden":"0","portada":"0","idioma":"spa","editorial":[{"ID":148189,"post_author":"3","post_date":"2022-10-14 11:56:19","post_date_gmt":"2022-10-14 09:56:19","post_content":"","post_title":"GALERA, EDITORIAL","post_excerpt":"","post_status":"publish","comment_status":"closed","ping_status":"closed","post_password":"","post_name":"galera-editorial","to_ping":"","pinged":"","post_modified":"2022-10-14 11:56:19","post_modified_gmt":"2022-10-14 09:56:19","post_content_filtered":"","post_parent":0,"guid":"http:\/\/dev.claret.cat\/editorial\/galera-editorial\/","menu_order":0,"post_type":"editorial","post_mime_type":"","comment_count":"0","filter":"raw"}],"autores-libros":[{"ID":157912,"post_author":"3","post_date":"2022-10-14 15:32:38","post_date_gmt":"2022-10-14 13:32:38","post_content":"","post_title":"INGO SIEGNER","post_excerpt":"","post_status":"publish","comment_status":"closed","ping_status":"closed","post_password":"","post_name":"ingo-siegner","to_ping":"","pinged":"","post_modified":"2022-10-14 15:32:38","post_modified_gmt":"2022-10-14 13:32:38","post_content_filtered":"","post_parent":0,"guid":"http:\/\/dev.claret.cat\/autor\/ingo-siegner\/","menu_order":0,"post_type":"autor","post_mime_type":"","comment_count":"0","filter":"raw"}]},"aioseo_notices":[],"_links":{"self":[{"href":"https:\/\/www.claret.cat\/es\/wp-json\/wp\/v2\/product\/122073","targetHints":{"allow":["GET"]}}],"collection":[{"href":"https:\/\/www.claret.cat\/es\/wp-json\/wp\/v2\/product"}],"about":[{"href":"https:\/\/www.claret.cat\/es\/wp-json\/wp\/v2\/types\/product"}],"wp:featuredmedia":[{"embeddable":true,"href":"https:\/\/www.claret.cat\/es\/wp-json\/wp\/v2\/media\/122074"}],"wp:attachment":[{"href":"https:\/\/www.claret.cat\/es\/wp-json\/wp\/v2\/media?parent=122073"}],"wp:term":[{"taxonomy":"product_brand","embeddable":true,"href":"https:\/\/www.claret.cat\/es\/wp-json\/wp\/v2\/product_brand?post=122073"},{"taxonomy":"product_cat","embeddable":true,"href":"https:\/\/www.claret.cat\/es\/wp-json\/wp\/v2\/product_cat?post=122073"},{"taxonomy":"product_tag","embeddable":true,"href":"https:\/\/www.claret.cat\/es\/wp-json\/wp\/v2\/product_tag?post=122073"}],"curies":[{"name":"wp","href":"https:\/\/api.w.org\/{rel}","templated":true}]}}