{"id":122115,"date":"2022-10-12T16:42:57","date_gmt":"2022-10-12T14:42:57","guid":{"rendered":"http:\/\/dev.claret.cat\/producte\/la-gran-competicion\/"},"modified":"2025-01-31T17:09:11","modified_gmt":"2025-01-31T16:09:11","slug":"la-gran-competicion-9788424665821","status":"publish","type":"product","link":"https:\/\/www.claret.cat\/es\/libro\/la-gran-competicion-9788424665821\/","title":{"rendered":"LA GRAN COMPETICI\u00d3N"},"content":{"rendered":"<p>Habr\u00e1 hechizos. Habr\u00e1 batallas. Y habr\u00e1 una abundancia peligrosa de zapatos preciosos.<\/p>\n<p>Hay un mundo donde viven las brujas, bajando por las tuber\u00edas del fregadero.<\/p>\n<p>Tiga Runjarb vive completamente ajena a ello. O al menos as\u00ed era hasta que un hada fabulosa le dice que es una bruja y la lleva a Ciudad Finolis para que compita en la Guerras de brujas, \u00a1una competici\u00f3n llena de acertijos! \u00a1Brujas extra\u00f1as! Y un zapato enorme. <\/p>\n<p>\u00bfTendr\u00e1 Tiga lo que hay que tener para ganar? Dif\u00edcilmente.<\/p>\n","protected":false},"excerpt":{"rendered":"<p>POUNDER, SIB\u00c9AL<\/p>\n","protected":false},"featured_media":122116,"template":"","meta":{"_acf_changed":false,"om_disable_all_campaigns":false,"rs_blank_template":"","rs_page_bg_color":"","slide_template_v7":"","inline_featured_image":false,"_monsterinsights_skip_tracking":false,"_monsterinsights_sitenote_active":false,"_monsterinsights_sitenote_note":"","_monsterinsights_sitenote_category":0},"product_brand":[],"product_cat":[132,362],"product_tag":[],"class_list":{"0":"post-122115","1":"product","2":"type-product","3":"status-publish","4":"has-post-thumbnail","6":"product_cat-lectures-per-preadolescents-6-12-anys","7":"product_cat-libros-preadolescentes-6-12-anos","9":"first","10":"instock","11":"taxable","12":"shipping-taxable","13":"purchasable","14":"product-type-simple"},"acf":{"autor":"POUNDER, SIB\u00c9AL","codart":"842466582","libros-coleccion":"Brujas a la moda","ediciones":"1","encuadernacion":"R\u00fastica","fecha_de_publicacion":"01\/11\/2019","novedad":"1","paginas":"286","subtitulo":"","orden":"0","portada":"0","idioma":"spa","editorial":[{"ID":148189,"post_author":"3","post_date":"2022-10-14 11:56:19","post_date_gmt":"2022-10-14 09:56:19","post_content":"","post_title":"GALERA, EDITORIAL","post_excerpt":"","post_status":"publish","comment_status":"closed","ping_status":"closed","post_password":"","post_name":"galera-editorial","to_ping":"","pinged":"","post_modified":"2022-10-14 11:56:19","post_modified_gmt":"2022-10-14 09:56:19","post_content_filtered":"","post_parent":0,"guid":"http:\/\/dev.claret.cat\/editorial\/galera-editorial\/","menu_order":0,"post_type":"editorial","post_mime_type":"","comment_count":"0","filter":"raw"}],"autores-libros":[{"ID":169446,"post_author":"3","post_date":"2022-10-14 22:27:18","post_date_gmt":"2022-10-14 20:27:18","post_content":"","post_title":"SIB\u00c9AL POUNDER","post_excerpt":"","post_status":"publish","comment_status":"closed","ping_status":"closed","post_password":"","post_name":"sibeal-pounder","to_ping":"","pinged":"","post_modified":"2022-10-14 22:27:18","post_modified_gmt":"2022-10-14 20:27:18","post_content_filtered":"","post_parent":0,"guid":"http:\/\/dev.claret.cat\/autor\/sibeal-pounder\/","menu_order":0,"post_type":"autor","post_mime_type":"","comment_count":"0","filter":"raw"}]},"aioseo_notices":[],"_links":{"self":[{"href":"https:\/\/www.claret.cat\/es\/wp-json\/wp\/v2\/product\/122115","targetHints":{"allow":["GET"]}}],"collection":[{"href":"https:\/\/www.claret.cat\/es\/wp-json\/wp\/v2\/product"}],"about":[{"href":"https:\/\/www.claret.cat\/es\/wp-json\/wp\/v2\/types\/product"}],"wp:featuredmedia":[{"embeddable":true,"href":"https:\/\/www.claret.cat\/es\/wp-json\/wp\/v2\/media\/122116"}],"wp:attachment":[{"href":"https:\/\/www.claret.cat\/es\/wp-json\/wp\/v2\/media?parent=122115"}],"wp:term":[{"taxonomy":"product_brand","embeddable":true,"href":"https:\/\/www.claret.cat\/es\/wp-json\/wp\/v2\/product_brand?post=122115"},{"taxonomy":"product_cat","embeddable":true,"href":"https:\/\/www.claret.cat\/es\/wp-json\/wp\/v2\/product_cat?post=122115"},{"taxonomy":"product_tag","embeddable":true,"href":"https:\/\/www.claret.cat\/es\/wp-json\/wp\/v2\/product_tag?post=122115"}],"curies":[{"name":"wp","href":"https:\/\/api.w.org\/{rel}","templated":true}]}}