{"id":122151,"date":"2022-10-12T16:43:30","date_gmt":"2022-10-12T14:43:30","guid":{"rendered":"http:\/\/dev.claret.cat\/producte\/lo-mejor-de-zipi-zape-lo-mejor-de\/"},"modified":"2023-01-27T23:42:34","modified_gmt":"2023-01-27T22:42:34","slug":"lo-mejor-de-zipi-zape-lo-mejor-de-9788402423498","status":"publish","type":"product","link":"https:\/\/www.claret.cat\/es\/libro\/lo-mejor-de-zipi-zape-lo-mejor-de-9788402423498\/","title":{"rendered":"LO MEJOR DE ZIPI ZAPE (LO MEJOR DE&#8230;)"},"content":{"rendered":"<p>La colecci\u00f3n \u00abLo mejor de&#8230;\u00bb de Bruguera comprende lo m\u00e1s esencial  de la historieta espa\u00f1ola, los autores, personajes y aventuras  m\u00e1s  importantes de la historia del c\u00f3mic espa\u00f1ol. En este caso, presentamos Lo mejor de&#8230; Zipi y Zape. Antolog\u00eda de las mejores p\u00e1ginas de Zipi y Zape, del maestro Josep  Escobar, a partir de su primera p\u00e1gina aparecida en el a\u00f1o 1948,  en la revista Pulgarcito de la editorial Bruguera. Este volumen contiene aventuras publicadas en su totalidad en la  Editorial Bruguera, en la \u00e9poca dorada de la historieta espa\u00f1ola, desde 1948 hasta los a\u00f1os setenta del pasado siglo. Es especialmente interesante comprobar, en este \u00e1lbum, la evoluci\u00f3n de  los personajes de Escobar desde su primera p\u00e1gina de 1948(en que eran  m\u00e1s altos de lo que ser\u00edan en su versi\u00f3n m\u00e1s popular y de car\u00e1cter mucho  m\u00e1s ca\u00fastico y gamberro) hasta los siguientes a\u00f1os, en que ir\u00e1n mutando  hasta llevar la t\u00edpica indumentaria con jersey rojo y pantalones cortos  negros, suaviz\u00e1ndose mucho su personalidad, pero sin dejar de ser ante todo un par de traviesos hermanos.<\/p>\n","protected":false},"excerpt":{"rendered":"<p>ESCOBAR, JOSEP<\/p>\n","protected":false},"featured_media":122152,"template":"","meta":{"_acf_changed":false,"om_disable_all_campaigns":false,"rs_blank_template":"","rs_page_bg_color":"","slide_template_v7":"","inline_featured_image":false,"_monsterinsights_skip_tracking":false,"_monsterinsights_sitenote_active":false,"_monsterinsights_sitenote_note":"","_monsterinsights_sitenote_category":0},"product_brand":[],"product_cat":[108],"product_tag":[],"class_list":{"0":"post-122151","1":"product","2":"type-product","3":"status-publish","4":"has-post-thumbnail","6":"product_cat-comic","8":"first","9":"instock","10":"taxable","11":"shipping-taxable","12":"purchasable","13":"product-type-simple"},"acf":{"editorial":[{"ID":147571,"post_author":"3","post_date":"2022-10-14 11:51:35","post_date_gmt":"2022-10-14 09:51:35","post_content":"","post_title":"Bruguera (Ediciones B)","post_excerpt":"","post_status":"publish","comment_status":"closed","ping_status":"closed","post_password":"","post_name":"bruguera-ediciones-b","to_ping":"","pinged":"","post_modified":"2022-10-14 11:51:35","post_modified_gmt":"2022-10-14 09:51:35","post_content_filtered":"","post_parent":0,"guid":"http:\/\/dev.claret.cat\/editorial\/bruguera-ediciones-b\/","menu_order":0,"post_type":"editorial","post_mime_type":"","comment_count":"0","filter":"raw"}],"autores-libros":[{"ID":160663,"post_author":"3","post_date":"2022-10-14 15:54:53","post_date_gmt":"2022-10-14 13:54:53","post_content":"","post_title":"JOSEP ESCOBAR","post_excerpt":"","post_status":"publish","comment_status":"closed","ping_status":"closed","post_password":"","post_name":"josep-escobar","to_ping":"","pinged":"","post_modified":"2022-10-14 15:54:53","post_modified_gmt":"2022-10-14 13:54:53","post_content_filtered":"","post_parent":0,"guid":"http:\/\/dev.claret.cat\/autor\/josep-escobar\/","menu_order":0,"post_type":"autor","post_mime_type":"","comment_count":"0","filter":"raw"}],"autor":"ESCOBAR, JOSEP","codart":"840242349","libros-coleccion":"Lo mejor de...","ediciones":"1","encuadernacion":"Carton\u00e9","fecha_de_publicacion":"01\/11\/2019","novedad":"1","paginas":"192","subtitulo":"","orden":"0","portada":"0","idioma":"spa"},"aioseo_notices":[],"_links":{"self":[{"href":"https:\/\/www.claret.cat\/es\/wp-json\/wp\/v2\/product\/122151","targetHints":{"allow":["GET"]}}],"collection":[{"href":"https:\/\/www.claret.cat\/es\/wp-json\/wp\/v2\/product"}],"about":[{"href":"https:\/\/www.claret.cat\/es\/wp-json\/wp\/v2\/types\/product"}],"wp:featuredmedia":[{"embeddable":true,"href":"https:\/\/www.claret.cat\/es\/wp-json\/wp\/v2\/media\/122152"}],"wp:attachment":[{"href":"https:\/\/www.claret.cat\/es\/wp-json\/wp\/v2\/media?parent=122151"}],"wp:term":[{"taxonomy":"product_brand","embeddable":true,"href":"https:\/\/www.claret.cat\/es\/wp-json\/wp\/v2\/product_brand?post=122151"},{"taxonomy":"product_cat","embeddable":true,"href":"https:\/\/www.claret.cat\/es\/wp-json\/wp\/v2\/product_cat?post=122151"},{"taxonomy":"product_tag","embeddable":true,"href":"https:\/\/www.claret.cat\/es\/wp-json\/wp\/v2\/product_tag?post=122151"}],"curies":[{"name":"wp","href":"https:\/\/api.w.org\/{rel}","templated":true}]}}