{"id":12216,"date":"2022-10-01T21:55:19","date_gmt":"2022-10-01T19:55:19","guid":{"rendered":"http:\/\/dev.claret.cat\/producte\/cuando-fuimos-los-peripateticos-la-novela-de-merli\/"},"modified":"2023-01-28T19:26:27","modified_gmt":"2023-01-28T18:26:27","slug":"cuando-fuimos-los-peripateticos-la-novela-de-merli-9788408184812","status":"publish","type":"product","link":"https:\/\/www.claret.cat\/es\/libro\/cuando-fuimos-los-peripateticos-la-novela-de-merli-9788408184812\/","title":{"rendered":"CUANDO FUIMOS LOS PERIPAT\u00c9TICOS. LA NOVELA DE MERL\u00cd"},"content":{"rendered":"<p>Bruno Bergeron tuvo una adolescencia dif\u00edcil que todav\u00eda se complic\u00f3 m\u00e1s cuando vio entrar a su padre en clase con la cartera de profesor y gritando: \u00ab\u00a1Me llamo Merl\u00ed y quiero que os empalm\u00e9is con la filosof\u00eda!\u00bb.<br \/>Al cabo de los a\u00f1os, recuerda los cursos de bachillerato que disfrut\u00f3 con sus compa\u00f1eros de clase, \u00ablos peripat\u00e9ticos\u00bb para que su hermana Mina sienta cerca la figura del padre que nunca lleg\u00f3 a conocer.<br \/>En la novela descubrir\u00e9is aspectos nuevos de la vida de Pol, T\u00e0nia, Joan, Marc, Berta, Gerard y del mismo Bruno.<br \/>Los primeros amores, las fiestas desenfrenadas, el sexo, los estudios, el miedo al futuro, las relaciones familiares, las amistades? son los temas centrales de las aventuras inolvidables de Cuando fuimos los peripat\u00e9ticos, narradas por Bruno Bergeron.<\/p>\n","protected":false},"excerpt":{"rendered":"<p>LOZANO, H\u00c9CTOR<\/p>\n","protected":false},"featured_media":70748,"template":"","meta":{"_acf_changed":false,"om_disable_all_campaigns":false,"rs_blank_template":"","rs_page_bg_color":"","slide_template_v7":"","inline_featured_image":false,"_monsterinsights_skip_tracking":false,"_monsterinsights_sitenote_active":false,"_monsterinsights_sitenote_note":"","_monsterinsights_sitenote_category":0},"product_brand":[],"product_cat":[561,112,353,87],"product_tag":[],"class_list":{"0":"post-12216","1":"product","2":"type-product","3":"status-publish","4":"has-post-thumbnail","6":"product_cat-cine-y-television","7":"product_cat-cinema-i-televisio","8":"product_cat-literatura-2_humanidades","9":"product_cat-literatura","11":"first","12":"outofstock","13":"taxable","14":"shipping-taxable","15":"purchasable","16":"product-type-simple"},"acf":{"autor":"LOZANO, H\u00c9CTOR","codart":"840818481","libros-coleccion":"Planeta Visi\u00f3n","ediciones":"1","encuadernacion":"R\u00fastica","fecha_de_publicacion":"01\/04\/2018","novedad":"1","paginas":"318","subtitulo":"","orden":"0","portada":"0","idioma":"spa","editorial":[{"ID":6233,"post_author":"3","post_date":"2022-07-28 17:47:48","post_date_gmt":"2022-07-28 15:47:48","post_content":"","post_title":"EDITORIAL PLANETA","post_excerpt":"","post_status":"publish","comment_status":"closed","ping_status":"closed","post_password":"","post_name":"editorial-planeta","to_ping":"","pinged":"","post_modified":"2022-07-28 17:47:48","post_modified_gmt":"2022-07-28 15:47:48","post_content_filtered":"","post_parent":0,"guid":"http:\/\/dev.claret.cat\/editorial\/editorial-planeta\/","menu_order":0,"post_type":"editorial","post_mime_type":"","comment_count":"0","filter":"raw"}],"autores-libros":[{"ID":157428,"post_author":"3","post_date":"2022-10-14 15:28:45","post_date_gmt":"2022-10-14 13:28:45","post_content":"","post_title":"HECTOR LOZANO","post_excerpt":"","post_status":"publish","comment_status":"closed","ping_status":"closed","post_password":"","post_name":"hector-lozano","to_ping":"","pinged":"","post_modified":"2022-10-14 15:28:45","post_modified_gmt":"2022-10-14 13:28:45","post_content_filtered":"","post_parent":0,"guid":"http:\/\/dev.claret.cat\/autor\/hector-lozano\/","menu_order":0,"post_type":"autor","post_mime_type":"","comment_count":"0","filter":"raw"}]},"aioseo_notices":[],"_links":{"self":[{"href":"https:\/\/www.claret.cat\/es\/wp-json\/wp\/v2\/product\/12216","targetHints":{"allow":["GET"]}}],"collection":[{"href":"https:\/\/www.claret.cat\/es\/wp-json\/wp\/v2\/product"}],"about":[{"href":"https:\/\/www.claret.cat\/es\/wp-json\/wp\/v2\/types\/product"}],"wp:featuredmedia":[{"embeddable":true,"href":"https:\/\/www.claret.cat\/es\/wp-json\/wp\/v2\/media\/70748"}],"wp:attachment":[{"href":"https:\/\/www.claret.cat\/es\/wp-json\/wp\/v2\/media?parent=12216"}],"wp:term":[{"taxonomy":"product_brand","embeddable":true,"href":"https:\/\/www.claret.cat\/es\/wp-json\/wp\/v2\/product_brand?post=12216"},{"taxonomy":"product_cat","embeddable":true,"href":"https:\/\/www.claret.cat\/es\/wp-json\/wp\/v2\/product_cat?post=12216"},{"taxonomy":"product_tag","embeddable":true,"href":"https:\/\/www.claret.cat\/es\/wp-json\/wp\/v2\/product_tag?post=12216"}],"curies":[{"name":"wp","href":"https:\/\/api.w.org\/{rel}","templated":true}]}}