{"id":122229,"date":"2022-10-12T16:44:43","date_gmt":"2022-10-12T14:44:43","guid":{"rendered":"http:\/\/dev.claret.cat\/producte\/cuentos-para-ninas-sin-miedo\/"},"modified":"2023-01-28T14:28:45","modified_gmt":"2023-01-28T13:28:45","slug":"cuentos-para-ninas-sin-miedo-9788417605049","status":"publish","type":"product","link":"https:\/\/www.claret.cat\/es\/libro\/cuentos-para-ninas-sin-miedo-9788417605049\/","title":{"rendered":"CUENTOS PARA NI\u00d1AS SIN MIEDO"},"content":{"rendered":"<p>El libro regalo con cuentos feministas de estas Navidades Doce preciosas historias con princesas que luchan contra los prejuicios  de todos, valientes ej\u00e9rcitos de elfas, reinas preocupadas por sus hijas  y zarinas de bella voz que se hacen pasar un hombre para sobrevivir. Los cuentos del pasado m\u00e1s populares est\u00e1n llenos de damiselas a las que  salvan guerreros valerosos, pero \u00bfes que no hab\u00eda cuentos con guerreras  y princesas valientes y astutas? S\u00ed, los hab\u00eda, y aqu\u00ed los tienes. Los  cuentos que necesitan las chicas y ni\u00f1as de hoy en d\u00eda para construir una sociedad m\u00e1s justa e igualitaria.<\/p>\n","protected":false},"excerpt":{"rendered":"<p>SAYALERO, MYRIAM \/ RICARDILUS,<\/p>\n","protected":false},"featured_media":122230,"template":"","meta":{"_acf_changed":false,"om_disable_all_campaigns":false,"rs_blank_template":"","rs_page_bg_color":"","slide_template_v7":"","inline_featured_image":false,"_monsterinsights_skip_tracking":false,"_monsterinsights_sitenote_active":false,"_monsterinsights_sitenote_note":"","_monsterinsights_sitenote_category":0},"product_brand":[],"product_cat":[132],"product_tag":[],"class_list":{"0":"post-122229","1":"product","2":"type-product","3":"status-publish","4":"has-post-thumbnail","6":"product_cat-lectures-per-preadolescents-6-12-anys","8":"first","9":"instock","10":"taxable","11":"shipping-taxable","12":"purchasable","13":"product-type-simple"},"acf":{"autor":"SAYALERO, MYRIAM \/ RICARDILUS,","codart":"841760504","libros-coleccion":"NUBE DE TINTA","ediciones":"1","encuadernacion":"Carton\u00e9","fecha_de_publicacion":"01\/11\/2019","novedad":"1","paginas":"234","subtitulo":"","orden":"0","portada":"0","idioma":"spa","editorial":[{"ID":148591,"post_author":"3","post_date":"2022-10-14 11:59:26","post_date_gmt":"2022-10-14 09:59:26","post_content":"","post_title":"NUBE DE TINTA","post_excerpt":"","post_status":"publish","comment_status":"closed","ping_status":"closed","post_password":"","post_name":"nube-de-tinta","to_ping":"","pinged":"","post_modified":"2022-10-14 11:59:26","post_modified_gmt":"2022-10-14 09:59:26","post_content_filtered":"","post_parent":0,"guid":"http:\/\/dev.claret.cat\/editorial\/nube-de-tinta\/","menu_order":0,"post_type":"editorial","post_mime_type":"","comment_count":"0","filter":"raw"}],"autores-libros":[{"ID":165536,"post_author":"3","post_date":"2022-10-14 17:55:58","post_date_gmt":"2022-10-14 15:55:58","post_content":"","post_title":"MYRIAM SAYALERO","post_excerpt":"","post_status":"publish","comment_status":"closed","ping_status":"closed","post_password":"","post_name":"myriam-sayalero","to_ping":"","pinged":"","post_modified":"2022-10-14 17:55:58","post_modified_gmt":"2022-10-14 15:55:58","post_content_filtered":"","post_parent":0,"guid":"http:\/\/dev.claret.cat\/autor\/myriam-sayalero\/","menu_order":0,"post_type":"autor","post_mime_type":"","comment_count":"0","filter":"raw"},{"ID":168036,"post_author":"3","post_date":"2022-10-14 18:16:01","post_date_gmt":"2022-10-14 16:16:01","post_content":"","post_title":"RICARDILUS","post_excerpt":"","post_status":"publish","comment_status":"closed","ping_status":"closed","post_password":"","post_name":"ricardilus","to_ping":"","pinged":"","post_modified":"2022-10-14 18:16:01","post_modified_gmt":"2022-10-14 16:16:01","post_content_filtered":"","post_parent":0,"guid":"http:\/\/dev.claret.cat\/autor\/ricardilus\/","menu_order":0,"post_type":"autor","post_mime_type":"","comment_count":"0","filter":"raw"}]},"aioseo_notices":[],"_links":{"self":[{"href":"https:\/\/www.claret.cat\/es\/wp-json\/wp\/v2\/product\/122229","targetHints":{"allow":["GET"]}}],"collection":[{"href":"https:\/\/www.claret.cat\/es\/wp-json\/wp\/v2\/product"}],"about":[{"href":"https:\/\/www.claret.cat\/es\/wp-json\/wp\/v2\/types\/product"}],"wp:featuredmedia":[{"embeddable":true,"href":"https:\/\/www.claret.cat\/es\/wp-json\/wp\/v2\/media\/122230"}],"wp:attachment":[{"href":"https:\/\/www.claret.cat\/es\/wp-json\/wp\/v2\/media?parent=122229"}],"wp:term":[{"taxonomy":"product_brand","embeddable":true,"href":"https:\/\/www.claret.cat\/es\/wp-json\/wp\/v2\/product_brand?post=122229"},{"taxonomy":"product_cat","embeddable":true,"href":"https:\/\/www.claret.cat\/es\/wp-json\/wp\/v2\/product_cat?post=122229"},{"taxonomy":"product_tag","embeddable":true,"href":"https:\/\/www.claret.cat\/es\/wp-json\/wp\/v2\/product_tag?post=122229"}],"curies":[{"name":"wp","href":"https:\/\/api.w.org\/{rel}","templated":true}]}}