{"id":122271,"date":"2022-10-12T16:45:21","date_gmt":"2022-10-12T14:45:21","guid":{"rendered":"http:\/\/dev.claret.cat\/producte\/pack-tc-memorias-de-una-salvaje-colgante\/"},"modified":"2023-01-28T19:03:37","modified_gmt":"2023-01-28T18:03:37","slug":"pack-tc-memorias-de-una-salvaje-colgante-9788408216759","status":"publish","type":"product","link":"https:\/\/www.claret.cat\/es\/libro\/pack-tc-memorias-de-una-salvaje-colgante-9788408216759\/","title":{"rendered":"PACK TC MEMORIAS DE UNA SALVAJE + COLGANTE"},"content":{"rendered":"<p>Edici\u00f3n limitada de Memorias de una salvaje de Bebi Fern\u00e1ndez con regalo de un colgante inspirado en la novela.<\/p>\n<p>K tiene 19 a\u00f1os y una vida un tanto peculiar. Cuando su padre es asesinado en un ajuste de cuentas, se ve obligada a compaginar sus estudios con un trabajo muy poco convencional: el de recepcionista y chica de los recados en un local de alterne clandestino. Bajo la amenaza de los proxenetas y la asfixia de la deuda, vivir\u00e1 de cerca los horrores que el sistema de la trata de mujeres conlleva. La experiencia la llevar\u00e1 a gestar una metamorfosis que marcar\u00e1 su paso de la adolescencia a la edad adulta.<br \/>Las mujeres que all\u00ed conoce y la violencia intr\u00ednseca al mundo criminal que tambi\u00e9n sentir\u00e1 en sus propias carnes har\u00e1 que comience a pensar en defenderse. Para ello acudir\u00e1 al club de boxeo de Ram, un chico al que la violencia de g\u00e9nero tambi\u00e9n le ha marcado la vida. Pese a las corazas que ambos portan, la curiosidad de este le llevar\u00e1 a interesarse y preocuparse por ella hasta hacerla pensar que quiz\u00e1 s\u00ed existan los hombres que aman a las mujeres.<br \/>Pero un desafortunado suceso har\u00e1 que las luces de ne\u00f3n comiencen a parpadear.<br \/> \u00abLa mujer que hay detr\u00e1s de esta pluma no escribe, vence.\u00bb Men Mar\u00edas, Premio de Novela Carmen Mart\u00edn Gaite 2017<\/p>\n","protected":false},"excerpt":{"rendered":"<p>FERN\u00c1NDEZ, BEBI<\/p>\n","protected":false},"featured_media":122272,"template":"","meta":{"_acf_changed":false,"om_disable_all_campaigns":false,"rs_blank_template":"","rs_page_bg_color":"","slide_template_v7":"","inline_featured_image":false,"_monsterinsights_skip_tracking":false,"_monsterinsights_sitenote_active":false,"_monsterinsights_sitenote_note":"","_monsterinsights_sitenote_category":0},"product_brand":[],"product_cat":[127],"product_tag":[],"class_list":{"0":"post-122271","1":"product","2":"type-product","3":"status-publish","4":"has-post-thumbnail","6":"product_cat-novella-contemporania","8":"first","9":"instock","10":"taxable","11":"shipping-taxable","12":"purchasable","13":"product-type-simple"},"acf":{"editorial":[{"ID":6233,"post_author":"3","post_date":"2022-07-28 17:47:48","post_date_gmt":"2022-07-28 15:47:48","post_content":"","post_title":"EDITORIAL PLANETA","post_excerpt":"","post_status":"publish","comment_status":"closed","ping_status":"closed","post_password":"","post_name":"editorial-planeta","to_ping":"","pinged":"","post_modified":"2022-07-28 17:47:48","post_modified_gmt":"2022-07-28 15:47:48","post_content_filtered":"","post_parent":0,"guid":"http:\/\/dev.claret.cat\/editorial\/editorial-planeta\/","menu_order":0,"post_type":"editorial","post_mime_type":"","comment_count":"0","filter":"raw"}],"autores-libros":[{"ID":5292,"post_author":"3","post_date":"2022-07-28 17:20:54","post_date_gmt":"2022-07-28 15:20:54","post_content":"","post_title":"BEBI FERN\u00c1NDEZ","post_excerpt":"","post_status":"publish","comment_status":"closed","ping_status":"closed","post_password":"","post_name":"bebi-fernandez","to_ping":"","pinged":"","post_modified":"2022-07-28 17:20:54","post_modified_gmt":"2022-07-28 15:20:54","post_content_filtered":"","post_parent":0,"guid":"http:\/\/dev.claret.cat\/autor\/bebi-fernandez\/","menu_order":0,"post_type":"autor","post_mime_type":"","comment_count":"0","filter":"raw"}],"autor":"FERN\u00c1NDEZ, BEBI","codart":"840821675","libros-coleccion":"PLANETA EDICIONES","ediciones":"1","encuadernacion":"R\u00fastica","fecha_de_publicacion":"01\/11\/2019","novedad":"1","paginas":"0","subtitulo":"","orden":"0","portada":"0","idioma":"spa"},"aioseo_notices":[],"_links":{"self":[{"href":"https:\/\/www.claret.cat\/es\/wp-json\/wp\/v2\/product\/122271","targetHints":{"allow":["GET"]}}],"collection":[{"href":"https:\/\/www.claret.cat\/es\/wp-json\/wp\/v2\/product"}],"about":[{"href":"https:\/\/www.claret.cat\/es\/wp-json\/wp\/v2\/types\/product"}],"wp:featuredmedia":[{"embeddable":true,"href":"https:\/\/www.claret.cat\/es\/wp-json\/wp\/v2\/media\/122272"}],"wp:attachment":[{"href":"https:\/\/www.claret.cat\/es\/wp-json\/wp\/v2\/media?parent=122271"}],"wp:term":[{"taxonomy":"product_brand","embeddable":true,"href":"https:\/\/www.claret.cat\/es\/wp-json\/wp\/v2\/product_brand?post=122271"},{"taxonomy":"product_cat","embeddable":true,"href":"https:\/\/www.claret.cat\/es\/wp-json\/wp\/v2\/product_cat?post=122271"},{"taxonomy":"product_tag","embeddable":true,"href":"https:\/\/www.claret.cat\/es\/wp-json\/wp\/v2\/product_tag?post=122271"}],"curies":[{"name":"wp","href":"https:\/\/api.w.org\/{rel}","templated":true}]}}