{"id":122352,"date":"2022-10-12T16:46:38","date_gmt":"2022-10-12T14:46:38","guid":{"rendered":"http:\/\/dev.claret.cat\/producte\/30-segundos-antiguo-egipto\/"},"modified":"2023-01-28T09:39:08","modified_gmt":"2023-01-28T08:39:08","slug":"30-segundos-antiguo-egipto-9788417757632","status":"publish","type":"product","link":"https:\/\/www.claret.cat\/es\/libro\/30-segundos-antiguo-egipto-9788417757632\/","title":{"rendered":"30 SEGUNDOS. ANTIGUO EGIPTO"},"content":{"rendered":"<p>Viaja hacia atr\u00e1s en el tiempo y descubre hechos e informaci\u00f3n sobre una fascinante civilizaci\u00f3n antigua.  Con simp\u00e1ticas y coloridas ilustraciones y emocionantes minimisiones.  Una estupenda introducci\u00f3n a un mundo desaparecido hace mucho tiempo. Conoce 30 temas relacionados con el antiguo Egipto y por qu\u00e9 sabemos tanto de esta civilizaci\u00f3n surgida hace cinco mil a\u00f1os; explora la vida de la gente de a pie y de los dioses-reyes o faraones; aprende sobre los artesanos, los escribas y c\u00f3mo se le\u00edan los jerogl\u00edficos, y descubre c\u00f3mo se constru\u00edan las pir\u00e1mides y el porqu\u00e9 de las momias. Cada tema se presenta en un resumen breve de 30 segundos acompa\u00f1ado de una idea fundamental en 3 segundos e im\u00e1genes a todo color. Los temas se refuerzan con elementos activos divertidos para animar a los ni\u00f1os a participar, probar, explorar y descubrir m\u00e1s.<\/p>\n","protected":false},"excerpt":{"rendered":"<p>SENKER, CATH \/ WILLIAMSON, JACQUELYN<\/p>\n","protected":false},"featured_media":122353,"template":"","meta":{"_acf_changed":false,"om_disable_all_campaigns":false,"rs_blank_template":"","rs_page_bg_color":"","slide_template_v7":"","inline_featured_image":false,"_monsterinsights_skip_tracking":false,"_monsterinsights_sitenote_active":false,"_monsterinsights_sitenote_note":"","_monsterinsights_sitenote_category":0},"product_brand":[],"product_cat":[132],"product_tag":[],"class_list":{"0":"post-122352","1":"product","2":"type-product","3":"status-publish","4":"has-post-thumbnail","6":"product_cat-lectures-per-preadolescents-6-12-anys","8":"first","9":"instock","10":"taxable","11":"shipping-taxable","12":"purchasable","13":"product-type-simple"},"acf":{"autor":"SENKER, CATH \/ WILLIAMSON, JACQUELYN","codart":"841775763","libros-coleccion":"30 segundos","ediciones":"1","encuadernacion":"R\u00fastica","fecha_de_publicacion":"01\/11\/2019","novedad":"1","paginas":"96","subtitulo":"","orden":"0","portada":"0","idioma":"spa","editorial":[{"ID":147554,"post_author":"3","post_date":"2022-10-14 11:51:27","post_date_gmt":"2022-10-14 09:51:27","post_content":"","post_title":"BLUME (Naturart)","post_excerpt":"","post_status":"publish","comment_status":"closed","ping_status":"closed","post_password":"","post_name":"blume-naturart","to_ping":"","pinged":"","post_modified":"2022-10-14 11:51:27","post_modified_gmt":"2022-10-14 09:51:27","post_content_filtered":"","post_parent":0,"guid":"http:\/\/dev.claret.cat\/editorial\/blume-naturart\/","menu_order":0,"post_type":"editorial","post_mime_type":"","comment_count":"0","filter":"raw"}],"autores-libros":[{"ID":152577,"post_author":"3","post_date":"2022-10-14 14:49:53","post_date_gmt":"2022-10-14 12:49:53","post_content":"","post_title":"CATH SENKER","post_excerpt":"","post_status":"publish","comment_status":"closed","ping_status":"closed","post_password":"","post_name":"cath-senker","to_ping":"","pinged":"","post_modified":"2022-10-14 14:49:53","post_modified_gmt":"2022-10-14 12:49:53","post_content_filtered":"","post_parent":0,"guid":"http:\/\/dev.claret.cat\/autor\/cath-senker\/","menu_order":0,"post_type":"autor","post_mime_type":"","comment_count":"0","filter":"raw"},{"ID":158319,"post_author":"3","post_date":"2022-10-14 15:35:54","post_date_gmt":"2022-10-14 13:35:54","post_content":"","post_title":"JACQUELYN WILLIAMSON","post_excerpt":"","post_status":"publish","comment_status":"closed","ping_status":"closed","post_password":"","post_name":"jacquelyn-williamson","to_ping":"","pinged":"","post_modified":"2022-10-14 15:35:54","post_modified_gmt":"2022-10-14 13:35:54","post_content_filtered":"","post_parent":0,"guid":"http:\/\/dev.claret.cat\/autor\/jacquelyn-williamson\/","menu_order":0,"post_type":"autor","post_mime_type":"","comment_count":"0","filter":"raw"}]},"aioseo_notices":[],"_links":{"self":[{"href":"https:\/\/www.claret.cat\/es\/wp-json\/wp\/v2\/product\/122352","targetHints":{"allow":["GET"]}}],"collection":[{"href":"https:\/\/www.claret.cat\/es\/wp-json\/wp\/v2\/product"}],"about":[{"href":"https:\/\/www.claret.cat\/es\/wp-json\/wp\/v2\/types\/product"}],"wp:featuredmedia":[{"embeddable":true,"href":"https:\/\/www.claret.cat\/es\/wp-json\/wp\/v2\/media\/122353"}],"wp:attachment":[{"href":"https:\/\/www.claret.cat\/es\/wp-json\/wp\/v2\/media?parent=122352"}],"wp:term":[{"taxonomy":"product_brand","embeddable":true,"href":"https:\/\/www.claret.cat\/es\/wp-json\/wp\/v2\/product_brand?post=122352"},{"taxonomy":"product_cat","embeddable":true,"href":"https:\/\/www.claret.cat\/es\/wp-json\/wp\/v2\/product_cat?post=122352"},{"taxonomy":"product_tag","embeddable":true,"href":"https:\/\/www.claret.cat\/es\/wp-json\/wp\/v2\/product_tag?post=122352"}],"curies":[{"name":"wp","href":"https:\/\/api.w.org\/{rel}","templated":true}]}}