{"id":122358,"date":"2022-10-12T16:46:44","date_gmt":"2022-10-12T14:46:44","guid":{"rendered":"http:\/\/dev.claret.cat\/producte\/30-segons-antic-egipte\/"},"modified":"2023-01-28T04:33:46","modified_gmt":"2023-01-28T03:33:46","slug":"30-segons-antic-egipte-9788417757649","status":"publish","type":"product","link":"https:\/\/www.claret.cat\/es\/libro\/30-segons-antic-egipte-9788417757649\/","title":{"rendered":"30 SEGONS. ANTIC EGIPTE"},"content":{"rendered":"<p>Et convidem a viatjar enrere en el temps i a descobrir fets i dades sobre una civilitzaci\u00f3 antiga impressionant. * Amb unes il.lustracions divertides i plenes de color i minimissions d&#8221;all\u00f2 m\u00e9s emocionants. * Una magn\u00edfica introducci\u00f3 a un m\u00f3n que va desapar\u00e8ixer fa molt de temps. Llegeix 30 temes resumits sobre l&#8221;antic Egipte que et fascinaran; ent\u00e9n per qu\u00e8 sabem tant d&#8221;aquesta civilitzaci\u00f3 nascuda fa cinc mil anys; explora la vida de la gent del carrer i la dels faraons, considerats uns d\u00e9us reis; coneix qui eren els artesans i els escribes, i la interpretaci\u00f3 dels jerogl\u00edfics, i descobreix com es constru\u00efen les pir\u00e0mides i el sentit de les m\u00f2mies. Cada tema es presenta en un resum breu de 30 segons acompanyat d&#8221;una idea fonamental en 3 segons i imatges a tot color. Els temes es reforcen amb elements actius divertits per animar els nens a participar, provar, explorar i descobrir m\u00e9s.<\/p>\n","protected":false},"excerpt":{"rendered":"<p>SENKER, CATH \/ WILLIAMSON, JACQUELYN \/ EVANS, MELVYN<\/p>\n","protected":false},"featured_media":122359,"template":"","meta":{"_acf_changed":false,"om_disable_all_campaigns":false,"rs_blank_template":"","rs_page_bg_color":"","slide_template_v7":"","inline_featured_image":false,"_monsterinsights_skip_tracking":false,"_monsterinsights_sitenote_active":false,"_monsterinsights_sitenote_note":"","_monsterinsights_sitenote_category":0},"product_brand":[],"product_cat":[132],"product_tag":[],"class_list":{"0":"post-122358","1":"product","2":"type-product","3":"status-publish","4":"has-post-thumbnail","6":"product_cat-lectures-per-preadolescents-6-12-anys","8":"first","9":"instock","10":"taxable","11":"shipping-taxable","12":"purchasable","13":"product-type-simple"},"acf":{"autor":"SENKER, CATH \/ WILLIAMSON, JACQUELYN \/ EVANS, MELVYN","codart":"841775764","libros-coleccion":"30 segons","ediciones":"1","encuadernacion":"R\u00fastica","fecha_de_publicacion":"01\/11\/2019","novedad":"1","paginas":"96","subtitulo":"","orden":"0","portada":"0","idioma":"cat","editorial":[{"ID":147554,"post_author":"3","post_date":"2022-10-14 11:51:27","post_date_gmt":"2022-10-14 09:51:27","post_content":"","post_title":"BLUME (Naturart)","post_excerpt":"","post_status":"publish","comment_status":"closed","ping_status":"closed","post_password":"","post_name":"blume-naturart","to_ping":"","pinged":"","post_modified":"2022-10-14 11:51:27","post_modified_gmt":"2022-10-14 09:51:27","post_content_filtered":"","post_parent":0,"guid":"http:\/\/dev.claret.cat\/editorial\/blume-naturart\/","menu_order":0,"post_type":"editorial","post_mime_type":"","comment_count":"0","filter":"raw"}],"autores-libros":[{"ID":152577,"post_author":"3","post_date":"2022-10-14 14:49:53","post_date_gmt":"2022-10-14 12:49:53","post_content":"","post_title":"CATH SENKER","post_excerpt":"","post_status":"publish","comment_status":"closed","ping_status":"closed","post_password":"","post_name":"cath-senker","to_ping":"","pinged":"","post_modified":"2022-10-14 14:49:53","post_modified_gmt":"2022-10-14 12:49:53","post_content_filtered":"","post_parent":0,"guid":"http:\/\/dev.claret.cat\/autor\/cath-senker\/","menu_order":0,"post_type":"autor","post_mime_type":"","comment_count":"0","filter":"raw"},{"ID":158319,"post_author":"3","post_date":"2022-10-14 15:35:54","post_date_gmt":"2022-10-14 13:35:54","post_content":"","post_title":"JACQUELYN WILLIAMSON","post_excerpt":"","post_status":"publish","comment_status":"closed","ping_status":"closed","post_password":"","post_name":"jacquelyn-williamson","to_ping":"","pinged":"","post_modified":"2022-10-14 15:35:54","post_modified_gmt":"2022-10-14 13:35:54","post_content_filtered":"","post_parent":0,"guid":"http:\/\/dev.claret.cat\/autor\/jacquelyn-williamson\/","menu_order":0,"post_type":"autor","post_mime_type":"","comment_count":"0","filter":"raw"},{"ID":164666,"post_author":"3","post_date":"2022-10-14 17:48:55","post_date_gmt":"2022-10-14 15:48:55","post_content":"","post_title":"MELVYN EVANS","post_excerpt":"","post_status":"publish","comment_status":"closed","ping_status":"closed","post_password":"","post_name":"melvyn-evans","to_ping":"","pinged":"","post_modified":"2022-10-14 17:48:55","post_modified_gmt":"2022-10-14 15:48:55","post_content_filtered":"","post_parent":0,"guid":"http:\/\/dev.claret.cat\/autor\/melvyn-evans\/","menu_order":0,"post_type":"autor","post_mime_type":"","comment_count":"0","filter":"raw"}]},"aioseo_notices":[],"_links":{"self":[{"href":"https:\/\/www.claret.cat\/es\/wp-json\/wp\/v2\/product\/122358","targetHints":{"allow":["GET"]}}],"collection":[{"href":"https:\/\/www.claret.cat\/es\/wp-json\/wp\/v2\/product"}],"about":[{"href":"https:\/\/www.claret.cat\/es\/wp-json\/wp\/v2\/types\/product"}],"wp:featuredmedia":[{"embeddable":true,"href":"https:\/\/www.claret.cat\/es\/wp-json\/wp\/v2\/media\/122359"}],"wp:attachment":[{"href":"https:\/\/www.claret.cat\/es\/wp-json\/wp\/v2\/media?parent=122358"}],"wp:term":[{"taxonomy":"product_brand","embeddable":true,"href":"https:\/\/www.claret.cat\/es\/wp-json\/wp\/v2\/product_brand?post=122358"},{"taxonomy":"product_cat","embeddable":true,"href":"https:\/\/www.claret.cat\/es\/wp-json\/wp\/v2\/product_cat?post=122358"},{"taxonomy":"product_tag","embeddable":true,"href":"https:\/\/www.claret.cat\/es\/wp-json\/wp\/v2\/product_tag?post=122358"}],"curies":[{"name":"wp","href":"https:\/\/api.w.org\/{rel}","templated":true}]}}