{"id":122367,"date":"2022-10-12T16:46:52","date_gmt":"2022-10-12T14:46:52","guid":{"rendered":"http:\/\/dev.claret.cat\/producte\/historia-del-mundo-en-500-viajes-en-tren-una\/"},"modified":"2026-03-16T13:26:51","modified_gmt":"2026-03-16T12:26:51","slug":"historia-del-mundo-en-500-viajes-en-tren-una-9788417757847","status":"publish","type":"product","link":"https:\/\/www.claret.cat\/es\/libro\/historia-del-mundo-en-500-viajes-en-tren-una-9788417757847\/","title":{"rendered":"HISTORIA DEL MUNDO EN 500 VIAJES EN TREN, UNA"},"content":{"rendered":"<p>Una gu\u00eda que le llevar\u00e1 por monta\u00f1as, valles, colinas y ciudades, y en el camino le mostrar\u00e1 importantes paisajes de la historia del mundo. Con una amplia variedad de rutas ferroviarias, desde las largas y \u00e9picas transcontinentales hasta las locales m\u00e1s cortas, pero igualmente encantadoras, explora la evoluci\u00f3n del mundo natural y recorre el progreso de las antiguas civilizaciones, en un viaje a trav\u00e9s de los siglos que sigue las huellas de grandes exploradores y de personajes hist\u00f3ricos. Tanto si viaja en un lujoso coche cama con paneles de madera como si decide disfrutar de vistas maravillosas con un presupuesto m\u00e1s ajustado, todas las rutas lo llevar\u00e1n por el mundo en un gratificante viaje a trav\u00e9s del tiempo. Viajar en tren conserva un romanticismo que se ha perdido en gran parte de la vida moderna. Llegar a un lugar en tren sigue siendo parte de la diversi\u00f3n y, como muestran muchos de los ejemplos en este libro, se pueden hacer grandes viajes en tren a casi cualquier parte del mundo. Las experiencias pueden ser completamente diferentes. Desde el Glacier Express o el Transcant\u00e1brico hasta el Transiberia<\/p>\n","protected":false},"excerpt":{"rendered":"<p>BAXTER, SARAH<\/p>\n","protected":false},"featured_media":122368,"template":"","meta":{"_acf_changed":false,"om_disable_all_campaigns":false,"rs_blank_template":"","rs_page_bg_color":"","slide_template_v7":"","inline_featured_image":false,"_monsterinsights_skip_tracking":false,"_monsterinsights_sitenote_active":false,"_monsterinsights_sitenote_note":"","_monsterinsights_sitenote_category":0},"product_brand":[],"product_cat":[105,555],"product_tag":[],"class_list":{"0":"post-122367","1":"product","2":"type-product","3":"status-publish","4":"has-post-thumbnail","6":"product_cat-regal","7":"product_cat-regalo","9":"first","10":"instock","11":"taxable","12":"shipping-taxable","13":"purchasable","14":"product-type-simple"},"acf":{"autor":"BAXTER, SARAH","codart":"841775784","libros-coleccion":"GENERICA","ediciones":"1","encuadernacion":"Carpeta","fecha_de_publicacion":"01\/10\/2019","novedad":"1","paginas":"400","subtitulo":"","orden":"0","portada":"0","idioma":"spa","editorial":[{"ID":147554,"post_author":"3","post_date":"2022-10-14 11:51:27","post_date_gmt":"2022-10-14 09:51:27","post_content":"","post_title":"BLUME (Naturart)","post_excerpt":"","post_status":"publish","comment_status":"closed","ping_status":"closed","post_password":"","post_name":"blume-naturart","to_ping":"","pinged":"","post_modified":"2022-10-14 11:51:27","post_modified_gmt":"2022-10-14 09:51:27","post_content_filtered":"","post_parent":0,"guid":"http:\/\/dev.claret.cat\/editorial\/blume-naturart\/","menu_order":0,"post_type":"editorial","post_mime_type":"","comment_count":"0","filter":"raw"}],"autores-libros":[{"ID":169134,"post_author":"3","post_date":"2022-10-14 22:24:45","post_date_gmt":"2022-10-14 20:24:45","post_content":"","post_title":"SARAH BAXTER","post_excerpt":"","post_status":"publish","comment_status":"closed","ping_status":"closed","post_password":"","post_name":"sarah-baxter","to_ping":"","pinged":"","post_modified":"2022-10-14 22:24:45","post_modified_gmt":"2022-10-14 20:24:45","post_content_filtered":"","post_parent":0,"guid":"http:\/\/dev.claret.cat\/autor\/sarah-baxter\/","menu_order":0,"post_type":"autor","post_mime_type":"","comment_count":"0","filter":"raw"}],"booktrailer":"","resenas":""},"aioseo_notices":[],"_links":{"self":[{"href":"https:\/\/www.claret.cat\/es\/wp-json\/wp\/v2\/product\/122367","targetHints":{"allow":["GET"]}}],"collection":[{"href":"https:\/\/www.claret.cat\/es\/wp-json\/wp\/v2\/product"}],"about":[{"href":"https:\/\/www.claret.cat\/es\/wp-json\/wp\/v2\/types\/product"}],"wp:featuredmedia":[{"embeddable":true,"href":"https:\/\/www.claret.cat\/es\/wp-json\/wp\/v2\/media\/122368"}],"wp:attachment":[{"href":"https:\/\/www.claret.cat\/es\/wp-json\/wp\/v2\/media?parent=122367"}],"wp:term":[{"taxonomy":"product_brand","embeddable":true,"href":"https:\/\/www.claret.cat\/es\/wp-json\/wp\/v2\/product_brand?post=122367"},{"taxonomy":"product_cat","embeddable":true,"href":"https:\/\/www.claret.cat\/es\/wp-json\/wp\/v2\/product_cat?post=122367"},{"taxonomy":"product_tag","embeddable":true,"href":"https:\/\/www.claret.cat\/es\/wp-json\/wp\/v2\/product_tag?post=122367"}],"curies":[{"name":"wp","href":"https:\/\/api.w.org\/{rel}","templated":true}]}}