{"id":12237,"date":"2022-10-01T21:55:39","date_gmt":"2022-10-01T19:55:39","guid":{"rendered":"http:\/\/dev.claret.cat\/producte\/lo-mejor-de-italia-5\/"},"modified":"2023-01-28T20:11:19","modified_gmt":"2023-01-28T19:11:19","slug":"lo-mejor-de-italia-5-9788408185345","status":"publish","type":"product","link":"https:\/\/www.claret.cat\/es\/libro\/lo-mejor-de-italia-5-9788408185345\/","title":{"rendered":"LO MEJOR DE ITALIA 5"},"content":{"rendered":"<p>Con algunas de las mejores obras de arte y arquitectura del mundo, Italia entusiasma, inspira y emociona por partes iguales. Las 20 regiones del pa\u00eds parecen estados independientes, con sus propias tradiciones y su magn\u00edfica cocina. Los puntos fuertes de Italia van m\u00e1s all\u00e1 de sus galer\u00edas, restaurantes y boutiques. El pa\u00eds tambi\u00e9n es una obra de arte de la madre naturaleza y su geograf\u00eda ofrece una diversidad extraordinaria, desde los nevados Alpes al norte a los cr\u00e1teres volc\u00e1nicos del sur.<\/p>\n","protected":false},"excerpt":{"rendered":"<p>BONETTO, CRISTIAN \/ DRAGICEVICH, PETER \/ GARWOOD, DUNCAN \/ HARDY, PAULA \/ MAXWE<\/p>\n","protected":false},"featured_media":64596,"template":"","meta":{"_acf_changed":false,"om_disable_all_campaigns":false,"rs_blank_template":"","rs_page_bg_color":"","slide_template_v7":"","inline_featured_image":false,"_monsterinsights_skip_tracking":false,"_monsterinsights_sitenote_active":false,"_monsterinsights_sitenote_note":"","_monsterinsights_sitenote_category":0},"product_brand":[],"product_cat":[107],"product_tag":[],"class_list":{"0":"post-12237","1":"product","2":"type-product","3":"status-publish","4":"has-post-thumbnail","6":"product_cat-guies-de-viatge","8":"first","9":"instock","10":"taxable","11":"shipping-taxable","12":"purchasable","13":"product-type-simple"},"acf":{"autor":"BONETTO, CRISTIAN \/ DRAGICEVICH, PETER \/ GARWOOD, DUNCAN \/ HARDY, PAULA \/ MAXWE","codart":"840818534","libros-coleccion":"FORA DE COL.LECCI\u00d3","ediciones":"1","encuadernacion":"R\u00fastica","fecha_de_publicacion":"01\/09\/2018","novedad":"1","paginas":"356","subtitulo":"EXPERIENCIAS Y LUGARES AUT\u00c9NTICOS","orden":"0","portada":"0","idioma":"spa","editorial":[{"ID":6233,"post_author":"3","post_date":"2022-07-28 17:47:48","post_date_gmt":"2022-07-28 15:47:48","post_content":"","post_title":"EDITORIAL PLANETA","post_excerpt":"","post_status":"publish","comment_status":"closed","ping_status":"closed","post_password":"","post_name":"editorial-planeta","to_ping":"","pinged":"","post_modified":"2022-07-28 17:47:48","post_modified_gmt":"2022-07-28 15:47:48","post_content_filtered":"","post_parent":0,"guid":"http:\/\/dev.claret.cat\/editorial\/editorial-planeta\/","menu_order":0,"post_type":"editorial","post_mime_type":"","comment_count":"0","filter":"raw"}],"autores-libros":[{"ID":166779,"post_author":"3","post_date":"2022-10-14 18:05:59","post_date_gmt":"2022-10-14 16:05:59","post_content":"","post_title":"PAULA HARDY","post_excerpt":"","post_status":"publish","comment_status":"closed","ping_status":"closed","post_password":"","post_name":"paula-hardy","to_ping":"","pinged":"","post_modified":"2022-10-14 18:05:59","post_modified_gmt":"2022-10-14 16:05:59","post_content_filtered":"","post_parent":0,"guid":"http:\/\/dev.claret.cat\/autor\/paula-hardy\/","menu_order":0,"post_type":"autor","post_mime_type":"","comment_count":"0","filter":"raw"},{"ID":154426,"post_author":"3","post_date":"2022-10-14 15:04:43","post_date_gmt":"2022-10-14 13:04:43","post_content":"","post_title":"DUNCAN GARWOOD","post_excerpt":"","post_status":"publish","comment_status":"closed","ping_status":"closed","post_password":"","post_name":"duncan-garwood","to_ping":"","pinged":"","post_modified":"2022-10-14 15:04:43","post_modified_gmt":"2022-10-14 13:04:43","post_content_filtered":"","post_parent":0,"guid":"http:\/\/dev.claret.cat\/autor\/duncan-garwood\/","menu_order":0,"post_type":"autor","post_mime_type":"","comment_count":"0","filter":"raw"},{"ID":167087,"post_author":"3","post_date":"2022-10-14 18:08:26","post_date_gmt":"2022-10-14 16:08:26","post_content":"","post_title":"PETER DRAGICEVICH","post_excerpt":"","post_status":"publish","comment_status":"closed","ping_status":"closed","post_password":"","post_name":"peter-dragicevich","to_ping":"","pinged":"","post_modified":"2022-10-14 18:08:26","post_modified_gmt":"2022-10-14 16:08:26","post_content_filtered":"","post_parent":0,"guid":"http:\/\/dev.claret.cat\/autor\/peter-dragicevich\/","menu_order":0,"post_type":"autor","post_mime_type":"","comment_count":"0","filter":"raw"},{"ID":164574,"post_author":"3","post_date":"2022-10-14 17:48:10","post_date_gmt":"2022-10-14 15:48:10","post_content":"","post_title":"MAXWE","post_excerpt":"","post_status":"publish","comment_status":"closed","ping_status":"closed","post_password":"","post_name":"maxwe","to_ping":"","pinged":"","post_modified":"2022-10-14 17:48:10","post_modified_gmt":"2022-10-14 15:48:10","post_content_filtered":"","post_parent":0,"guid":"http:\/\/dev.claret.cat\/autor\/maxwe\/","menu_order":0,"post_type":"autor","post_mime_type":"","comment_count":"0","filter":"raw"},{"ID":153287,"post_author":"3","post_date":"2022-10-14 14:55:34","post_date_gmt":"2022-10-14 12:55:34","post_content":"","post_title":"CRISTIAN BONETTO","post_excerpt":"","post_status":"publish","comment_status":"closed","ping_status":"closed","post_password":"","post_name":"cristian-bonetto","to_ping":"","pinged":"","post_modified":"2022-10-14 14:55:34","post_modified_gmt":"2022-10-14 12:55:34","post_content_filtered":"","post_parent":0,"guid":"http:\/\/dev.claret.cat\/autor\/cristian-bonetto\/","menu_order":0,"post_type":"autor","post_mime_type":"","comment_count":"0","filter":"raw"}]},"aioseo_notices":[],"_links":{"self":[{"href":"https:\/\/www.claret.cat\/es\/wp-json\/wp\/v2\/product\/12237","targetHints":{"allow":["GET"]}}],"collection":[{"href":"https:\/\/www.claret.cat\/es\/wp-json\/wp\/v2\/product"}],"about":[{"href":"https:\/\/www.claret.cat\/es\/wp-json\/wp\/v2\/types\/product"}],"wp:featuredmedia":[{"embeddable":true,"href":"https:\/\/www.claret.cat\/es\/wp-json\/wp\/v2\/media\/64596"}],"wp:attachment":[{"href":"https:\/\/www.claret.cat\/es\/wp-json\/wp\/v2\/media?parent=12237"}],"wp:term":[{"taxonomy":"product_brand","embeddable":true,"href":"https:\/\/www.claret.cat\/es\/wp-json\/wp\/v2\/product_brand?post=12237"},{"taxonomy":"product_cat","embeddable":true,"href":"https:\/\/www.claret.cat\/es\/wp-json\/wp\/v2\/product_cat?post=12237"},{"taxonomy":"product_tag","embeddable":true,"href":"https:\/\/www.claret.cat\/es\/wp-json\/wp\/v2\/product_tag?post=12237"}],"curies":[{"name":"wp","href":"https:\/\/api.w.org\/{rel}","templated":true}]}}