{"id":122587,"date":"2022-10-12T16:50:19","date_gmt":"2022-10-12T14:50:19","guid":{"rendered":"http:\/\/dev.claret.cat\/producte\/the-legend-of-zelda-breath-of-the-wild\/"},"modified":"2024-06-11T11:00:19","modified_gmt":"2024-06-11T09:00:19","slug":"the-legend-of-zelda-breath-of-the-wild-9788467938418","status":"publish","type":"product","link":"https:\/\/www.claret.cat\/es\/libro\/the-legend-of-zelda-breath-of-the-wild-9788467938418\/","title":{"rendered":"THE LEGEND OF ZELDA: BREATH OF THE WILD"},"content":{"rendered":"<p>\u00a1AD\u00c9NTRATE EN EL MUNDO DE HYRULE Y NO TE  PIERDAS ESTA EDICI\u00d3N!  Esta aventura empieza con m\u00e1s de 50 p\u00e1ginas cuajadas de bocetos,  ilustraciones promocionales y arte conceptual de mano  del dise\u00f1ador Takumi Wada. Tambi\u00e9n podr\u00e1s explorar m\u00e1s de  300 p\u00e1gin<\/p>\n","protected":false},"excerpt":{"rendered":"<p>SHIGERU MIYAMOTO, EIJI AONUMA,<\/p>\n","protected":false},"featured_media":969799,"template":"","meta":{"_acf_changed":false,"om_disable_all_campaigns":false,"rs_blank_template":"","rs_page_bg_color":"","slide_template_v7":"","inline_featured_image":false,"_monsterinsights_skip_tracking":false,"_monsterinsights_sitenote_active":false,"_monsterinsights_sitenote_note":"","_monsterinsights_sitenote_category":0},"product_brand":[],"product_cat":[115,564],"product_tag":[],"class_list":{"0":"post-122587","1":"product","2":"type-product","3":"status-publish","4":"has-post-thumbnail","6":"product_cat-videojocs","7":"product_cat-videojuegos","9":"first","10":"outofstock","11":"taxable","12":"shipping-taxable","13":"purchasable","14":"product-type-simple"},"acf":{"editorial":[{"ID":6315,"post_author":"3","post_date":"2022-07-28 17:49:33","post_date_gmt":"2022-07-28 15:49:33","post_content":"","post_title":"NORMA EDITORIAL S.A","post_excerpt":"","post_status":"publish","comment_status":"closed","ping_status":"closed","post_password":"","post_name":"norma-editorial-s-a","to_ping":"","pinged":"","post_modified":"2022-07-28 17:49:33","post_modified_gmt":"2022-07-28 15:49:33","post_content_filtered":"","post_parent":0,"guid":"http:\/\/dev.claret.cat\/editorial\/norma-editorial-s-a\/","menu_order":0,"post_type":"editorial","post_mime_type":"","comment_count":"0","filter":"raw"}],"autor":"SHIGERU MIYAMOTO, EIJI AONUMA,","codart":"846793841","libros-coleccion":"ZELDA","ediciones":"1","encuadernacion":"Carpeta","fecha_de_publicacion":"01\/10\/2019","novedad":"1","paginas":"0","subtitulo":"THE ZELDA OF ZELDA: BREATH OF THE WILD","orden":"0","portada":"0","idioma":"spa","autores-libros":[{"ID":154651,"post_author":"3","post_date":"2022-10-14 15:06:31","post_date_gmt":"2022-10-14 13:06:31","post_content":"","post_title":"EIJI AONUMA SHIGERU MIYAMOTO","post_excerpt":"","post_status":"publish","comment_status":"closed","ping_status":"closed","post_password":"","post_name":"eiji-aonuma-shigeru-miyamoto","to_ping":"","pinged":"","post_modified":"2022-10-14 15:06:31","post_modified_gmt":"2022-10-14 13:06:31","post_content_filtered":"","post_parent":0,"guid":"http:\/\/dev.claret.cat\/autor\/eiji-aonuma-shigeru-miyamoto\/","menu_order":0,"post_type":"autor","post_mime_type":"","comment_count":"0","filter":"raw"}]},"aioseo_notices":[],"_links":{"self":[{"href":"https:\/\/www.claret.cat\/es\/wp-json\/wp\/v2\/product\/122587","targetHints":{"allow":["GET"]}}],"collection":[{"href":"https:\/\/www.claret.cat\/es\/wp-json\/wp\/v2\/product"}],"about":[{"href":"https:\/\/www.claret.cat\/es\/wp-json\/wp\/v2\/types\/product"}],"wp:featuredmedia":[{"embeddable":true,"href":"https:\/\/www.claret.cat\/es\/wp-json\/wp\/v2\/media\/969799"}],"wp:attachment":[{"href":"https:\/\/www.claret.cat\/es\/wp-json\/wp\/v2\/media?parent=122587"}],"wp:term":[{"taxonomy":"product_brand","embeddable":true,"href":"https:\/\/www.claret.cat\/es\/wp-json\/wp\/v2\/product_brand?post=122587"},{"taxonomy":"product_cat","embeddable":true,"href":"https:\/\/www.claret.cat\/es\/wp-json\/wp\/v2\/product_cat?post=122587"},{"taxonomy":"product_tag","embeddable":true,"href":"https:\/\/www.claret.cat\/es\/wp-json\/wp\/v2\/product_tag?post=122587"}],"curies":[{"name":"wp","href":"https:\/\/api.w.org\/{rel}","templated":true}]}}