{"id":122620,"date":"2022-10-12T16:50:49","date_gmt":"2022-10-12T14:50:49","guid":{"rendered":"http:\/\/dev.claret.cat\/producte\/marcs-de-guerra\/"},"modified":"2023-01-28T20:10:22","modified_gmt":"2023-01-28T19:10:22","slug":"marcs-de-guerra-9788417214906","status":"publish","type":"product","link":"https:\/\/www.claret.cat\/es\/libro\/marcs-de-guerra-9788417214906\/","title":{"rendered":"MARCS DE GUERRA"},"content":{"rendered":"<p>Judith Butler, una dels intel\u00b7lectuals m\u00e9s influents del m\u00f3n, explora com en un context b\u00e8l\u00b7lic Occident determina quines vides mereixen ser plorades -les pr\u00f2pies- i quines no -les dels ex\u00e8rcits enemics. I critica que siguin els mitjans de comunicaci\u00f3, esdevinguts part activa de la guerra, els que ho presentin aix\u00ed, cosa que afavoreix l&#8221;hostilitat sense remordiments cap als pa\u00efsos que no s&#8221;ajusten a la norma occidental d&#8221;all\u00f2 que \u00e9s hum\u00e0, ja que en certa manera deshumanitza els habitants d&#8221;aquells pa\u00efsos.  Escrit amb el rerefons de les guerres de l&#8221;Iraq i l&#8221;Afganistan i, tamb\u00e9, de les atrocitats comeses a les presons de Guant\u00e1namo i Abu Ghraib, Butler demana repensar les pol\u00edtiques progressistes, oposar-se a les accions militars intervencionistes il\u00b7leg\u00edtimes i arbitr\u00e0ries, i establir condicions perqu\u00e8 la viol\u00e8ncia sigui menys viable i la vida m\u00e9s vivible.  \u00abReconeguda arreu del m\u00f3n per les decisives aportacions a la teoria del g\u00e8nere, aix\u00ed com per aquestes reflexions plenes de coratge pol\u00edtic sobre temes com la vulnerabilitat i la precarietat de les vides, el dol p\u00fablic, la guerra, la tortura o el nacionalisme, o la difer\u00e8ncia entre la viol\u00e8ncia leg\u00edtima de l&#8221;Estat i el terrorisme, Butler mant\u00e9 una relaci\u00f3 ben viva amb el nostre context.\u00bb (De la introducci\u00f3)<\/p>\n","protected":false},"excerpt":{"rendered":"<p>BUTLER, JUDITH<\/p>\n","protected":false},"featured_media":317895,"template":"","meta":{"_acf_changed":false,"om_disable_all_campaigns":false,"rs_blank_template":"","rs_page_bg_color":"","slide_template_v7":"","inline_featured_image":false,"_monsterinsights_skip_tracking":false,"_monsterinsights_sitenote_active":false,"_monsterinsights_sitenote_note":"","_monsterinsights_sitenote_category":0},"product_brand":[],"product_cat":[434,159],"product_tag":[],"class_list":{"0":"post-122620","1":"product","2":"type-product","3":"status-publish","4":"has-post-thumbnail","6":"product_cat-autores-sociologia-2_humanidades","7":"product_cat-autors","9":"first","10":"instock","11":"taxable","12":"shipping-taxable","13":"purchasable","14":"product-type-simple"},"acf":{"editorial":[{"ID":6122,"post_author":"3","post_date":"2022-07-28 17:45:22","post_date_gmt":"2022-07-28 15:45:22","post_content":"","post_title":"ANGLE EDITORIAL","post_excerpt":"","post_status":"publish","comment_status":"closed","ping_status":"closed","post_password":"","post_name":"angle-editorial","to_ping":"","pinged":"","post_modified":"2022-07-28 17:45:22","post_modified_gmt":"2022-07-28 15:45:22","post_content_filtered":"","post_parent":0,"guid":"http:\/\/dev.claret.cat\/editorial\/angle-editorial\/","menu_order":0,"post_type":"editorial","post_mime_type":"","comment_count":"0","filter":"raw"}],"autor":"BUTLER, JUDITH","codart":"841721490","libros-coleccion":"Cl\u00e0ssics de la pau i la noviol\u00e8ncia","ediciones":"1","encuadernacion":"R\u00fastica","fecha_de_publicacion":"01\/11\/2019","novedad":"1","paginas":"270","subtitulo":"QUINES VIDES PLOREM?","orden":"0","portada":"0","idioma":"cat","autores-libros":[{"ID":161213,"post_author":"3","post_date":"2022-10-14 17:16:24","post_date_gmt":"2022-10-14 15:16:24","post_content":"","post_title":"JUDITH BUTLER","post_excerpt":"","post_status":"publish","comment_status":"closed","ping_status":"closed","post_password":"","post_name":"judith-butler","to_ping":"","pinged":"","post_modified":"2022-10-14 17:16:24","post_modified_gmt":"2022-10-14 15:16:24","post_content_filtered":"","post_parent":0,"guid":"http:\/\/dev.claret.cat\/autor\/judith-butler\/","menu_order":0,"post_type":"autor","post_mime_type":"","comment_count":"0","filter":"raw"}]},"aioseo_notices":[],"_links":{"self":[{"href":"https:\/\/www.claret.cat\/es\/wp-json\/wp\/v2\/product\/122620","targetHints":{"allow":["GET"]}}],"collection":[{"href":"https:\/\/www.claret.cat\/es\/wp-json\/wp\/v2\/product"}],"about":[{"href":"https:\/\/www.claret.cat\/es\/wp-json\/wp\/v2\/types\/product"}],"wp:featuredmedia":[{"embeddable":true,"href":"https:\/\/www.claret.cat\/es\/wp-json\/wp\/v2\/media\/317895"}],"wp:attachment":[{"href":"https:\/\/www.claret.cat\/es\/wp-json\/wp\/v2\/media?parent=122620"}],"wp:term":[{"taxonomy":"product_brand","embeddable":true,"href":"https:\/\/www.claret.cat\/es\/wp-json\/wp\/v2\/product_brand?post=122620"},{"taxonomy":"product_cat","embeddable":true,"href":"https:\/\/www.claret.cat\/es\/wp-json\/wp\/v2\/product_cat?post=122620"},{"taxonomy":"product_tag","embeddable":true,"href":"https:\/\/www.claret.cat\/es\/wp-json\/wp\/v2\/product_tag?post=122620"}],"curies":[{"name":"wp","href":"https:\/\/api.w.org\/{rel}","templated":true}]}}