{"id":122656,"date":"2022-10-12T16:51:22","date_gmt":"2022-10-12T14:51:22","guid":{"rendered":"http:\/\/dev.claret.cat\/producte\/fierro\/"},"modified":"2023-01-28T00:17:23","modified_gmt":"2023-01-27T23:17:23","slug":"fierro-9788435063500","status":"publish","type":"product","link":"https:\/\/www.claret.cat\/es\/libro\/fierro-9788435063500\/","title":{"rendered":"FIERRO"},"content":{"rendered":"<p>EN LA FRONTERA NO HAY M\u00c1S LEY QUE EL HIERRO<\/p>\n<p> Lo llamaban Fierro. Y era mentira. La verdad era su pasado y el pasado, una condena que prefer\u00eda olvidar. No ten\u00eda nada, ni siquiera futuro. Por eso viv\u00eda en la frontera, un pedazo incierto de tierra olvidado por todos, un lugar maldito donde moros y cristianos sembraban muerte a su antojo. Su \u00fanico consuelo eran las colmenas. A ella, perdida en aquel amargo pasado, siempre le gust\u00f3 la miel.<\/p>\n<p> Ahora ese pasado cabalga de nuevo hacia \u00e9l; con la espada al cinto, dispuesto a atormentarlo. Una vez m\u00e1s. Y, cuando su antiguo compa\u00f1ero de armas lo encuentra, sabe que no tiene escapatoria. La guerra se cruza de nuevo en su camino. Se prepara la batalla m\u00e1s grande jam\u00e1s contada y \u00e9l marcar\u00e1 la ruta. Lo har\u00e1 por una \u00fanica raz\u00f3n: ella. Como antes, como siempre, \u00e9l ser\u00e1 el atajador de los ej\u00e9rcitos de Castilla. Y su \u00fanica esperanza estar\u00e1 en manos de un enemigo<\/p>\n<p> \u00c9sta es la historia de un hombre; uno cansado, blasfemo y solitario. Un hombre acabado, sin esperanza y, pese a todo, un valiente. Un atajador en la frontera, en tiempos de la Reconquista.<\/p>\n<p> Recordar\u00e1s su nombre.<\/p>\n","protected":false},"excerpt":{"rendered":"<p>NARLA, FRANCISCO<\/p>\n","protected":false},"featured_media":122657,"template":"","meta":{"_acf_changed":false,"om_disable_all_campaigns":false,"rs_blank_template":"","rs_page_bg_color":"","slide_template_v7":"","inline_featured_image":false,"_monsterinsights_skip_tracking":false,"_monsterinsights_sitenote_active":false,"_monsterinsights_sitenote_note":"","_monsterinsights_sitenote_category":0},"product_brand":[],"product_cat":[130],"product_tag":[],"class_list":{"0":"post-122656","1":"product","2":"type-product","3":"status-publish","4":"has-post-thumbnail","6":"product_cat-novella-historica-i-ficcio","8":"first","9":"instock","10":"taxable","11":"shipping-taxable","12":"purchasable","13":"product-type-simple"},"acf":{"autor":"NARLA, FRANCISCO","codart":"843506350","libros-coleccion":"Narrativas Hist\u00f3ricas","ediciones":"1","encuadernacion":"Carton\u00e9","fecha_de_publicacion":"01\/10\/2019","novedad":"1","paginas":"384","subtitulo":"","orden":"0","portada":"0","idioma":"spa","editorial":[{"ID":147907,"post_author":"3","post_date":"2022-10-14 11:54:08","post_date_gmt":"2022-10-14 09:54:08","post_content":"","post_title":"Editora y Distribuidora Hispano American","post_excerpt":"","post_status":"publish","comment_status":"closed","ping_status":"closed","post_password":"","post_name":"editora-y-distribuidora-hispano-american","to_ping":"","pinged":"","post_modified":"2022-10-14 11:54:08","post_modified_gmt":"2022-10-14 09:54:08","post_content_filtered":"","post_parent":0,"guid":"http:\/\/dev.claret.cat\/editorial\/editora-y-distribuidora-hispano-american\/","menu_order":0,"post_type":"editorial","post_mime_type":"","comment_count":"0","filter":"raw"}],"autores-libros":[{"ID":156288,"post_author":"3","post_date":"2022-10-14 15:19:36","post_date_gmt":"2022-10-14 13:19:36","post_content":"","post_title":"FRANCISCO NARLA","post_excerpt":"","post_status":"publish","comment_status":"closed","ping_status":"closed","post_password":"","post_name":"francisco-narla","to_ping":"","pinged":"","post_modified":"2022-10-14 15:19:36","post_modified_gmt":"2022-10-14 13:19:36","post_content_filtered":"","post_parent":0,"guid":"http:\/\/dev.claret.cat\/autor\/francisco-narla\/","menu_order":0,"post_type":"autor","post_mime_type":"","comment_count":"0","filter":"raw"}]},"aioseo_notices":[],"_links":{"self":[{"href":"https:\/\/www.claret.cat\/es\/wp-json\/wp\/v2\/product\/122656","targetHints":{"allow":["GET"]}}],"collection":[{"href":"https:\/\/www.claret.cat\/es\/wp-json\/wp\/v2\/product"}],"about":[{"href":"https:\/\/www.claret.cat\/es\/wp-json\/wp\/v2\/types\/product"}],"wp:featuredmedia":[{"embeddable":true,"href":"https:\/\/www.claret.cat\/es\/wp-json\/wp\/v2\/media\/122657"}],"wp:attachment":[{"href":"https:\/\/www.claret.cat\/es\/wp-json\/wp\/v2\/media?parent=122656"}],"wp:term":[{"taxonomy":"product_brand","embeddable":true,"href":"https:\/\/www.claret.cat\/es\/wp-json\/wp\/v2\/product_brand?post=122656"},{"taxonomy":"product_cat","embeddable":true,"href":"https:\/\/www.claret.cat\/es\/wp-json\/wp\/v2\/product_cat?post=122656"},{"taxonomy":"product_tag","embeddable":true,"href":"https:\/\/www.claret.cat\/es\/wp-json\/wp\/v2\/product_tag?post=122656"}],"curies":[{"name":"wp","href":"https:\/\/api.w.org\/{rel}","templated":true}]}}