{"id":122683,"date":"2022-10-12T16:51:46","date_gmt":"2022-10-12T14:51:46","guid":{"rendered":"http:\/\/dev.claret.cat\/producte\/conocer-la-meteorologia-2\/"},"modified":"2023-01-28T19:53:35","modified_gmt":"2023-01-28T18:53:35","slug":"conocer-la-meteorologia-9788491816836","status":"publish","type":"product","link":"https:\/\/www.claret.cat\/es\/libro\/conocer-la-meteorologia-9788491816836\/","title":{"rendered":"CONOCER LA METEOROLOG\u00cdA"},"content":{"rendered":"<p>&#8216; Conocer la Meteorolog\u00eda &#8216;  es una obra actualizada, moderna, rigurosa y asequible a todo tipo de lectores sobre Meteorolog\u00eda y, por extensi\u00f3n, clima y cambio clim\u00e1tico. Una de sus singularidades, que la hace \u00fanica, es la combinaci\u00f3n de t\u00e9rminos cient\u00edficos y vocabulario de uso com\u00fan (meteorolog\u00eda popular), ofreciendo un total de 2.000 voces. Completan el diccionario 25 cuadros de texto de corte divulgativo, intercalados a lo largo del corpus, as\u00ed como m\u00e1s de 200 im\u00e1genes a color, explicativas y sugerentes, que, aparte de ilustrar muchas definiciones, ofrecen una perspectiva sorprendente de los fen\u00f3menos atmosf\u00e9ricos que ocurren sobre la superficie de nuestro planeta y m\u00e1s all\u00e1.<\/p>\n<p> Gracias a su car\u00e1cter enciclop\u00e9dico, al rigor y sencillez expositiva de sus contenidos y al uso pedag\u00f3gico de cientos de im\u00e1genes, este diccionario ilustrado del tiempo y el clima se ofrece como una obra de consulta obligada para todas las personas en la Meteorolog\u00eda, tanto climat\u00f3logos y comunicadores del tiempo, como periodistas, educadores ambientales, profesores y estudiantes de distintos niveles educativos (3.\u00ba y 4.\u00ba de la ESO, Bachillerato y universidad).<\/p>\n","protected":false},"excerpt":{"rendered":"<p>VI\u00d1AS, JOS\u00c9 MIGUEL<\/p>\n","protected":false},"featured_media":122684,"template":"","meta":{"_acf_changed":false,"om_disable_all_campaigns":false,"rs_blank_template":"","rs_page_bg_color":"","slide_template_v7":"","inline_featured_image":false,"_monsterinsights_skip_tracking":false,"_monsterinsights_sitenote_active":false,"_monsterinsights_sitenote_note":"","_monsterinsights_sitenote_category":0},"product_brand":[],"product_cat":[98],"product_tag":[],"class_list":{"0":"post-122683","1":"product","2":"type-product","3":"status-publish","4":"has-post-thumbnail","6":"product_cat-diccionaris","8":"first","9":"instock","10":"taxable","11":"shipping-taxable","12":"purchasable","13":"product-type-simple"},"acf":{"editorial":[{"ID":6119,"post_author":"3","post_date":"2022-07-28 17:45:18","post_date_gmt":"2022-07-28 15:45:18","post_content":"","post_title":"Alianza Editorial","post_excerpt":"","post_status":"publish","comment_status":"closed","ping_status":"closed","post_password":"","post_name":"alianza-editorial","to_ping":"","pinged":"","post_modified":"2022-07-28 17:45:18","post_modified_gmt":"2022-07-28 15:45:18","post_content_filtered":"","post_parent":0,"guid":"http:\/\/dev.claret.cat\/editorial\/alianza-editorial\/","menu_order":0,"post_type":"editorial","post_mime_type":"","comment_count":"0","filter":"raw"}],"autor":"VI\u00d1AS, JOS\u00c9 MIGUEL","codart":"849181683","libros-coleccion":"Libros Singulares (Ls)","ediciones":"1","encuadernacion":"Carton\u00e9","fecha_de_publicacion":"01\/10\/2019","novedad":"1","paginas":"437","subtitulo":"DICCIONARIO ILUSTRADO DEL TIEMPO Y EL CLIMA","orden":"0","portada":"0","idioma":"spa","autores-libros":[{"ID":160516,"post_author":"3","post_date":"2022-10-14 15:53:42","post_date_gmt":"2022-10-14 13:53:42","post_content":"","post_title":"JOSE MIGUEL VI\u00d1AS","post_excerpt":"","post_status":"publish","comment_status":"closed","ping_status":"closed","post_password":"","post_name":"jose-miguel-vinas","to_ping":"","pinged":"","post_modified":"2022-10-14 15:53:42","post_modified_gmt":"2022-10-14 13:53:42","post_content_filtered":"","post_parent":0,"guid":"http:\/\/dev.claret.cat\/autor\/jose-miguel-vinas\/","menu_order":0,"post_type":"autor","post_mime_type":"","comment_count":"0","filter":"raw"}]},"aioseo_notices":[],"_links":{"self":[{"href":"https:\/\/www.claret.cat\/es\/wp-json\/wp\/v2\/product\/122683","targetHints":{"allow":["GET"]}}],"collection":[{"href":"https:\/\/www.claret.cat\/es\/wp-json\/wp\/v2\/product"}],"about":[{"href":"https:\/\/www.claret.cat\/es\/wp-json\/wp\/v2\/types\/product"}],"wp:featuredmedia":[{"embeddable":true,"href":"https:\/\/www.claret.cat\/es\/wp-json\/wp\/v2\/media\/122684"}],"wp:attachment":[{"href":"https:\/\/www.claret.cat\/es\/wp-json\/wp\/v2\/media?parent=122683"}],"wp:term":[{"taxonomy":"product_brand","embeddable":true,"href":"https:\/\/www.claret.cat\/es\/wp-json\/wp\/v2\/product_brand?post=122683"},{"taxonomy":"product_cat","embeddable":true,"href":"https:\/\/www.claret.cat\/es\/wp-json\/wp\/v2\/product_cat?post=122683"},{"taxonomy":"product_tag","embeddable":true,"href":"https:\/\/www.claret.cat\/es\/wp-json\/wp\/v2\/product_tag?post=122683"}],"curies":[{"name":"wp","href":"https:\/\/api.w.org\/{rel}","templated":true}]}}