{"id":122743,"date":"2022-10-12T16:52:42","date_gmt":"2022-10-12T14:52:42","guid":{"rendered":"http:\/\/dev.claret.cat\/producte\/el-nos-amo-primero\/"},"modified":"2026-04-01T08:41:13","modified_gmt":"2026-04-01T06:41:13","slug":"el-nos-amo-primero-9788429328875","status":"publish","type":"product","link":"https:\/\/www.claret.cat\/es\/libro\/el-nos-amo-primero-9788429328875\/","title":{"rendered":"\u00c9L NOS AM\u00d3 PRIMERO"},"content":{"rendered":"<p>He aqu\u00ed un libro de espiritualidad, fruto de meditaciones realizadas durante muchos a\u00f1os, en diversos continentes y entre los m\u00e1s variados pueblos. La reflexi\u00f3n, brotada de un hondo conocimiento de la Escritura y de una serie de experiencias compartidas, nos muestra hasta qu\u00e9 punto dependemos los unos de los otros en todos los \u00e1mbitos de la vida, pero especialmente en el de la fe.<\/p>\n<p>Hay en este libro tal desbordamiento de amor, de fe, de intuici\u00f3n, de experiencia y de desaf\u00edo, y todo ello proveniente de tal cantidad de hombres y mujeres, que al autor le resulta enormemente dif\u00edcil reivindicar la obra como propia.<\/p>\n<p>El objeto del libro es la fe, tal como nos es transmitida por la Escritura; y el contenido de la fe es definido por la propia expresi\u00f3n b\u00edblica: &#8216;hemos cre\u00eddo que el amor de Dios est\u00e1 entre nosotros&#8230;&#8217;, porque &#8216;El nos am\u00f3 primero&#8217;.<\/p>\n<p>Desde una perspectiva moral, es mi amor a Dios el que me santifica; desde una perspectiva de fe, lo que me santifica es el amor que Dios me tiene.<\/p>\n","protected":false},"excerpt":{"rendered":"<p>BREEMEN, PIET VAN; SJ<\/p>\n","protected":false},"featured_media":344230,"template":"","meta":{"_acf_changed":false,"om_disable_all_campaigns":false,"rs_blank_template":"","rs_page_bg_color":"","slide_template_v7":"","inline_featured_image":false,"_monsterinsights_skip_tracking":false,"_monsterinsights_sitenote_active":false,"_monsterinsights_sitenote_note":"","_monsterinsights_sitenote_category":0},"product_brand":[],"product_cat":[396,247],"product_tag":[],"class_list":{"0":"post-122743","1":"product","2":"type-product","3":"status-publish","4":"has-post-thumbnail","6":"product_cat-oracion","7":"product_cat-pregaria","9":"first","10":"instock","11":"taxable","12":"shipping-taxable","13":"purchasable","14":"product-type-simple"},"acf":{"editorial":[{"ID":6351,"post_author":"3","post_date":"2022-07-28 17:50:19","post_date_gmt":"2022-07-28 15:50:19","post_content":"","post_title":"Sal Terrae","post_excerpt":"","post_status":"publish","comment_status":"closed","ping_status":"closed","post_password":"","post_name":"sal-terrae","to_ping":"","pinged":"","post_modified":"2022-07-28 17:50:19","post_modified_gmt":"2022-07-28 15:50:19","post_content_filtered":"","post_parent":0,"guid":"http:\/\/dev.claret.cat\/editorial\/sal-terrae\/","menu_order":0,"post_type":"editorial","post_mime_type":"","comment_count":"0","filter":"raw"}],"autor":"BREEMEN, PIET VAN; SJ","codart":"842932887","libros-coleccion":"POZO DE SIQUEM","ediciones":"5","encuadernacion":"R\u00fastica","fecha_de_publicacion":"07\/11\/2019","novedad":"1","paginas":"208","subtitulo":"","orden":"0","portada":"0","idioma":"spa","autores-libros":[{"ID":167281,"post_author":"3","post_date":"2022-10-14 18:09:58","post_date_gmt":"2022-10-14 16:09:58","post_content":"","post_title":"PIET VAN BREEMEN, S.J.","post_excerpt":"","post_status":"publish","comment_status":"closed","ping_status":"closed","post_password":"","post_name":"piet-van-breemen-s-j","to_ping":"","pinged":"","post_modified":"2022-10-14 18:09:58","post_modified_gmt":"2022-10-14 16:09:58","post_content_filtered":"","post_parent":0,"guid":"http:\/\/dev.claret.cat\/autor\/piet-van-breemen-s-j\/","menu_order":0,"post_type":"autor","post_mime_type":"","comment_count":"0","filter":"raw"}]},"aioseo_notices":[],"_links":{"self":[{"href":"https:\/\/www.claret.cat\/es\/wp-json\/wp\/v2\/product\/122743","targetHints":{"allow":["GET"]}}],"collection":[{"href":"https:\/\/www.claret.cat\/es\/wp-json\/wp\/v2\/product"}],"about":[{"href":"https:\/\/www.claret.cat\/es\/wp-json\/wp\/v2\/types\/product"}],"wp:featuredmedia":[{"embeddable":true,"href":"https:\/\/www.claret.cat\/es\/wp-json\/wp\/v2\/media\/344230"}],"wp:attachment":[{"href":"https:\/\/www.claret.cat\/es\/wp-json\/wp\/v2\/media?parent=122743"}],"wp:term":[{"taxonomy":"product_brand","embeddable":true,"href":"https:\/\/www.claret.cat\/es\/wp-json\/wp\/v2\/product_brand?post=122743"},{"taxonomy":"product_cat","embeddable":true,"href":"https:\/\/www.claret.cat\/es\/wp-json\/wp\/v2\/product_cat?post=122743"},{"taxonomy":"product_tag","embeddable":true,"href":"https:\/\/www.claret.cat\/es\/wp-json\/wp\/v2\/product_tag?post=122743"}],"curies":[{"name":"wp","href":"https:\/\/api.w.org\/{rel}","templated":true}]}}