{"id":122746,"date":"2022-10-12T16:52:45","date_gmt":"2022-10-12T14:52:45","guid":{"rendered":"http:\/\/dev.claret.cat\/producte\/la-personalidad-de-san-agustin\/"},"modified":"2024-05-23T08:31:55","modified_gmt":"2024-05-23T06:31:55","slug":"la-personalidad-de-san-agustin-9788483539620","status":"publish","type":"product","link":"https:\/\/www.claret.cat\/es\/libro\/la-personalidad-de-san-agustin-9788483539620\/","title":{"rendered":"LA PERSONALIDAD DE SAN AGUST\u00cdN"},"content":{"rendered":"<p>No es f\u00e1cil precisar la riqu\u00edsima personalidad de san Agust\u00edn a trav\u00e9s de la explicaci\u00f3n de los s\u00edmbolos del escudo agustiniano pintado en 1898 por Pereira C\u00e2o en la iglesia de Nuestra Se\u00f1ora de Gracia, en Lisboa. No son muchos: \u00e1guila bic\u00e9fala, dos alas, el sol, la luna, la mitra, la correa, el libro y el coraz\u00f3n en llamas. El escudo manifiesta la grandeza asombrosa, admirable y prodigiosa de la persona de Agust\u00edn apasionada portentosamente por la Verdad y por Dios. En la correspondencia epistolar habida con san Jer\u00f3nimo aparece la personalidad de Agust\u00edn vibrante y apasionada de amor por la verdad; humilde hasta pasar, sin importarle, como el m\u00e1s ignorante de los alumnos, pero que no ceja de preguntar hasta conseguir cohonestar las piezas diversas, poniendo en dificultad al maestro.<\/p>\n","protected":false},"excerpt":{"rendered":"<p>CANCELO GARC\u00cdA, JOS\u00c9 LUIS<\/p>\n","protected":false},"featured_media":357951,"template":"","meta":{"_acf_changed":false,"om_disable_all_campaigns":false,"rs_blank_template":"","rs_page_bg_color":"","slide_template_v7":"","inline_featured_image":false,"_monsterinsights_skip_tracking":false,"_monsterinsights_sitenote_active":false,"_monsterinsights_sitenote_note":"","_monsterinsights_sitenote_category":0},"product_brand":[],"product_cat":[545,95,92,542],"product_tag":[],"class_list":{"0":"post-122746","1":"product","2":"type-product","3":"status-publish","4":"has-post-thumbnail","6":"product_cat-santoral-1_espiritualidad-spa","7":"product_cat-santoral","8":"product_cat-vida-religiosa","9":"product_cat-vida-religiosa-1_espiritualidad-spa","11":"first","12":"instock","13":"taxable","14":"shipping-taxable","15":"purchasable","16":"product-type-simple"},"acf":{"editorial":[{"ID":6309,"post_author":"3","post_date":"2022-07-28 17:49:25","post_date_gmt":"2022-07-28 15:49:25","post_content":"","post_title":"Monte Carmelo","post_excerpt":"","post_status":"publish","comment_status":"closed","ping_status":"closed","post_password":"","post_name":"monte-carmelo","to_ping":"","pinged":"","post_modified":"2022-07-28 17:49:25","post_modified_gmt":"2022-07-28 15:49:25","post_content_filtered":"","post_parent":0,"guid":"http:\/\/dev.claret.cat\/editorial\/monte-carmelo\/","menu_order":0,"post_type":"editorial","post_mime_type":"","comment_count":"0","filter":"raw"}],"autor":"CANCELO GARC\u00cdA, JOS\u00c9 LUIS","codart":"848353962","libros-coleccion":"","ediciones":"2","encuadernacion":"R\u00fastica","fecha_de_publicacion":"06\/11\/2019","novedad":"1","paginas":"234","subtitulo":"A PROP\u00d3SITO DEL ESCUDO AGUSTINIANO PINTADO POR PEREIRA C\u00c1O, Y DE LA CORRESPONDENCIA APOSTOLAR CON SAN JER\u00d3NIMO","orden":"0","portada":"0","idioma":"spa","autores-libros":[{"ID":160314,"post_author":"3","post_date":"2022-10-14 15:52:04","post_date_gmt":"2022-10-14 13:52:04","post_content":"","post_title":"JOS\u00c9 LUIS CANCELO GARC\u00cdA","post_excerpt":"","post_status":"publish","comment_status":"closed","ping_status":"closed","post_password":"","post_name":"jose-luis-cancelo-garcia","to_ping":"","pinged":"","post_modified":"2022-10-14 15:52:04","post_modified_gmt":"2022-10-14 13:52:04","post_content_filtered":"","post_parent":0,"guid":"http:\/\/dev.claret.cat\/autor\/jose-luis-cancelo-garcia\/","menu_order":0,"post_type":"autor","post_mime_type":"","comment_count":"0","filter":"raw"}]},"aioseo_notices":[],"_links":{"self":[{"href":"https:\/\/www.claret.cat\/es\/wp-json\/wp\/v2\/product\/122746","targetHints":{"allow":["GET"]}}],"collection":[{"href":"https:\/\/www.claret.cat\/es\/wp-json\/wp\/v2\/product"}],"about":[{"href":"https:\/\/www.claret.cat\/es\/wp-json\/wp\/v2\/types\/product"}],"wp:featuredmedia":[{"embeddable":true,"href":"https:\/\/www.claret.cat\/es\/wp-json\/wp\/v2\/media\/357951"}],"wp:attachment":[{"href":"https:\/\/www.claret.cat\/es\/wp-json\/wp\/v2\/media?parent=122746"}],"wp:term":[{"taxonomy":"product_brand","embeddable":true,"href":"https:\/\/www.claret.cat\/es\/wp-json\/wp\/v2\/product_brand?post=122746"},{"taxonomy":"product_cat","embeddable":true,"href":"https:\/\/www.claret.cat\/es\/wp-json\/wp\/v2\/product_cat?post=122746"},{"taxonomy":"product_tag","embeddable":true,"href":"https:\/\/www.claret.cat\/es\/wp-json\/wp\/v2\/product_tag?post=122746"}],"curies":[{"name":"wp","href":"https:\/\/api.w.org\/{rel}","templated":true}]}}