{"id":122761,"date":"2022-10-12T16:53:04","date_gmt":"2022-10-12T14:53:04","guid":{"rendered":"http:\/\/dev.claret.cat\/producte\/la-naturaleza-de-la-creacion\/"},"modified":"2026-04-01T08:35:20","modified_gmt":"2026-04-01T06:35:20","slug":"la-naturaleza-de-la-creacion-9788429328844","status":"publish","type":"product","link":"https:\/\/www.claret.cat\/es\/libro\/la-naturaleza-de-la-creacion-9788429328844\/","title":{"rendered":"LA NATURALEZA DE LA CREACI\u00d3N"},"content":{"rendered":"<p>La creaci\u00f3n es un elemento central de la teolog\u00eda cristiana y de la Biblia y se ha convertido en un campo de batalla para cient\u00edficos, ateos y creacionistas. Aqu\u00ed se desarrolla una sostenida investigaci\u00f3n teol\u00f3gica y cr\u00edtica sobre qu\u00e9 dicen los textos creacionales de la Biblia y qu\u00e9 relaci\u00f3n guarda ese mensaje con las modernas ideas cient\u00edficas sobre los or\u00edgenes. Y muestra qu\u00e9 es lo que la ciencia y la religi\u00f3n comparten y en qu\u00e9 difieren y deben diferir. El autor desgrana en su fascinante lectura c\u00f3mo se va perfilando en \u00e9l la imagen del Dios creador e introduce en algunas pol\u00e9micas actuales: la idea de un inicio absoluto del universo; la doctrina del pecado original y la superaci\u00f3n del sufrimiento y del mal a la luz de la teor\u00eda de la evoluci\u00f3n.<\/p>\n","protected":false},"excerpt":{"rendered":"<p>HARRIS, MARK<\/p>\n","protected":false},"featured_media":340739,"template":"","meta":{"_acf_changed":false,"om_disable_all_campaigns":false,"rs_blank_template":"","rs_page_bg_color":"","slide_template_v7":"","inline_featured_image":false,"_monsterinsights_skip_tracking":false,"_monsterinsights_sitenote_active":false,"_monsterinsights_sitenote_note":"","_monsterinsights_sitenote_category":0},"product_brand":[],"product_cat":[104,554],"product_tag":[],"class_list":{"0":"post-122761","1":"product","2":"type-product","3":"status-publish","4":"has-post-thumbnail","6":"product_cat-ciencia","7":"product_cat-ciencia-5_otras-spa","9":"first","10":"instock","11":"taxable","12":"shipping-taxable","13":"purchasable","14":"product-type-simple"},"acf":{"editorial":[{"ID":6351,"post_author":"3","post_date":"2022-07-28 17:50:19","post_date_gmt":"2022-07-28 15:50:19","post_content":"","post_title":"Sal Terrae","post_excerpt":"","post_status":"publish","comment_status":"closed","ping_status":"closed","post_password":"","post_name":"sal-terrae","to_ping":"","pinged":"","post_modified":"2022-07-28 17:50:19","post_modified_gmt":"2022-07-28 15:50:19","post_content_filtered":"","post_parent":0,"guid":"http:\/\/dev.claret.cat\/editorial\/sal-terrae\/","menu_order":0,"post_type":"editorial","post_mime_type":"","comment_count":"0","filter":"raw"}],"autor":"HARRIS, MARK","codart":"842932884","libros-coleccion":"Ciencia y religi\u00f3n","ediciones":"1","encuadernacion":"R\u00fastica","fecha_de_publicacion":"06\/11\/2019","novedad":"1","paginas":"232","subtitulo":"UN ESTUDIO DE LA RELACI\u00d3N ENTRE LA BIBLIA Y LA CIENCIA","orden":"0","portada":"0","idioma":"spa","autores-libros":[{"ID":164071,"post_author":"3","post_date":"2022-10-14 17:44:07","post_date_gmt":"2022-10-14 15:44:07","post_content":"","post_title":"MARK HARRIS","post_excerpt":"","post_status":"publish","comment_status":"closed","ping_status":"closed","post_password":"","post_name":"mark-harris","to_ping":"","pinged":"","post_modified":"2022-10-14 17:44:07","post_modified_gmt":"2022-10-14 15:44:07","post_content_filtered":"","post_parent":0,"guid":"http:\/\/dev.claret.cat\/autor\/mark-harris\/","menu_order":0,"post_type":"autor","post_mime_type":"","comment_count":"0","filter":"raw"}],"booktrailer":"","resenas":""},"aioseo_notices":[],"_links":{"self":[{"href":"https:\/\/www.claret.cat\/es\/wp-json\/wp\/v2\/product\/122761","targetHints":{"allow":["GET"]}}],"collection":[{"href":"https:\/\/www.claret.cat\/es\/wp-json\/wp\/v2\/product"}],"about":[{"href":"https:\/\/www.claret.cat\/es\/wp-json\/wp\/v2\/types\/product"}],"wp:featuredmedia":[{"embeddable":true,"href":"https:\/\/www.claret.cat\/es\/wp-json\/wp\/v2\/media\/340739"}],"wp:attachment":[{"href":"https:\/\/www.claret.cat\/es\/wp-json\/wp\/v2\/media?parent=122761"}],"wp:term":[{"taxonomy":"product_brand","embeddable":true,"href":"https:\/\/www.claret.cat\/es\/wp-json\/wp\/v2\/product_brand?post=122761"},{"taxonomy":"product_cat","embeddable":true,"href":"https:\/\/www.claret.cat\/es\/wp-json\/wp\/v2\/product_cat?post=122761"},{"taxonomy":"product_tag","embeddable":true,"href":"https:\/\/www.claret.cat\/es\/wp-json\/wp\/v2\/product_tag?post=122761"}],"curies":[{"name":"wp","href":"https:\/\/api.w.org\/{rel}","templated":true}]}}