{"id":122764,"date":"2022-10-12T16:53:07","date_gmt":"2022-10-12T14:53:07","guid":{"rendered":"http:\/\/dev.claret.cat\/producte\/el-vaticano-i\/"},"modified":"2026-04-01T08:30:59","modified_gmt":"2026-04-01T06:30:59","slug":"el-vaticano-i-9788429328813","status":"publish","type":"product","link":"https:\/\/www.claret.cat\/es\/libro\/el-vaticano-i-9788429328813\/","title":{"rendered":"EL VATICANO I"},"content":{"rendered":"<p>En el principio de las enconadas controversias acerca dela infalibilidad papal, O\u00b4Malley rescata al m\u00e1s significativo impulsor de la definici\u00f3n de la doctrina, el arzobispo Henry Manning, y a lord Acton, su sagaz antagonista en el bando opuesto. Relevancia de dos personalidades eclipsada por el papa P\u00edo IX, cuyo celo por la definici\u00f3n fue tan grande que suscit\u00f3 dudas acerca de la legitimidad misma del Concilio. En la pelea se entrometieron pol\u00edticos como Gladstone y Bismarck. La creciente tensi\u00f3n en el Concilio se despleg\u00f3 en el seno de un drama m\u00e1s amplio: el de la ocupaci\u00f3n de los Estados Pontificios por las fuerzas italianas y su consecuencia visiblemente inevitable: la conquista de la propia Roma. En gran medida como resultado del Concilio y en su estela, la Iglesia cat\u00f3lica pas\u00f3 a estar m\u00e1s centrada en el papa que nunca.<\/p>\n","protected":false},"excerpt":{"rendered":"<p>O&#8217;MALLEY, JOHN W.; SJ<\/p>\n","protected":false},"featured_media":340733,"template":"","meta":{"_acf_changed":false,"om_disable_all_campaigns":false,"rs_blank_template":"","rs_page_bg_color":"","slide_template_v7":"","inline_featured_image":false,"_monsterinsights_skip_tracking":false,"_monsterinsights_sitenote_active":false,"_monsterinsights_sitenote_note":"","_monsterinsights_sitenote_category":0},"product_brand":[],"product_cat":[283,511],"product_tag":[],"class_list":{"0":"post-122764","1":"product","2":"type-product","3":"status-publish","4":"has-post-thumbnail","6":"product_cat-eclesiologia-teologia","7":"product_cat-eclesiologia-teologia-1_espiritualidad","9":"first","10":"instock","11":"taxable","12":"shipping-taxable","13":"purchasable","14":"product-type-simple"},"acf":{"editorial":[{"ID":6351,"post_author":"3","post_date":"2022-07-28 17:50:19","post_date_gmt":"2022-07-28 15:50:19","post_content":"","post_title":"Sal Terrae","post_excerpt":"","post_status":"publish","comment_status":"closed","ping_status":"closed","post_password":"","post_name":"sal-terrae","to_ping":"","pinged":"","post_modified":"2022-07-28 17:50:19","post_modified_gmt":"2022-07-28 15:50:19","post_content_filtered":"","post_parent":0,"guid":"http:\/\/dev.claret.cat\/editorial\/sal-terrae\/","menu_order":0,"post_type":"editorial","post_mime_type":"","comment_count":"0","filter":"raw"}],"autor":"O'MALLEY, JOHN W.; SJ","codart":"842932881","libros-coleccion":"PRESENCIA TEOL\u00d3GICA","ediciones":"1","encuadernacion":"R\u00fastica","fecha_de_publicacion":"06\/11\/2019","novedad":"1","paginas":"320","subtitulo":"EL CONCILIO Y LA FORMACI\u00d3N DE LA IGLESIA ULTRAMONTANA","orden":"0","portada":"0","idioma":"spa","autores-libros":[{"ID":159709,"post_author":"3","post_date":"2022-10-14 15:47:05","post_date_gmt":"2022-10-14 13:47:05","post_content":"","post_title":"JOHN W. O\u00b4MALLEY, S.J.","post_excerpt":"","post_status":"publish","comment_status":"closed","ping_status":"closed","post_password":"","post_name":"john-w-omalley-s-j","to_ping":"","pinged":"","post_modified":"2022-10-14 15:47:05","post_modified_gmt":"2022-10-14 13:47:05","post_content_filtered":"","post_parent":0,"guid":"http:\/\/dev.claret.cat\/autor\/john-w-omalley-s-j\/","menu_order":0,"post_type":"autor","post_mime_type":"","comment_count":"0","filter":"raw"}],"booktrailer":"","resenas":""},"aioseo_notices":[],"_links":{"self":[{"href":"https:\/\/www.claret.cat\/es\/wp-json\/wp\/v2\/product\/122764","targetHints":{"allow":["GET"]}}],"collection":[{"href":"https:\/\/www.claret.cat\/es\/wp-json\/wp\/v2\/product"}],"about":[{"href":"https:\/\/www.claret.cat\/es\/wp-json\/wp\/v2\/types\/product"}],"wp:featuredmedia":[{"embeddable":true,"href":"https:\/\/www.claret.cat\/es\/wp-json\/wp\/v2\/media\/340733"}],"wp:attachment":[{"href":"https:\/\/www.claret.cat\/es\/wp-json\/wp\/v2\/media?parent=122764"}],"wp:term":[{"taxonomy":"product_brand","embeddable":true,"href":"https:\/\/www.claret.cat\/es\/wp-json\/wp\/v2\/product_brand?post=122764"},{"taxonomy":"product_cat","embeddable":true,"href":"https:\/\/www.claret.cat\/es\/wp-json\/wp\/v2\/product_cat?post=122764"},{"taxonomy":"product_tag","embeddable":true,"href":"https:\/\/www.claret.cat\/es\/wp-json\/wp\/v2\/product_tag?post=122764"}],"curies":[{"name":"wp","href":"https:\/\/api.w.org\/{rel}","templated":true}]}}