{"id":122878,"date":"2022-10-12T16:54:53","date_gmt":"2022-10-12T14:54:53","guid":{"rendered":"http:\/\/dev.claret.cat\/producte\/la-gran-competicio\/"},"modified":"2025-01-31T17:08:33","modified_gmt":"2025-01-31T16:08:33","slug":"la-gran-competicio-9788424665807","status":"publish","type":"product","link":"https:\/\/www.claret.cat\/es\/libro\/la-gran-competicio-9788424665807\/","title":{"rendered":"LA GRAN COMPETICI\u00d3"},"content":{"rendered":"<p>Hi haur\u00e0 encanteris. Hi haur\u00e0 batalles. I hi haur\u00e0 una quantitat perillosa de sabates precioses. <\/p>\n<p>Hi ha un m\u00f3n on viuen les bruixes, baixant per les canonades de l&#8217;aig\u00fcera. <\/p>\n<p>La Tiga no t\u00e9 ni idea de tot aix\u00f2. O com a m\u00ednim era aix\u00ed fins que una fada fabulosa i la porta a Ciudad Ritzi per qu\u00e8 competeixi a Guerres de bruixes, una competici\u00f3 plena d&#8217;endevinalles! I bruixes extranyes! I una sabata enorme. <\/p>\n<p>La Tiga ser\u00e0 capa\u00e7 de guanyar? Dif\u00edcilment.<\/p>\n","protected":false},"excerpt":{"rendered":"<p>POUNDER, SIB\u00c9AL<\/p>\n","protected":false},"featured_media":122879,"template":"","meta":{"_acf_changed":false,"om_disable_all_campaigns":false,"rs_blank_template":"","rs_page_bg_color":"","slide_template_v7":"","inline_featured_image":false,"_monsterinsights_skip_tracking":false,"_monsterinsights_sitenote_active":false,"_monsterinsights_sitenote_note":"","_monsterinsights_sitenote_category":0},"product_brand":[],"product_cat":[90,540],"product_tag":[],"class_list":{"0":"post-122878","1":"product","2":"type-product","3":"status-publish","4":"has-post-thumbnail","6":"product_cat-altres","7":"product_cat-otros","9":"first","10":"instock","11":"taxable","12":"shipping-taxable","13":"purchasable","14":"product-type-simple"},"acf":{"autor":"POUNDER, SIB\u00c9AL","codart":"842466580","libros-coleccion":"Bruixes a la moda","ediciones":"1","encuadernacion":"R\u00fastica","fecha_de_publicacion":"01\/11\/2019","novedad":"1","paginas":"286","subtitulo":"","orden":"0","portada":"0","idioma":"cat","editorial":[{"ID":148189,"post_author":"3","post_date":"2022-10-14 11:56:19","post_date_gmt":"2022-10-14 09:56:19","post_content":"","post_title":"GALERA, EDITORIAL","post_excerpt":"","post_status":"publish","comment_status":"closed","ping_status":"closed","post_password":"","post_name":"galera-editorial","to_ping":"","pinged":"","post_modified":"2022-10-14 11:56:19","post_modified_gmt":"2022-10-14 09:56:19","post_content_filtered":"","post_parent":0,"guid":"http:\/\/dev.claret.cat\/editorial\/galera-editorial\/","menu_order":0,"post_type":"editorial","post_mime_type":"","comment_count":"0","filter":"raw"}],"autores-libros":[{"ID":169446,"post_author":"3","post_date":"2022-10-14 22:27:18","post_date_gmt":"2022-10-14 20:27:18","post_content":"","post_title":"SIB\u00c9AL POUNDER","post_excerpt":"","post_status":"publish","comment_status":"closed","ping_status":"closed","post_password":"","post_name":"sibeal-pounder","to_ping":"","pinged":"","post_modified":"2022-10-14 22:27:18","post_modified_gmt":"2022-10-14 20:27:18","post_content_filtered":"","post_parent":0,"guid":"http:\/\/dev.claret.cat\/autor\/sibeal-pounder\/","menu_order":0,"post_type":"autor","post_mime_type":"","comment_count":"0","filter":"raw"}]},"aioseo_notices":[],"_links":{"self":[{"href":"https:\/\/www.claret.cat\/es\/wp-json\/wp\/v2\/product\/122878","targetHints":{"allow":["GET"]}}],"collection":[{"href":"https:\/\/www.claret.cat\/es\/wp-json\/wp\/v2\/product"}],"about":[{"href":"https:\/\/www.claret.cat\/es\/wp-json\/wp\/v2\/types\/product"}],"wp:featuredmedia":[{"embeddable":true,"href":"https:\/\/www.claret.cat\/es\/wp-json\/wp\/v2\/media\/122879"}],"wp:attachment":[{"href":"https:\/\/www.claret.cat\/es\/wp-json\/wp\/v2\/media?parent=122878"}],"wp:term":[{"taxonomy":"product_brand","embeddable":true,"href":"https:\/\/www.claret.cat\/es\/wp-json\/wp\/v2\/product_brand?post=122878"},{"taxonomy":"product_cat","embeddable":true,"href":"https:\/\/www.claret.cat\/es\/wp-json\/wp\/v2\/product_cat?post=122878"},{"taxonomy":"product_tag","embeddable":true,"href":"https:\/\/www.claret.cat\/es\/wp-json\/wp\/v2\/product_tag?post=122878"}],"curies":[{"name":"wp","href":"https:\/\/api.w.org\/{rel}","templated":true}]}}