{"id":122884,"date":"2022-10-12T16:54:58","date_gmt":"2022-10-12T14:54:58","guid":{"rendered":"http:\/\/dev.claret.cat\/producte\/el-gorrion-de-java\/"},"modified":"2023-01-28T04:48:14","modified_gmt":"2023-01-28T03:48:14","slug":"el-gorrion-de-java-9788417419318","status":"publish","type":"product","link":"https:\/\/www.claret.cat\/es\/libro\/el-gorrion-de-java-9788417419318\/","title":{"rendered":"EL GORRION DE JAVA"},"content":{"rendered":"<p>Dulce resignaci\u00f3n, tierna nostalgia, tristeza divertida, simplicidad compleja, son muchos los atributos, en un principio contrarios, que el lector adjudicar\u00e1 a estas extraordinarias p\u00e1ginas escritas por un hombre muy pr\u00f3ximo a la sabidur\u00eda de los maestros zen, a los que visitaba una y otra vez igual que nosotros regresamos a sus imperecederas obras. El gorri\u00f3n de Java rescata para el lector en espa\u00f1ol algunos de los cuentos que Soseki escribi\u00f3 entre 1908 y 1912, en la cumbre de su popularidad y su talento. Considerado por muchos el escritor japon\u00e9s m\u00e1s importante del siglo XX, Natsume Soseki muestra en estos textos su faceta m\u00e1s reposada, dulce e \u00edntima. A medio camino entre la iron\u00eda y la ligereza de sus primeras novelas y el desgarro de sus obras posteriores&#8230;<\/p>\n","protected":false},"excerpt":{"rendered":"<p>NATSUME, SOSEKI<\/p>\n","protected":false},"featured_media":122885,"template":"","meta":{"_acf_changed":false,"om_disable_all_campaigns":false,"rs_blank_template":"","rs_page_bg_color":"","slide_template_v7":"","inline_featured_image":false,"_monsterinsights_skip_tracking":false,"_monsterinsights_sitenote_active":false,"_monsterinsights_sitenote_note":"","_monsterinsights_sitenote_category":0},"product_brand":[],"product_cat":[127],"product_tag":[],"class_list":{"0":"post-122884","1":"product","2":"type-product","3":"status-publish","4":"has-post-thumbnail","6":"product_cat-novella-contemporania","8":"first","9":"instock","10":"taxable","11":"shipping-taxable","12":"purchasable","13":"product-type-simple"},"acf":{"autor":"NATSUME, SOSEKI","codart":"841741931","libros-coleccion":"Maestros de la literatura japonesa","ediciones":"1","encuadernacion":"R\u00fastica","fecha_de_publicacion":"01\/11\/2019","novedad":"1","paginas":"104","subtitulo":"","orden":"0","portada":"0","idioma":"spa","editorial":[{"ID":148791,"post_author":"3","post_date":"2022-10-14 12:01:01","post_date_gmt":"2022-10-14 10:01:01","post_content":"","post_title":"SATORI EDICIONES C.B.","post_excerpt":"","post_status":"publish","comment_status":"closed","ping_status":"closed","post_password":"","post_name":"satori-ediciones-c-b","to_ping":"","pinged":"","post_modified":"2022-10-14 12:01:01","post_modified_gmt":"2022-10-14 10:01:01","post_content_filtered":"","post_parent":0,"guid":"http:\/\/dev.claret.cat\/editorial\/satori-ediciones-c-b\/","menu_order":0,"post_type":"editorial","post_mime_type":"","comment_count":"0","filter":"raw"}],"autores-libros":[{"ID":169725,"post_author":"3","post_date":"2022-10-14 22:29:31","post_date_gmt":"2022-10-14 20:29:31","post_content":"","post_title":"SOSEKI NATSUME","post_excerpt":"","post_status":"publish","comment_status":"closed","ping_status":"closed","post_password":"","post_name":"soseki-natsume","to_ping":"","pinged":"","post_modified":"2022-10-14 22:29:31","post_modified_gmt":"2022-10-14 20:29:31","post_content_filtered":"","post_parent":0,"guid":"http:\/\/dev.claret.cat\/autor\/soseki-natsume\/","menu_order":0,"post_type":"autor","post_mime_type":"","comment_count":"0","filter":"raw"}]},"aioseo_notices":[],"_links":{"self":[{"href":"https:\/\/www.claret.cat\/es\/wp-json\/wp\/v2\/product\/122884","targetHints":{"allow":["GET"]}}],"collection":[{"href":"https:\/\/www.claret.cat\/es\/wp-json\/wp\/v2\/product"}],"about":[{"href":"https:\/\/www.claret.cat\/es\/wp-json\/wp\/v2\/types\/product"}],"wp:featuredmedia":[{"embeddable":true,"href":"https:\/\/www.claret.cat\/es\/wp-json\/wp\/v2\/media\/122885"}],"wp:attachment":[{"href":"https:\/\/www.claret.cat\/es\/wp-json\/wp\/v2\/media?parent=122884"}],"wp:term":[{"taxonomy":"product_brand","embeddable":true,"href":"https:\/\/www.claret.cat\/es\/wp-json\/wp\/v2\/product_brand?post=122884"},{"taxonomy":"product_cat","embeddable":true,"href":"https:\/\/www.claret.cat\/es\/wp-json\/wp\/v2\/product_cat?post=122884"},{"taxonomy":"product_tag","embeddable":true,"href":"https:\/\/www.claret.cat\/es\/wp-json\/wp\/v2\/product_tag?post=122884"}],"curies":[{"name":"wp","href":"https:\/\/api.w.org\/{rel}","templated":true}]}}