{"id":122887,"date":"2022-10-12T16:55:01","date_gmt":"2022-10-12T14:55:01","guid":{"rendered":"http:\/\/dev.claret.cat\/producte\/una-desaparicio-inesperada\/"},"modified":"2025-01-31T17:08:52","modified_gmt":"2025-01-31T16:08:52","slug":"una-desaparicio-inesperada-9788424665814","status":"publish","type":"product","link":"https:\/\/www.claret.cat\/es\/libro\/una-desaparicio-inesperada-9788424665814\/","title":{"rendered":"UNA DESAPARICI\u00d3 INESPERADA"},"content":{"rendered":"<p>Est\u00e0 passant alguna cosa a Ciutat Ritzy. <\/p>\n<p>Les Guerres de bruixes han acabado i la Tiga Xerbruna est\u00e0 en proc\u00e9s de convertir-se en una bruixa com cal.<\/p>\n<p>Per\u00f2 quan la seva amiga Peggy, la bruixa a c\u00e0rrec de Ciutat Ritzy, desapareix i &#8221;horripilant duo Felicity Bat i Aggie Hoof, prenen el control de la ciutat, les coses empitjoren dr\u00e0sticament. On est\u00e0 tot el m\u00f3n i per qu\u00e8 de cop i volta tota la culpa sembla que sigui de la Tiga? <\/p>\n<p>\u00c9s el moment de prendre uns refrescos especials per viatjar en el temps i investigar! I algunes decisions d&#8217;estil extremadament q\u00fcestionables&#8230; Podr\u00e0 la Tiga resoldre el misteri? I tu?<\/p>\n","protected":false},"excerpt":{"rendered":"<p>POUNDER, SIB\u00c9AL<\/p>\n","protected":false},"featured_media":122888,"template":"","meta":{"_acf_changed":false,"om_disable_all_campaigns":false,"rs_blank_template":"","rs_page_bg_color":"","slide_template_v7":"","inline_featured_image":false,"_monsterinsights_skip_tracking":false,"_monsterinsights_sitenote_active":false,"_monsterinsights_sitenote_note":"","_monsterinsights_sitenote_category":0},"product_brand":[],"product_cat":[132,362],"product_tag":[],"class_list":{"0":"post-122887","1":"product","2":"type-product","3":"status-publish","4":"has-post-thumbnail","6":"product_cat-lectures-per-preadolescents-6-12-anys","7":"product_cat-libros-preadolescentes-6-12-anos","9":"first","10":"instock","11":"taxable","12":"shipping-taxable","13":"purchasable","14":"product-type-simple"},"acf":{"autor":"POUNDER, SIB\u00c9AL","codart":"842466581","libros-coleccion":"Bruixes a la moda","ediciones":"1","encuadernacion":"R\u00fastica","fecha_de_publicacion":"01\/11\/2019","novedad":"1","paginas":"286","subtitulo":"","orden":"0","portada":"0","idioma":"cat","editorial":[{"ID":148189,"post_author":"3","post_date":"2022-10-14 11:56:19","post_date_gmt":"2022-10-14 09:56:19","post_content":"","post_title":"GALERA, EDITORIAL","post_excerpt":"","post_status":"publish","comment_status":"closed","ping_status":"closed","post_password":"","post_name":"galera-editorial","to_ping":"","pinged":"","post_modified":"2022-10-14 11:56:19","post_modified_gmt":"2022-10-14 09:56:19","post_content_filtered":"","post_parent":0,"guid":"http:\/\/dev.claret.cat\/editorial\/galera-editorial\/","menu_order":0,"post_type":"editorial","post_mime_type":"","comment_count":"0","filter":"raw"}],"autores-libros":[{"ID":169446,"post_author":"3","post_date":"2022-10-14 22:27:18","post_date_gmt":"2022-10-14 20:27:18","post_content":"","post_title":"SIB\u00c9AL POUNDER","post_excerpt":"","post_status":"publish","comment_status":"closed","ping_status":"closed","post_password":"","post_name":"sibeal-pounder","to_ping":"","pinged":"","post_modified":"2022-10-14 22:27:18","post_modified_gmt":"2022-10-14 20:27:18","post_content_filtered":"","post_parent":0,"guid":"http:\/\/dev.claret.cat\/autor\/sibeal-pounder\/","menu_order":0,"post_type":"autor","post_mime_type":"","comment_count":"0","filter":"raw"}]},"aioseo_notices":[],"_links":{"self":[{"href":"https:\/\/www.claret.cat\/es\/wp-json\/wp\/v2\/product\/122887","targetHints":{"allow":["GET"]}}],"collection":[{"href":"https:\/\/www.claret.cat\/es\/wp-json\/wp\/v2\/product"}],"about":[{"href":"https:\/\/www.claret.cat\/es\/wp-json\/wp\/v2\/types\/product"}],"wp:featuredmedia":[{"embeddable":true,"href":"https:\/\/www.claret.cat\/es\/wp-json\/wp\/v2\/media\/122888"}],"wp:attachment":[{"href":"https:\/\/www.claret.cat\/es\/wp-json\/wp\/v2\/media?parent=122887"}],"wp:term":[{"taxonomy":"product_brand","embeddable":true,"href":"https:\/\/www.claret.cat\/es\/wp-json\/wp\/v2\/product_brand?post=122887"},{"taxonomy":"product_cat","embeddable":true,"href":"https:\/\/www.claret.cat\/es\/wp-json\/wp\/v2\/product_cat?post=122887"},{"taxonomy":"product_tag","embeddable":true,"href":"https:\/\/www.claret.cat\/es\/wp-json\/wp\/v2\/product_tag?post=122887"}],"curies":[{"name":"wp","href":"https:\/\/api.w.org\/{rel}","templated":true}]}}