{"id":122935,"date":"2022-10-12T16:55:46","date_gmt":"2022-10-12T14:55:46","guid":{"rendered":"http:\/\/dev.claret.cat\/producte\/ser-y-el-tiempo-el\/"},"modified":"2025-06-20T11:02:08","modified_gmt":"2025-06-20T09:02:08","slug":"ser-y-el-tiempo-el-9789681604936","status":"publish","type":"product","link":"https:\/\/www.claret.cat\/es\/libro\/ser-y-el-tiempo-el-9789681604936\/","title":{"rendered":"SER Y EL TIEMPO, EL"},"content":{"rendered":"<p>De esta obra se puede decir que es la m\u00e1s influyente de la filosof\u00eda contempor\u00e1nea y predecir que quedar\u00e1 incorporada a la historia de la filosof\u00eda como la m\u00e1s original del periodo, en el doble sentido de la m\u00e1s nueva relaci\u00f3n al pasado y como punto de partida de la evoluci\u00f3n posterior a ella.<\/p>\n","protected":false},"excerpt":{"rendered":"<p>HEIDEGGER, MARTIN<\/p>\n","protected":false},"featured_media":122936,"template":"","meta":{"_acf_changed":false,"om_disable_all_campaigns":false,"rs_blank_template":"","rs_page_bg_color":"","slide_template_v7":"","inline_featured_image":false,"_monsterinsights_skip_tracking":false,"_monsterinsights_sitenote_active":false,"_monsterinsights_sitenote_note":"","_monsterinsights_sitenote_category":0},"product_brand":[],"product_cat":[373,166],"product_tag":[],"class_list":{"0":"post-122935","1":"product","2":"type-product","3":"status-publish","4":"has-post-thumbnail","6":"product_cat-autores","7":"product_cat-autors-filosofia","9":"first","10":"instock","11":"taxable","12":"shipping-taxable","13":"purchasable","14":"product-type-simple"},"acf":{"editorial":[{"ID":6257,"post_author":"3","post_date":"2022-07-28 17:48:19","post_date_gmt":"2022-07-28 15:48:19","post_content":"","post_title":"Fondo de Cultura Econ\u00f3mica Fce","post_excerpt":"","post_status":"publish","comment_status":"closed","ping_status":"closed","post_password":"","post_name":"fondo-de-cultura-economica-fce","to_ping":"","pinged":"","post_modified":"2022-07-28 17:48:19","post_modified_gmt":"2022-07-28 15:48:19","post_content_filtered":"","post_parent":0,"guid":"http:\/\/dev.claret.cat\/editorial\/fondo-de-cultura-economica-fce\/","menu_order":0,"post_type":"editorial","post_mime_type":"","comment_count":"0","filter":"raw"}],"autor":"HEIDEGGER, MARTIN","codart":"968160493","libros-coleccion":"Secci\u00f3n de obras de Filosof\u00eda","ediciones":"1","encuadernacion":"Carpeta","fecha_de_publicacion":"01\/01\/2009","novedad":"1","paginas":"0","subtitulo":"","orden":"0","portada":"0","idioma":"spa","autores-libros":[{"ID":164290,"post_author":"3","post_date":"2022-10-14 17:45:54","post_date_gmt":"2022-10-14 15:45:54","post_content":"","post_title":"MARTIN HEIDEGGER","post_excerpt":"","post_status":"publish","comment_status":"closed","ping_status":"closed","post_password":"","post_name":"martin-heidegger","to_ping":"","pinged":"","post_modified":"2022-10-14 17:45:54","post_modified_gmt":"2022-10-14 15:45:54","post_content_filtered":"","post_parent":0,"guid":"http:\/\/dev.claret.cat\/autor\/martin-heidegger\/","menu_order":0,"post_type":"autor","post_mime_type":"","comment_count":"0","filter":"raw"}],"booktrailer":"","resenas":""},"aioseo_notices":[],"_links":{"self":[{"href":"https:\/\/www.claret.cat\/es\/wp-json\/wp\/v2\/product\/122935","targetHints":{"allow":["GET"]}}],"collection":[{"href":"https:\/\/www.claret.cat\/es\/wp-json\/wp\/v2\/product"}],"about":[{"href":"https:\/\/www.claret.cat\/es\/wp-json\/wp\/v2\/types\/product"}],"wp:featuredmedia":[{"embeddable":true,"href":"https:\/\/www.claret.cat\/es\/wp-json\/wp\/v2\/media\/122936"}],"wp:attachment":[{"href":"https:\/\/www.claret.cat\/es\/wp-json\/wp\/v2\/media?parent=122935"}],"wp:term":[{"taxonomy":"product_brand","embeddable":true,"href":"https:\/\/www.claret.cat\/es\/wp-json\/wp\/v2\/product_brand?post=122935"},{"taxonomy":"product_cat","embeddable":true,"href":"https:\/\/www.claret.cat\/es\/wp-json\/wp\/v2\/product_cat?post=122935"},{"taxonomy":"product_tag","embeddable":true,"href":"https:\/\/www.claret.cat\/es\/wp-json\/wp\/v2\/product_tag?post=122935"}],"curies":[{"name":"wp","href":"https:\/\/api.w.org\/{rel}","templated":true}]}}