{"id":123034,"date":"2022-10-12T16:57:17","date_gmt":"2022-10-12T14:57:17","guid":{"rendered":"http:\/\/dev.claret.cat\/producte\/rubianes-solamente\/"},"modified":"2023-01-28T16:06:46","modified_gmt":"2023-01-28T15:06:46","slug":"rubianes-solamente-9788417247584","status":"publish","type":"product","link":"https:\/\/www.claret.cat\/es\/libro\/rubianes-solamente-9788417247584\/","title":{"rendered":"RUBIANES, SOLAMENTE"},"content":{"rendered":"<p>Un c\u00f3mic con las mejores mon\u00f3logos de Pepe Rubianes acompa\u00f1ados de  las ilustraciones de Miguel Gallardo para volver a estar de nuevo ante Rubianes, solamente. A Pepe Rubianes no se le puede leer; a Rubianes hay que verlo, o\u00edrlo.  Hay que contagiarse de su risa,  volver a estar sentado en un anfiteatro  riendo a carcajada limpia. Este libro ilustrado te invita a disfrutar de  un nuevo espect\u00e1culo con sus mon\u00f3logos m\u00e1s m\u00edticos y sorpresas in\u00e9ditas.<\/p>\n","protected":false},"excerpt":{"rendered":"<p>RUBIANES, PEPE \/ GALLARDO, MIGUEL<\/p>\n","protected":false},"featured_media":123035,"template":"","meta":{"_acf_changed":false,"om_disable_all_campaigns":false,"rs_blank_template":"","rs_page_bg_color":"","slide_template_v7":"","inline_featured_image":false,"_monsterinsights_skip_tracking":false,"_monsterinsights_sitenote_active":false,"_monsterinsights_sitenote_note":"","_monsterinsights_sitenote_category":0},"product_brand":[],"product_cat":[105],"product_tag":[],"class_list":{"0":"post-123034","1":"product","2":"type-product","3":"status-publish","4":"has-post-thumbnail","6":"product_cat-regal","8":"first","9":"instock","10":"taxable","11":"shipping-taxable","12":"purchasable","13":"product-type-simple"},"acf":{"autor":"RUBIANES, PEPE \/ GALLARDO, MIGUEL","codart":"841724758","libros-coleccion":"Random C\u00f3mics","ediciones":"1","encuadernacion":"Carton\u00e9","fecha_de_publicacion":"01\/11\/2019","novedad":"1","paginas":"188","subtitulo":"LOS MEJORES MON\u00d3LOGOS ILUSTRADOS, NENE","orden":"0","portada":"0","idioma":"spa","editorial":[{"ID":148729,"post_author":"3","post_date":"2022-10-14 12:00:31","post_date_gmt":"2022-10-14 10:00:31","post_content":"","post_title":"Random C\u00f3mic","post_excerpt":"","post_status":"publish","comment_status":"closed","ping_status":"closed","post_password":"","post_name":"random-comic","to_ping":"","pinged":"","post_modified":"2022-10-14 12:00:31","post_modified_gmt":"2022-10-14 10:00:31","post_content_filtered":"","post_parent":0,"guid":"http:\/\/dev.claret.cat\/editorial\/random-comic\/","menu_order":0,"post_type":"editorial","post_mime_type":"","comment_count":"0","filter":"raw"}],"autores-libros":[{"ID":164991,"post_author":"3","post_date":"2022-10-14 17:51:31","post_date_gmt":"2022-10-14 15:51:31","post_content":"","post_title":"MIGUEL GALLARDO","post_excerpt":"","post_status":"publish","comment_status":"closed","ping_status":"closed","post_password":"","post_name":"miguel-gallardo","to_ping":"","pinged":"","post_modified":"2022-10-14 17:51:31","post_modified_gmt":"2022-10-14 15:51:31","post_content_filtered":"","post_parent":0,"guid":"http:\/\/dev.claret.cat\/autor\/miguel-gallardo\/","menu_order":0,"post_type":"autor","post_mime_type":"","comment_count":"0","filter":"raw"},{"ID":166981,"post_author":"3","post_date":"2022-10-14 18:07:35","post_date_gmt":"2022-10-14 16:07:35","post_content":"","post_title":"PEPE RUBIANES","post_excerpt":"","post_status":"publish","comment_status":"closed","ping_status":"closed","post_password":"","post_name":"pepe-rubianes","to_ping":"","pinged":"","post_modified":"2022-10-14 18:07:35","post_modified_gmt":"2022-10-14 16:07:35","post_content_filtered":"","post_parent":0,"guid":"http:\/\/dev.claret.cat\/autor\/pepe-rubianes\/","menu_order":0,"post_type":"autor","post_mime_type":"","comment_count":"0","filter":"raw"}]},"aioseo_notices":[],"_links":{"self":[{"href":"https:\/\/www.claret.cat\/es\/wp-json\/wp\/v2\/product\/123034","targetHints":{"allow":["GET"]}}],"collection":[{"href":"https:\/\/www.claret.cat\/es\/wp-json\/wp\/v2\/product"}],"about":[{"href":"https:\/\/www.claret.cat\/es\/wp-json\/wp\/v2\/types\/product"}],"wp:featuredmedia":[{"embeddable":true,"href":"https:\/\/www.claret.cat\/es\/wp-json\/wp\/v2\/media\/123035"}],"wp:attachment":[{"href":"https:\/\/www.claret.cat\/es\/wp-json\/wp\/v2\/media?parent=123034"}],"wp:term":[{"taxonomy":"product_brand","embeddable":true,"href":"https:\/\/www.claret.cat\/es\/wp-json\/wp\/v2\/product_brand?post=123034"},{"taxonomy":"product_cat","embeddable":true,"href":"https:\/\/www.claret.cat\/es\/wp-json\/wp\/v2\/product_cat?post=123034"},{"taxonomy":"product_tag","embeddable":true,"href":"https:\/\/www.claret.cat\/es\/wp-json\/wp\/v2\/product_tag?post=123034"}],"curies":[{"name":"wp","href":"https:\/\/api.w.org\/{rel}","templated":true}]}}