{"id":123055,"date":"2022-10-12T16:57:36","date_gmt":"2022-10-12T14:57:36","guid":{"rendered":"http:\/\/dev.claret.cat\/producte\/la-busqueda\/"},"modified":"2023-01-28T02:44:44","modified_gmt":"2023-01-28T01:44:44","slug":"la-busqueda-9788425357374","status":"publish","type":"product","link":"https:\/\/www.claret.cat\/es\/libro\/la-busqueda-9788425357374\/","title":{"rendered":"LA B\u00daSQUEDA"},"content":{"rendered":"<p>Varias adolescentes desaparecidas, un cad\u00e1ver en los pantanos y ninguna pista&#8230; el nuevo thriller de Charlotte Link, la reina del suspense europeo. Noviembre de 2013. Hannah Caswell, una adolescente de 14 a\u00f1os que hab\u00eda  ido a visitar a su abuela, pierde el tren de vuelta a Scarborough.  Temiendo que su padre se enfade, Hannah acepta que la lleve Kent, un  vecino suyo de 19 a\u00f1os con fama de mujeriego. Cuando Kent la deja en la  estaci\u00f3n, ella intenta localizar a su padre para que vaya a buscarla,  pero no lo consigue. Hannah decide entonces salir a la carretera y  alguien la llama desde un coche. Desaparecer\u00e1 sin dejar rastro. Octubre de 2017. Kate Linville, detective de Scotland Yard afincada en  Londres, vuelve a Scarborough para vender la casa de su difunto padre.  Pero los \u00faltimos inquilinos han destrozado la vivienda y Kate, muy  afectada, debe contratar a alguien que arregle los desperfectos.  Entretanto se alojar\u00e1 en casa de un matrimonio que alquila habitaciones.  Se llaman Goldsby y su hija Amelia de 14 a\u00f1os ha desaparecido. Sobre \u00bfDe quien te escondes?:<br \/>\u00abCharlotte Link demuestra una vez m\u00e1s por qu\u00e9 es la autora de m\u00e1s \u00e9xito,  con m\u00e1s de 29 millones de ejemplares vendidos.\u00bb<br \/>Dpa \u00abEl libro perfecto para una larga y oscura tarde de oto\u00f1o.\u00bb<br \/>Krimi-Das Magazin \u00abCharlotte Link vuelve a acertar de pleno [&#8230;] Realista, apasionante y  brutal, a esta novela no le sobra ni una de sus 544 p\u00e1ginas.\u00bb<br \/>Bild am Sonntag<\/p>\n","protected":false},"excerpt":{"rendered":"<p>LINK, CHARLOTTE<\/p>\n","protected":false},"featured_media":123056,"template":"","meta":{"_acf_changed":false,"om_disable_all_campaigns":false,"rs_blank_template":"","rs_page_bg_color":"","slide_template_v7":"","inline_featured_image":false,"_monsterinsights_skip_tracking":false,"_monsterinsights_sitenote_active":false,"_monsterinsights_sitenote_note":"","_monsterinsights_sitenote_category":0},"product_brand":[],"product_cat":[127],"product_tag":[],"class_list":{"0":"post-123055","1":"product","2":"type-product","3":"status-publish","4":"has-post-thumbnail","6":"product_cat-novella-contemporania","8":"first","9":"instock","10":"taxable","11":"shipping-taxable","12":"purchasable","13":"product-type-simple"},"acf":{"autor":"LINK, CHARLOTTE","codart":"842535737","libros-coleccion":"Novela de intriga","ediciones":"1","encuadernacion":"Carton\u00e9","fecha_de_publicacion":"01\/11\/2019","novedad":"1","paginas":"550","subtitulo":"","orden":"0","portada":"0","idioma":"spa","editorial":[{"ID":148245,"post_author":"3","post_date":"2022-10-14 11:56:45","post_date_gmt":"2022-10-14 09:56:45","post_content":"","post_title":"HARPER COLLINS","post_excerpt":"","post_status":"publish","comment_status":"closed","ping_status":"closed","post_password":"","post_name":"harper-collins","to_ping":"","pinged":"","post_modified":"2022-10-14 11:56:45","post_modified_gmt":"2022-10-14 09:56:45","post_content_filtered":"","post_parent":0,"guid":"http:\/\/dev.claret.cat\/editorial\/harper-collins\/","menu_order":0,"post_type":"editorial","post_mime_type":"","comment_count":"0","filter":"raw"}],"autores-libros":[{"ID":152798,"post_author":"3","post_date":"2022-10-14 14:51:40","post_date_gmt":"2022-10-14 12:51:40","post_content":"","post_title":"CHARLOTTE LINK","post_excerpt":"","post_status":"publish","comment_status":"closed","ping_status":"closed","post_password":"","post_name":"charlotte-link","to_ping":"","pinged":"","post_modified":"2022-10-14 14:51:40","post_modified_gmt":"2022-10-14 12:51:40","post_content_filtered":"","post_parent":0,"guid":"http:\/\/dev.claret.cat\/autor\/charlotte-link\/","menu_order":0,"post_type":"autor","post_mime_type":"","comment_count":"0","filter":"raw"}]},"aioseo_notices":[],"_links":{"self":[{"href":"https:\/\/www.claret.cat\/es\/wp-json\/wp\/v2\/product\/123055","targetHints":{"allow":["GET"]}}],"collection":[{"href":"https:\/\/www.claret.cat\/es\/wp-json\/wp\/v2\/product"}],"about":[{"href":"https:\/\/www.claret.cat\/es\/wp-json\/wp\/v2\/types\/product"}],"wp:featuredmedia":[{"embeddable":true,"href":"https:\/\/www.claret.cat\/es\/wp-json\/wp\/v2\/media\/123056"}],"wp:attachment":[{"href":"https:\/\/www.claret.cat\/es\/wp-json\/wp\/v2\/media?parent=123055"}],"wp:term":[{"taxonomy":"product_brand","embeddable":true,"href":"https:\/\/www.claret.cat\/es\/wp-json\/wp\/v2\/product_brand?post=123055"},{"taxonomy":"product_cat","embeddable":true,"href":"https:\/\/www.claret.cat\/es\/wp-json\/wp\/v2\/product_cat?post=123055"},{"taxonomy":"product_tag","embeddable":true,"href":"https:\/\/www.claret.cat\/es\/wp-json\/wp\/v2\/product_tag?post=123055"}],"curies":[{"name":"wp","href":"https:\/\/api.w.org\/{rel}","templated":true}]}}