{"id":123112,"date":"2022-10-12T16:58:29","date_gmt":"2022-10-12T14:58:29","guid":{"rendered":"http:\/\/dev.claret.cat\/producte\/un-bosc-ple-damor\/"},"modified":"2025-10-20T18:20:32","modified_gmt":"2025-10-20T16:20:32","slug":"un-bosc-ple-damor-9788491378792","status":"publish","type":"product","link":"https:\/\/www.claret.cat\/es\/libro\/un-bosc-ple-damor-9788491378792\/","title":{"rendered":"UN BOSC PLE D&#8217;AMOR"},"content":{"rendered":"<p>Jordi Cuixart, l\u2019activista catal\u00e0, presenta un \u00e0lbum il\u00b7lustrat sobre la llibertat d\u2019expressi\u00f3 i el dret a manifestaci\u00f3 per a petits i no tant petits.<br \/>En un bosc ple de vida, una oreneta intenta fer el seu niu, per\u00f2 un eri\u00e7\u00f3 rondinaire el fa malb\u00e9 cada vegada. Els altres animals del bosc, quan coneixen la situaci\u00f3, es concentren pac\u00edficament davant del cau de l\u2019eri\u00e7\u00f3 per intentar fer-lo canviar d\u2019actitud.<\/p>\n","protected":false},"excerpt":{"rendered":"<p>CUIXART, JORDI; BLANCH, IGNASI<\/p>\n","protected":false},"featured_media":123113,"template":"","meta":{"_acf_changed":false,"om_disable_all_campaigns":false,"rs_blank_template":"","rs_page_bg_color":"","slide_template_v7":"","inline_featured_image":false,"_monsterinsights_skip_tracking":false,"_monsterinsights_sitenote_active":false,"_monsterinsights_sitenote_note":"","_monsterinsights_sitenote_category":0},"product_brand":[],"product_cat":[132,362],"product_tag":[],"class_list":{"0":"post-123112","1":"product","2":"type-product","3":"status-publish","4":"has-post-thumbnail","6":"product_cat-lectures-per-preadolescents-6-12-anys","7":"product_cat-libros-preadolescentes-6-12-anos","9":"first","10":"instock","11":"taxable","12":"shipping-taxable","13":"purchasable","14":"product-type-simple"},"acf":{"editorial":[{"ID":6249,"post_author":"3","post_date":"2022-07-28 17:48:09","post_date_gmt":"2022-07-28 15:48:09","post_content":"","post_title":"Estrella Polar","post_excerpt":"","post_status":"publish","comment_status":"closed","ping_status":"closed","post_password":"","post_name":"estrella-polar","to_ping":"","pinged":"","post_modified":"2022-07-28 17:48:09","post_modified_gmt":"2022-07-28 15:48:09","post_content_filtered":"","post_parent":0,"guid":"http:\/\/dev.claret.cat\/editorial\/estrella-polar\/","menu_order":0,"post_type":"editorial","post_mime_type":"","comment_count":"0","filter":"raw"}],"autor":"CUIXART, JORDI; BLANCH, IGNASI","codart":"849137879","libros-coleccion":"Primers lectors","ediciones":"1","encuadernacion":"Carton\u00e9","fecha_de_publicacion":"01\/11\/2019","novedad":"1","paginas":"32","subtitulo":"","orden":"0","portada":"0","idioma":"cat","autores-libros":[{"ID":157794,"post_author":"3","post_date":"2022-10-14 15:31:41","post_date_gmt":"2022-10-14 13:31:41","post_content":"","post_title":"IGNASI BLANCH","post_excerpt":"","post_status":"publish","comment_status":"closed","ping_status":"closed","post_password":"","post_name":"ignasi-blanch","to_ping":"","pinged":"","post_modified":"2022-10-14 15:31:41","post_modified_gmt":"2022-10-14 13:31:41","post_content_filtered":"","post_parent":0,"guid":"http:\/\/dev.claret.cat\/autor\/ignasi-blanch\/","menu_order":0,"post_type":"autor","post_mime_type":"","comment_count":"0","filter":"raw"},{"ID":159880,"post_author":"3","post_date":"2022-10-14 15:48:29","post_date_gmt":"2022-10-14 13:48:29","post_content":"","post_title":"JORDI CUIXART","post_excerpt":"","post_status":"publish","comment_status":"closed","ping_status":"closed","post_password":"","post_name":"jordi-cuixart","to_ping":"","pinged":"","post_modified":"2022-10-14 15:48:29","post_modified_gmt":"2022-10-14 13:48:29","post_content_filtered":"","post_parent":0,"guid":"http:\/\/dev.claret.cat\/autor\/jordi-cuixart\/","menu_order":0,"post_type":"autor","post_mime_type":"","comment_count":"0","filter":"raw"}],"booktrailer":"","resenas":""},"aioseo_notices":[],"_links":{"self":[{"href":"https:\/\/www.claret.cat\/es\/wp-json\/wp\/v2\/product\/123112","targetHints":{"allow":["GET"]}}],"collection":[{"href":"https:\/\/www.claret.cat\/es\/wp-json\/wp\/v2\/product"}],"about":[{"href":"https:\/\/www.claret.cat\/es\/wp-json\/wp\/v2\/types\/product"}],"wp:featuredmedia":[{"embeddable":true,"href":"https:\/\/www.claret.cat\/es\/wp-json\/wp\/v2\/media\/123113"}],"wp:attachment":[{"href":"https:\/\/www.claret.cat\/es\/wp-json\/wp\/v2\/media?parent=123112"}],"wp:term":[{"taxonomy":"product_brand","embeddable":true,"href":"https:\/\/www.claret.cat\/es\/wp-json\/wp\/v2\/product_brand?post=123112"},{"taxonomy":"product_cat","embeddable":true,"href":"https:\/\/www.claret.cat\/es\/wp-json\/wp\/v2\/product_cat?post=123112"},{"taxonomy":"product_tag","embeddable":true,"href":"https:\/\/www.claret.cat\/es\/wp-json\/wp\/v2\/product_tag?post=123112"}],"curies":[{"name":"wp","href":"https:\/\/api.w.org\/{rel}","templated":true}]}}