{"id":123133,"date":"2022-10-12T16:58:49","date_gmt":"2022-10-12T14:58:49","guid":{"rendered":"http:\/\/dev.claret.cat\/producte\/el-secreto-de-la-navidad\/"},"modified":"2025-01-31T17:09:48","modified_gmt":"2025-01-31T16:09:48","slug":"el-secreto-de-la-navidad-9788424665753","status":"publish","type":"product","link":"https:\/\/www.claret.cat\/es\/libro\/el-secreto-de-la-navidad-9788424665753\/","title":{"rendered":"EL SECRETO DE LA NAVIDAD"},"content":{"rendered":"<p>Faltan tres d\u00edas para Navidad y todo el mundo est\u00e1 muy ajetreado con los preparativos. En el pueblo viven los Ric\u00f3n, de la ferreter\u00eda, y los Mayor, la familia de la alcaldesa. Los Mayor se quejan de que los Rinc\u00f3n no han decorado el abeto de la plaza, y los Rinc\u00f3n se quejan de los Mayor. \u00a1Lo que no saben es qui\u00e9n son, en realidad, los encargados de iluminar la Navidad!<\/p>\n","protected":false},"excerpt":{"rendered":"<p>CANOSA, ORIOL<\/p>\n","protected":false},"featured_media":123134,"template":"","meta":{"_acf_changed":false,"om_disable_all_campaigns":false,"rs_blank_template":"","rs_page_bg_color":"","slide_template_v7":"","inline_featured_image":false,"_monsterinsights_skip_tracking":false,"_monsterinsights_sitenote_active":false,"_monsterinsights_sitenote_note":"","_monsterinsights_sitenote_category":0},"product_brand":[],"product_cat":[132,362],"product_tag":[],"class_list":{"0":"post-123133","1":"product","2":"type-product","3":"status-publish","4":"has-post-thumbnail","6":"product_cat-lectures-per-preadolescents-6-12-anys","7":"product_cat-libros-preadolescentes-6-12-anos","9":"first","10":"instock","11":"taxable","12":"shipping-taxable","13":"purchasable","14":"product-type-simple"},"acf":{"autor":"CANOSA, ORIOL","codart":"842466575","libros-coleccion":"Narrativa Singular","ediciones":"1","encuadernacion":"Carton\u00e9","fecha_de_publicacion":"01\/11\/2019","novedad":"1","paginas":"64","subtitulo":"","orden":"0","portada":"0","idioma":"spa","editorial":[{"ID":148189,"post_author":"3","post_date":"2022-10-14 11:56:19","post_date_gmt":"2022-10-14 09:56:19","post_content":"","post_title":"GALERA, EDITORIAL","post_excerpt":"","post_status":"publish","comment_status":"closed","ping_status":"closed","post_password":"","post_name":"galera-editorial","to_ping":"","pinged":"","post_modified":"2022-10-14 11:56:19","post_modified_gmt":"2022-10-14 09:56:19","post_content_filtered":"","post_parent":0,"guid":"http:\/\/dev.claret.cat\/editorial\/galera-editorial\/","menu_order":0,"post_type":"editorial","post_mime_type":"","comment_count":"0","filter":"raw"}],"autores-libros":[{"ID":166241,"post_author":"3","post_date":"2022-10-14 18:01:34","post_date_gmt":"2022-10-14 16:01:34","post_content":"","post_title":"ORIOL CANOSA","post_excerpt":"","post_status":"publish","comment_status":"closed","ping_status":"closed","post_password":"","post_name":"oriol-canosa","to_ping":"","pinged":"","post_modified":"2022-10-14 18:01:34","post_modified_gmt":"2022-10-14 16:01:34","post_content_filtered":"","post_parent":0,"guid":"http:\/\/dev.claret.cat\/autor\/oriol-canosa\/","menu_order":0,"post_type":"autor","post_mime_type":"","comment_count":"0","filter":"raw"}]},"aioseo_notices":[],"_links":{"self":[{"href":"https:\/\/www.claret.cat\/es\/wp-json\/wp\/v2\/product\/123133","targetHints":{"allow":["GET"]}}],"collection":[{"href":"https:\/\/www.claret.cat\/es\/wp-json\/wp\/v2\/product"}],"about":[{"href":"https:\/\/www.claret.cat\/es\/wp-json\/wp\/v2\/types\/product"}],"wp:featuredmedia":[{"embeddable":true,"href":"https:\/\/www.claret.cat\/es\/wp-json\/wp\/v2\/media\/123134"}],"wp:attachment":[{"href":"https:\/\/www.claret.cat\/es\/wp-json\/wp\/v2\/media?parent=123133"}],"wp:term":[{"taxonomy":"product_brand","embeddable":true,"href":"https:\/\/www.claret.cat\/es\/wp-json\/wp\/v2\/product_brand?post=123133"},{"taxonomy":"product_cat","embeddable":true,"href":"https:\/\/www.claret.cat\/es\/wp-json\/wp\/v2\/product_cat?post=123133"},{"taxonomy":"product_tag","embeddable":true,"href":"https:\/\/www.claret.cat\/es\/wp-json\/wp\/v2\/product_tag?post=123133"}],"curies":[{"name":"wp","href":"https:\/\/api.w.org\/{rel}","templated":true}]}}