{"id":123193,"date":"2022-10-12T16:59:46","date_gmt":"2022-10-12T14:59:46","guid":{"rendered":"http:\/\/dev.claret.cat\/producte\/els-romanents\/"},"modified":"2024-01-31T18:44:58","modified_gmt":"2024-01-31T17:44:58","slug":"els-romanents-9788417420970","status":"publish","type":"product","link":"https:\/\/www.claret.cat\/es\/libro\/els-romanents-9788417420970\/","title":{"rendered":"ELS ROMANENTS"},"content":{"rendered":"<p>Els romanents \u00e9s una novel\u00b7la sobre l&#8217;enfrontament entre els pares i els fills. La fam\u00edlia protagonista la forma una parella d&#8217;expunks i un adolescent adepte d&#8217;una peculiar tribu urbana que, per descomptat, els adults no comprenen. Tres veus alternen la narraci\u00f3: el soliloqui d&#8217;una mare que vol comprendre, els fragments d&#8217;un dietari adolescent i les improbables seccions d&#8217;un assaig titulat Brev\u00edssima relaci\u00f3 de les heretgies. Del contrapunt de veus en surt una novel\u00b7la inquietant, on el sinistre neix entre les quatre parets de la llar. L&#8217;heretgia succeeix a casa.<\/p>\n","protected":false},"excerpt":{"rendered":"<p>GARC\u00cdA TUR, V\u00cdCTOR<\/p>\n","protected":false},"featured_media":123194,"template":"","meta":{"_acf_changed":false,"om_disable_all_campaigns":false,"rs_blank_template":"","rs_page_bg_color":"","slide_template_v7":"","inline_featured_image":false,"_monsterinsights_skip_tracking":false,"_monsterinsights_sitenote_active":false,"_monsterinsights_sitenote_note":"","_monsterinsights_sitenote_category":0},"product_brand":[],"product_cat":[127,357],"product_tag":[],"class_list":{"0":"post-123193","1":"product","2":"type-product","3":"status-publish","4":"has-post-thumbnail","6":"product_cat-novella-contemporania","7":"product_cat-novela-contemporanea","9":"first","10":"instock","11":"taxable","12":"shipping-taxable","13":"purchasable","14":"product-type-simple"},"acf":{"editorial":[{"ID":6281,"post_author":"3","post_date":"2022-07-28 17:48:50","post_date_gmt":"2022-07-28 15:48:50","post_content":"","post_title":"LABUTXACA","post_excerpt":"","post_status":"publish","comment_status":"closed","ping_status":"closed","post_password":"","post_name":"labutxaca","to_ping":"","pinged":"","post_modified":"2022-07-28 17:48:50","post_modified_gmt":"2022-07-28 15:48:50","post_content_filtered":"","post_parent":0,"guid":"http:\/\/dev.claret.cat\/editorial\/labutxaca\/","menu_order":0,"post_type":"editorial","post_mime_type":"","comment_count":"0","filter":"raw"}],"autor":"GARC\u00cdA TUR, V\u00cdCTOR","codart":"841742097","libros-coleccion":"LABUTXACA","ediciones":"1","encuadernacion":"R\u00fastica","fecha_de_publicacion":"01\/11\/2019","novedad":"1","paginas":"146","subtitulo":"PREMI DE NOVEL\u00b7LA CURTA JUST M. CASERO 2017","orden":"0","portada":"0","idioma":"cat","autores-libros":[{"ID":171006,"post_author":"3","post_date":"2022-10-14 22:39:56","post_date_gmt":"2022-10-14 20:39:56","post_content":"","post_title":"VICTOR GARCIA TUR","post_excerpt":"","post_status":"publish","comment_status":"closed","ping_status":"closed","post_password":"","post_name":"victor-garcia-tur","to_ping":"","pinged":"","post_modified":"2022-10-14 22:39:56","post_modified_gmt":"2022-10-14 20:39:56","post_content_filtered":"","post_parent":0,"guid":"http:\/\/dev.claret.cat\/autor\/victor-garcia-tur\/","menu_order":0,"post_type":"autor","post_mime_type":"","comment_count":"0","filter":"raw"}]},"aioseo_notices":[],"_links":{"self":[{"href":"https:\/\/www.claret.cat\/es\/wp-json\/wp\/v2\/product\/123193","targetHints":{"allow":["GET"]}}],"collection":[{"href":"https:\/\/www.claret.cat\/es\/wp-json\/wp\/v2\/product"}],"about":[{"href":"https:\/\/www.claret.cat\/es\/wp-json\/wp\/v2\/types\/product"}],"wp:featuredmedia":[{"embeddable":true,"href":"https:\/\/www.claret.cat\/es\/wp-json\/wp\/v2\/media\/123194"}],"wp:attachment":[{"href":"https:\/\/www.claret.cat\/es\/wp-json\/wp\/v2\/media?parent=123193"}],"wp:term":[{"taxonomy":"product_brand","embeddable":true,"href":"https:\/\/www.claret.cat\/es\/wp-json\/wp\/v2\/product_brand?post=123193"},{"taxonomy":"product_cat","embeddable":true,"href":"https:\/\/www.claret.cat\/es\/wp-json\/wp\/v2\/product_cat?post=123193"},{"taxonomy":"product_tag","embeddable":true,"href":"https:\/\/www.claret.cat\/es\/wp-json\/wp\/v2\/product_tag?post=123193"}],"curies":[{"name":"wp","href":"https:\/\/api.w.org\/{rel}","templated":true}]}}