{"id":123238,"date":"2022-10-12T17:00:27","date_gmt":"2022-10-12T15:00:27","guid":{"rendered":"http:\/\/dev.claret.cat\/producte\/nada-que-perder\/"},"modified":"2025-02-04T18:08:30","modified_gmt":"2025-02-04T17:08:30","slug":"nada-que-perder-9788490568903","status":"publish","type":"product","link":"https:\/\/www.claret.cat\/es\/libro\/nada-que-perder-9788490568903\/","title":{"rendered":"NADA QUE PERDER"},"content":{"rendered":"<p>\u00abLee Child es mi autor de thrillers favorito\u00bb. KEN FOLLETT  En su constante vagabundeo, el exmilitar Jack Reacher ha decidido atravesar el pa\u00eds de noreste a suroeste, sin equipaje y sin mirar nunca atr\u00e1s. Su plan se ve truncado al llegar a Despair, un peque\u00f1o y herm\u00e9tico pueblo de Colorado donde solo quer\u00eda tomar un caf\u00e9. All\u00ed los forasteros no son bienvenidos y la polic\u00eda lo expulsa bajo la amenaza de ser encarcelado si vuelve a pasar por la localidad. Quiz\u00e1 con otras personas esa t\u00e1ctica intimidatoria funcione, pero no con Reacher. Al contrario, algo le empuja a desvelar el escabroso secreto que oculta Despair.<\/p>\n","protected":false},"excerpt":{"rendered":"<p>CHILD LEE<\/p>\n","protected":false},"featured_media":123239,"template":"","meta":{"_acf_changed":false,"om_disable_all_campaigns":false,"rs_blank_template":"","rs_page_bg_color":"","slide_template_v7":"","inline_featured_image":false,"_monsterinsights_skip_tracking":false,"_monsterinsights_sitenote_active":false,"_monsterinsights_sitenote_note":"","_monsterinsights_sitenote_category":0},"product_brand":[],"product_cat":[127,357],"product_tag":[],"class_list":{"0":"post-123238","1":"product","2":"type-product","3":"status-publish","4":"has-post-thumbnail","6":"product_cat-novella-contemporania","7":"product_cat-novela-contemporanea","9":"first","10":"instock","11":"taxable","12":"shipping-taxable","13":"purchasable","14":"product-type-simple"},"acf":{"editorial":[{"ID":148737,"post_author":"3","post_date":"2022-10-14 12:00:35","post_date_gmt":"2022-10-14 10:00:35","post_content":"","post_title":"RBA Libros","post_excerpt":"","post_status":"publish","comment_status":"closed","ping_status":"closed","post_password":"","post_name":"rba-libros","to_ping":"","pinged":"","post_modified":"2022-10-14 12:00:35","post_modified_gmt":"2022-10-14 10:00:35","post_content_filtered":"","post_parent":0,"guid":"http:\/\/dev.claret.cat\/editorial\/rba-libros\/","menu_order":0,"post_type":"editorial","post_mime_type":"","comment_count":"0","filter":"raw"}],"autor":"CHILD LEE","codart":"849056890","libros-coleccion":"NOVELA POLIC\u00cdACA BIB","ediciones":"1","encuadernacion":"Carton\u00e9","fecha_de_publicacion":"01\/11\/2019","novedad":"1","paginas":"521","subtitulo":"","orden":"0","portada":"0","idioma":"spa","autores-libros":[{"ID":152837,"post_author":"3","post_date":"2022-10-14 14:51:58","post_date_gmt":"2022-10-14 12:51:58","post_content":"","post_title":"CHILD LEE","post_excerpt":"","post_status":"publish","comment_status":"closed","ping_status":"closed","post_password":"","post_name":"child-lee","to_ping":"","pinged":"","post_modified":"2022-10-14 14:51:58","post_modified_gmt":"2022-10-14 12:51:58","post_content_filtered":"","post_parent":0,"guid":"http:\/\/dev.claret.cat\/autor\/child-lee\/","menu_order":0,"post_type":"autor","post_mime_type":"","comment_count":"0","filter":"raw"}]},"aioseo_notices":[],"_links":{"self":[{"href":"https:\/\/www.claret.cat\/es\/wp-json\/wp\/v2\/product\/123238","targetHints":{"allow":["GET"]}}],"collection":[{"href":"https:\/\/www.claret.cat\/es\/wp-json\/wp\/v2\/product"}],"about":[{"href":"https:\/\/www.claret.cat\/es\/wp-json\/wp\/v2\/types\/product"}],"wp:featuredmedia":[{"embeddable":true,"href":"https:\/\/www.claret.cat\/es\/wp-json\/wp\/v2\/media\/123239"}],"wp:attachment":[{"href":"https:\/\/www.claret.cat\/es\/wp-json\/wp\/v2\/media?parent=123238"}],"wp:term":[{"taxonomy":"product_brand","embeddable":true,"href":"https:\/\/www.claret.cat\/es\/wp-json\/wp\/v2\/product_brand?post=123238"},{"taxonomy":"product_cat","embeddable":true,"href":"https:\/\/www.claret.cat\/es\/wp-json\/wp\/v2\/product_cat?post=123238"},{"taxonomy":"product_tag","embeddable":true,"href":"https:\/\/www.claret.cat\/es\/wp-json\/wp\/v2\/product_tag?post=123238"}],"curies":[{"name":"wp","href":"https:\/\/api.w.org\/{rel}","templated":true}]}}