{"id":123241,"date":"2022-10-12T17:00:30","date_gmt":"2022-10-12T15:00:30","guid":{"rendered":"http:\/\/dev.claret.cat\/producte\/la-nanotecnologia\/"},"modified":"2025-02-04T17:49:55","modified_gmt":"2025-02-04T16:49:55","slug":"la-nanotecnologia-9788491875086","status":"publish","type":"product","link":"https:\/\/www.claret.cat\/es\/libro\/la-nanotecnologia-9788491875086\/","title":{"rendered":"LA NANOTECNOLOG\u00cdA"},"content":{"rendered":"<p>Nos fascina la inmensidad del cosmos porque abarca lo grande pero en \u00e9l tambi\u00e9n existe lo peque\u00f1o. Hasta hace muy poco no hab\u00edamos podido aventurarnos en la estructura de la materia y actualmente sabemos que hay un universo en su interior. Estamos empezando a controlar los mandos de ese nanomundo y, con sus ladrillos, \u00e1tomos y mol\u00e9culas, a construir aplicaciones en nuestro beneficio. La nanotecnolog\u00eda desarrolla procedimientos y t\u00e9cnicas revolucionarias con infinidad de usos en m\u00faltiples \u00e1reas, como la medicina, la electr\u00f3nica y el dise\u00f1o de nuevos materiales. Descubre en estas p\u00e1ginas todo su potencial. Las enormes posibilidades de la escala m\u00e1s peque\u00f1a<\/p>\n","protected":false},"excerpt":{"rendered":"<p>ACOSTA JIM\u00c9NEZ, ANTONIO JOSE<\/p>\n","protected":false},"featured_media":123242,"template":"","meta":{"_acf_changed":false,"om_disable_all_campaigns":false,"rs_blank_template":"","rs_page_bg_color":"","slide_template_v7":"","inline_featured_image":false,"_monsterinsights_skip_tracking":false,"_monsterinsights_sitenote_active":false,"_monsterinsights_sitenote_note":"","_monsterinsights_sitenote_category":0},"product_brand":[],"product_cat":[104,554],"product_tag":[],"class_list":{"0":"post-123241","1":"product","2":"type-product","3":"status-publish","4":"has-post-thumbnail","6":"product_cat-ciencia","7":"product_cat-ciencia-5_otras-spa","9":"first","10":"instock","11":"taxable","12":"shipping-taxable","13":"purchasable","14":"product-type-simple"},"acf":{"editorial":[{"ID":148737,"post_author":"3","post_date":"2022-10-14 12:00:35","post_date_gmt":"2022-10-14 10:00:35","post_content":"","post_title":"RBA Libros","post_excerpt":"","post_status":"publish","comment_status":"closed","ping_status":"closed","post_password":"","post_name":"rba-libros","to_ping":"","pinged":"","post_modified":"2022-10-14 12:00:35","post_modified_gmt":"2022-10-14 10:00:35","post_content_filtered":"","post_parent":0,"guid":"http:\/\/dev.claret.cat\/editorial\/rba-libros\/","menu_order":0,"post_type":"editorial","post_mime_type":"","comment_count":"0","filter":"raw"}],"autor":"ACOSTA JIM\u00c9NEZ, ANTONIO JOSE","codart":"849187508","libros-coleccion":"Divulgaci\u00f3n","ediciones":"1","encuadernacion":"R\u00fastica","fecha_de_publicacion":"01\/11\/2019","novedad":"1","paginas":"175","subtitulo":"EL MUNDO DE LAS M\u00c1QUINAS A ESCALA NANOM\u00c9TRICA","orden":"0","portada":"0","idioma":"spa","autores-libros":[{"ID":150937,"post_author":"3","post_date":"2022-10-14 14:36:55","post_date_gmt":"2022-10-14 12:36:55","post_content":"","post_title":"ANTONIO JOSE ACOSTA JIM\u00c9NEZ","post_excerpt":"","post_status":"publish","comment_status":"closed","ping_status":"closed","post_password":"","post_name":"antonio-jose-acosta-jimenez","to_ping":"","pinged":"","post_modified":"2022-10-14 14:36:55","post_modified_gmt":"2022-10-14 12:36:55","post_content_filtered":"","post_parent":0,"guid":"http:\/\/dev.claret.cat\/autor\/antonio-jose-acosta-jimenez\/","menu_order":0,"post_type":"autor","post_mime_type":"","comment_count":"0","filter":"raw"}]},"aioseo_notices":[],"_links":{"self":[{"href":"https:\/\/www.claret.cat\/es\/wp-json\/wp\/v2\/product\/123241","targetHints":{"allow":["GET"]}}],"collection":[{"href":"https:\/\/www.claret.cat\/es\/wp-json\/wp\/v2\/product"}],"about":[{"href":"https:\/\/www.claret.cat\/es\/wp-json\/wp\/v2\/types\/product"}],"wp:featuredmedia":[{"embeddable":true,"href":"https:\/\/www.claret.cat\/es\/wp-json\/wp\/v2\/media\/123242"}],"wp:attachment":[{"href":"https:\/\/www.claret.cat\/es\/wp-json\/wp\/v2\/media?parent=123241"}],"wp:term":[{"taxonomy":"product_brand","embeddable":true,"href":"https:\/\/www.claret.cat\/es\/wp-json\/wp\/v2\/product_brand?post=123241"},{"taxonomy":"product_cat","embeddable":true,"href":"https:\/\/www.claret.cat\/es\/wp-json\/wp\/v2\/product_cat?post=123241"},{"taxonomy":"product_tag","embeddable":true,"href":"https:\/\/www.claret.cat\/es\/wp-json\/wp\/v2\/product_tag?post=123241"}],"curies":[{"name":"wp","href":"https:\/\/api.w.org\/{rel}","templated":true}]}}