{"id":123250,"date":"2022-10-12T17:00:38","date_gmt":"2022-10-12T15:00:38","guid":{"rendered":"http:\/\/dev.claret.cat\/producte\/maria-montessori-2\/"},"modified":"2025-02-04T17:53:44","modified_gmt":"2025-02-04T16:53:44","slug":"maria-montessori-9788491873440","status":"publish","type":"product","link":"https:\/\/www.claret.cat\/es\/libro\/maria-montessori-9788491873440\/","title":{"rendered":"MARIA MONTESSORI"},"content":{"rendered":"<p>En una \u00e9poca en la que la universidad cerraba la puerta a las mujeres, Maria Montessori se revel\u00f3 como una cient\u00edfica y humanista de imaginaci\u00f3n desbordante. Una pionera que, sin referentes previos, se abri\u00f3 paso en un mundo masculino y defendi\u00f3 cambios radicales en la ense\u00f1anza de los ni\u00f1os de toda clase y condici\u00f3n. La seguridad que mostr\u00f3 en sus ideas de progreso y su incansable af\u00e1n de superaci\u00f3n hicieron de ella una celebridad internacional que cambiar\u00eda el \u00e1mbito de la educaci\u00f3n para siempre. Una mirada innovadora en la pedagog\u00eda<\/p>\n","protected":false},"excerpt":{"rendered":"<p>CASTELLARNAU ARIADNA \/ CASTRO D\u00cdAZ, MERCEDES<\/p>\n","protected":false},"featured_media":123251,"template":"","meta":{"_acf_changed":false,"om_disable_all_campaigns":false,"rs_blank_template":"","rs_page_bg_color":"","slide_template_v7":"","inline_featured_image":false,"_monsterinsights_skip_tracking":false,"_monsterinsights_sitenote_active":false,"_monsterinsights_sitenote_note":"","_monsterinsights_sitenote_category":0},"product_brand":[],"product_cat":[549,99],"product_tag":[],"class_list":{"0":"post-123250","1":"product","2":"type-product","3":"status-publish","4":"has-post-thumbnail","6":"product_cat-biografias","7":"product_cat-biografies","9":"first","10":"instock","11":"taxable","12":"shipping-taxable","13":"purchasable","14":"product-type-simple"},"acf":{"editorial":[{"ID":148737,"post_author":"3","post_date":"2022-10-14 12:00:35","post_date_gmt":"2022-10-14 10:00:35","post_content":"","post_title":"RBA Libros","post_excerpt":"","post_status":"publish","comment_status":"closed","ping_status":"closed","post_password":"","post_name":"rba-libros","to_ping":"","pinged":"","post_modified":"2022-10-14 12:00:35","post_modified_gmt":"2022-10-14 10:00:35","post_content_filtered":"","post_parent":0,"guid":"http:\/\/dev.claret.cat\/editorial\/rba-libros\/","menu_order":0,"post_type":"editorial","post_mime_type":"","comment_count":"0","filter":"raw"}],"autor":"CASTELLARNAU ARIADNA \/ CASTRO D\u00cdAZ, MERCEDES","codart":"849187344","libros-coleccion":"OTROS NO FICCI\u00d3N","ediciones":"1","encuadernacion":"R\u00fastica","fecha_de_publicacion":"01\/11\/2019","novedad":"1","paginas":"207","subtitulo":"LA MUJER QUE REVOLUCION\u00d3 LA EDUCACI\u00d3N","orden":"0","portada":"0","idioma":"spa","autores-libros":[{"ID":152552,"post_author":"3","post_date":"2022-10-14 14:49:41","post_date_gmt":"2022-10-14 12:49:41","post_content":"","post_title":"CASTELLARNAU ARIADNA","post_excerpt":"","post_status":"publish","comment_status":"closed","ping_status":"closed","post_password":"","post_name":"castellarnau-ariadna","to_ping":"","pinged":"","post_modified":"2022-10-14 14:49:41","post_modified_gmt":"2022-10-14 12:49:41","post_content_filtered":"","post_parent":0,"guid":"http:\/\/dev.claret.cat\/autor\/castellarnau-ariadna\/","menu_order":0,"post_type":"autor","post_mime_type":"","comment_count":"0","filter":"raw"},{"ID":164721,"post_author":"3","post_date":"2022-10-14 17:49:21","post_date_gmt":"2022-10-14 15:49:21","post_content":"","post_title":"MERCEDES CASTRO DIAZ","post_excerpt":"","post_status":"publish","comment_status":"closed","ping_status":"closed","post_password":"","post_name":"mercedes-castro-diaz","to_ping":"","pinged":"","post_modified":"2022-10-14 17:49:21","post_modified_gmt":"2022-10-14 15:49:21","post_content_filtered":"","post_parent":0,"guid":"http:\/\/dev.claret.cat\/autor\/mercedes-castro-diaz\/","menu_order":0,"post_type":"autor","post_mime_type":"","comment_count":"0","filter":"raw"}]},"aioseo_notices":[],"_links":{"self":[{"href":"https:\/\/www.claret.cat\/es\/wp-json\/wp\/v2\/product\/123250","targetHints":{"allow":["GET"]}}],"collection":[{"href":"https:\/\/www.claret.cat\/es\/wp-json\/wp\/v2\/product"}],"about":[{"href":"https:\/\/www.claret.cat\/es\/wp-json\/wp\/v2\/types\/product"}],"wp:featuredmedia":[{"embeddable":true,"href":"https:\/\/www.claret.cat\/es\/wp-json\/wp\/v2\/media\/123251"}],"wp:attachment":[{"href":"https:\/\/www.claret.cat\/es\/wp-json\/wp\/v2\/media?parent=123250"}],"wp:term":[{"taxonomy":"product_brand","embeddable":true,"href":"https:\/\/www.claret.cat\/es\/wp-json\/wp\/v2\/product_brand?post=123250"},{"taxonomy":"product_cat","embeddable":true,"href":"https:\/\/www.claret.cat\/es\/wp-json\/wp\/v2\/product_cat?post=123250"},{"taxonomy":"product_tag","embeddable":true,"href":"https:\/\/www.claret.cat\/es\/wp-json\/wp\/v2\/product_tag?post=123250"}],"curies":[{"name":"wp","href":"https:\/\/api.w.org\/{rel}","templated":true}]}}