{"id":123253,"date":"2022-10-12T17:00:41","date_gmt":"2022-10-12T15:00:41","guid":{"rendered":"http:\/\/dev.claret.cat\/producte\/frida-kahlo-2\/"},"modified":"2025-02-04T17:51:55","modified_gmt":"2025-02-04T16:51:55","slug":"frida-kahlo-9788491873785","status":"publish","type":"product","link":"https:\/\/www.claret.cat\/es\/libro\/frida-kahlo-9788491873785\/","title":{"rendered":"FRIDA KAHLO"},"content":{"rendered":"<p>Una enfermedad y un accidente marcaron la vida de Frida Kahlo desde ni\u00f1a, pero supo dar alas a su creatividad para escapar del dolor. Su desbordante personalidad, rebeld\u00eda y tremendo car\u00e1cter hicieron que se alzase como uno de los grandes iconos femeninos del siglo XX. Am\u00f3 mucho, libre y apasionadamente, y comparti\u00f3 con intelectuales y artistas una vida rica en experiencias. Su genialidad y sus vivencias quedaron plasmadas en sus coloridas obras, las cuales le han convertido en una de las artistas m\u00e1s reconocidas de la historia. Un icono de amor y fortaleza<\/p>\n","protected":false},"excerpt":{"rendered":"<p>CASTELLARNAU ARIADNA<\/p>\n","protected":false},"featured_media":123254,"template":"","meta":{"_acf_changed":false,"om_disable_all_campaigns":false,"rs_blank_template":"","rs_page_bg_color":"","slide_template_v7":"","inline_featured_image":false,"_monsterinsights_skip_tracking":false,"_monsterinsights_sitenote_active":false,"_monsterinsights_sitenote_note":"","_monsterinsights_sitenote_category":0},"product_brand":[],"product_cat":[549,99],"product_tag":[],"class_list":{"0":"post-123253","1":"product","2":"type-product","3":"status-publish","4":"has-post-thumbnail","6":"product_cat-biografias","7":"product_cat-biografies","9":"first","10":"instock","11":"taxable","12":"shipping-taxable","13":"purchasable","14":"product-type-simple"},"acf":{"editorial":[{"ID":148737,"post_author":"3","post_date":"2022-10-14 12:00:35","post_date_gmt":"2022-10-14 10:00:35","post_content":"","post_title":"RBA Libros","post_excerpt":"","post_status":"publish","comment_status":"closed","ping_status":"closed","post_password":"","post_name":"rba-libros","to_ping":"","pinged":"","post_modified":"2022-10-14 12:00:35","post_modified_gmt":"2022-10-14 10:00:35","post_content_filtered":"","post_parent":0,"guid":"http:\/\/dev.claret.cat\/editorial\/rba-libros\/","menu_order":0,"post_type":"editorial","post_mime_type":"","comment_count":"0","filter":"raw"}],"autor":"CASTELLARNAU ARIADNA","codart":"849187378","libros-coleccion":"OTROS NO FICCI\u00d3N","ediciones":"1","encuadernacion":"R\u00fastica","fecha_de_publicacion":"01\/11\/2019","novedad":"1","paginas":"187","subtitulo":"","orden":"0","portada":"0","idioma":"spa","autores-libros":[{"ID":152552,"post_author":"3","post_date":"2022-10-14 14:49:41","post_date_gmt":"2022-10-14 12:49:41","post_content":"","post_title":"CASTELLARNAU ARIADNA","post_excerpt":"","post_status":"publish","comment_status":"closed","ping_status":"closed","post_password":"","post_name":"castellarnau-ariadna","to_ping":"","pinged":"","post_modified":"2022-10-14 14:49:41","post_modified_gmt":"2022-10-14 12:49:41","post_content_filtered":"","post_parent":0,"guid":"http:\/\/dev.claret.cat\/autor\/castellarnau-ariadna\/","menu_order":0,"post_type":"autor","post_mime_type":"","comment_count":"0","filter":"raw"}]},"aioseo_notices":[],"_links":{"self":[{"href":"https:\/\/www.claret.cat\/es\/wp-json\/wp\/v2\/product\/123253","targetHints":{"allow":["GET"]}}],"collection":[{"href":"https:\/\/www.claret.cat\/es\/wp-json\/wp\/v2\/product"}],"about":[{"href":"https:\/\/www.claret.cat\/es\/wp-json\/wp\/v2\/types\/product"}],"wp:featuredmedia":[{"embeddable":true,"href":"https:\/\/www.claret.cat\/es\/wp-json\/wp\/v2\/media\/123254"}],"wp:attachment":[{"href":"https:\/\/www.claret.cat\/es\/wp-json\/wp\/v2\/media?parent=123253"}],"wp:term":[{"taxonomy":"product_brand","embeddable":true,"href":"https:\/\/www.claret.cat\/es\/wp-json\/wp\/v2\/product_brand?post=123253"},{"taxonomy":"product_cat","embeddable":true,"href":"https:\/\/www.claret.cat\/es\/wp-json\/wp\/v2\/product_cat?post=123253"},{"taxonomy":"product_tag","embeddable":true,"href":"https:\/\/www.claret.cat\/es\/wp-json\/wp\/v2\/product_tag?post=123253"}],"curies":[{"name":"wp","href":"https:\/\/api.w.org\/{rel}","templated":true}]}}