{"id":123262,"date":"2022-10-12T17:00:49","date_gmt":"2022-10-12T15:00:49","guid":{"rendered":"http:\/\/dev.claret.cat\/producte\/diario-de-greg-14-arrasa-con-todo\/"},"modified":"2025-04-07T12:21:11","modified_gmt":"2025-04-07T10:21:11","slug":"diario-de-greg-14-arrasa-con-todo-9788427216747","status":"publish","type":"product","link":"https:\/\/www.claret.cat\/es\/libro\/diario-de-greg-14-arrasa-con-todo-9788427216747\/","title":{"rendered":"DIARIO DE GREG 14. ARRASA CON TODO"},"content":{"rendered":"<p>Una herencia inesperada da a la familia de Greg Heffley la oportunidad de reformar su casa. Pero pronto averiguan que hacer obras no es tan sencillo como parec\u00eda. Una vez derribados los tabiques, surgen los problemas: maderas podridas, mohos t\u00f3xicos, bichos desagradables y algo todav\u00eda m\u00e1s siniestro hacen que Greg y su familia se pregunten si tanto embrollo compensa. Cuando por fin terminan las obras, \u00bfpodr\u00e1n los Heffley quedarse en la ciudad&#8230; o deber\u00e1n abandonarla?<\/p>\n","protected":false},"excerpt":{"rendered":"<p>KINNEY JEFF<\/p>\n","protected":false},"featured_media":123263,"template":"","meta":{"_acf_changed":false,"om_disable_all_campaigns":false,"rs_blank_template":"","rs_page_bg_color":"","slide_template_v7":"","inline_featured_image":false,"_monsterinsights_skip_tracking":false,"_monsterinsights_sitenote_active":false,"_monsterinsights_sitenote_note":"","_monsterinsights_sitenote_category":0},"product_brand":[],"product_cat":[132,362],"product_tag":[],"class_list":{"0":"post-123262","1":"product","2":"type-product","3":"status-publish","4":"has-post-thumbnail","6":"product_cat-lectures-per-preadolescents-6-12-anys","7":"product_cat-libros-preadolescentes-6-12-anos","9":"first","10":"instock","11":"taxable","12":"shipping-taxable","13":"purchasable","14":"product-type-simple"},"acf":{"editorial":[{"ID":6346,"post_author":"3","post_date":"2022-07-28 17:50:13","post_date_gmt":"2022-07-28 15:50:13","post_content":"","post_title":"RBA Molino","post_excerpt":"","post_status":"publish","comment_status":"closed","ping_status":"closed","post_password":"","post_name":"rba-molino","to_ping":"","pinged":"","post_modified":"2022-07-28 17:50:13","post_modified_gmt":"2022-07-28 15:50:13","post_content_filtered":"","post_parent":0,"guid":"http:\/\/dev.claret.cat\/editorial\/rba-molino\/","menu_order":0,"post_type":"editorial","post_mime_type":"","comment_count":"0","filter":"raw"}],"autor":"KINNEY JEFF","codart":"842721674","libros-coleccion":"DIARIO DE GREG","ediciones":"1","encuadernacion":"Carton\u00e9","fecha_de_publicacion":"01\/11\/2019","novedad":"1","paginas":"218","subtitulo":"","orden":"0","portada":"0","idioma":"spa","autores-libros":[{"ID":161695,"post_author":"3","post_date":"2022-10-14 17:20:18","post_date_gmt":"2022-10-14 15:20:18","post_content":"","post_title":"KINNEY JEFF","post_excerpt":"","post_status":"publish","comment_status":"closed","ping_status":"closed","post_password":"","post_name":"kinney-jeff","to_ping":"","pinged":"","post_modified":"2022-10-14 17:20:18","post_modified_gmt":"2022-10-14 15:20:18","post_content_filtered":"","post_parent":0,"guid":"http:\/\/dev.claret.cat\/autor\/kinney-jeff\/","menu_order":0,"post_type":"autor","post_mime_type":"","comment_count":"0","filter":"raw"}]},"aioseo_notices":[],"_links":{"self":[{"href":"https:\/\/www.claret.cat\/es\/wp-json\/wp\/v2\/product\/123262","targetHints":{"allow":["GET"]}}],"collection":[{"href":"https:\/\/www.claret.cat\/es\/wp-json\/wp\/v2\/product"}],"about":[{"href":"https:\/\/www.claret.cat\/es\/wp-json\/wp\/v2\/types\/product"}],"wp:featuredmedia":[{"embeddable":true,"href":"https:\/\/www.claret.cat\/es\/wp-json\/wp\/v2\/media\/123263"}],"wp:attachment":[{"href":"https:\/\/www.claret.cat\/es\/wp-json\/wp\/v2\/media?parent=123262"}],"wp:term":[{"taxonomy":"product_brand","embeddable":true,"href":"https:\/\/www.claret.cat\/es\/wp-json\/wp\/v2\/product_brand?post=123262"},{"taxonomy":"product_cat","embeddable":true,"href":"https:\/\/www.claret.cat\/es\/wp-json\/wp\/v2\/product_cat?post=123262"},{"taxonomy":"product_tag","embeddable":true,"href":"https:\/\/www.claret.cat\/es\/wp-json\/wp\/v2\/product_tag?post=123262"}],"curies":[{"name":"wp","href":"https:\/\/api.w.org\/{rel}","templated":true}]}}