{"id":123277,"date":"2022-10-12T17:01:03","date_gmt":"2022-10-12T15:01:03","guid":{"rendered":"http:\/\/dev.claret.cat\/producte\/el-pirata-muerdehuesos\/"},"modified":"2023-01-28T12:03:34","modified_gmt":"2023-01-28T11:03:34","slug":"el-pirata-muerdehuesos-9788491453123","status":"publish","type":"product","link":"https:\/\/www.claret.cat\/es\/libro\/el-pirata-muerdehuesos-9788491453123\/","title":{"rendered":"EL PIRATA MUERDEHUESOS"},"content":{"rendered":"<p>El capit\u00e1n Muerdehuesos es el pirata m\u00e1s terrible de los siete mares. A bordo de su barco armado con ca\u00f1ones y acompa\u00f1ado por sus temibles compinches, tiene aterrorizados a todos los navegantes. Pero eso cambiar\u00e1 cuando su hijo, Fernando, lo acompa\u00f1e al trabajo para preparar una redacci\u00f3n para la escuela&#8230; \u00a1Ya no podr\u00e1 decir palabrotas, ni disparar, ni desenvainar su sable&#8230;! El pirata Muerdehuesos es una divertida historia, una pizca gamberra, escrita e ilustrada por el autor italiano Riccardo Francaviglia y coloreada por Margherita Sgarlata. Lo ver\u00e1s mientras se acerca y te mira fijamente, te temblar\u00e1n de miedo las rodillas y los dientes. -\u00a1El pirata Muerdehuesos! \u00a1El pirata m\u00e1s tremendo!<\/p>\n","protected":false},"excerpt":{"rendered":"<p>FRANCAVIGLIA, RICCARDO<\/p>\n","protected":false},"featured_media":123278,"template":"","meta":{"_acf_changed":false,"om_disable_all_campaigns":false,"rs_blank_template":"","rs_page_bg_color":"","slide_template_v7":"","inline_featured_image":false,"_monsterinsights_skip_tracking":false,"_monsterinsights_sitenote_active":false,"_monsterinsights_sitenote_note":"","_monsterinsights_sitenote_category":0},"product_brand":[],"product_cat":[127],"product_tag":[],"class_list":{"0":"post-123277","1":"product","2":"type-product","3":"status-publish","4":"has-post-thumbnail","6":"product_cat-novella-contemporania","8":"first","9":"instock","10":"taxable","11":"shipping-taxable","12":"purchasable","13":"product-type-simple"},"acf":{"editorial":[{"ID":6329,"post_author":"3","post_date":"2022-07-28 17:49:51","post_date_gmt":"2022-07-28 15:49:51","post_content":"","post_title":"PICARONA","post_excerpt":"","post_status":"publish","comment_status":"closed","ping_status":"closed","post_password":"","post_name":"picarona","to_ping":"","pinged":"","post_modified":"2022-07-28 17:49:51","post_modified_gmt":"2022-07-28 15:49:51","post_content_filtered":"","post_parent":0,"guid":"http:\/\/dev.claret.cat\/editorial\/picarona\/","menu_order":0,"post_type":"editorial","post_mime_type":"","comment_count":"0","filter":"raw"}],"autor":"FRANCAVIGLIA, RICCARDO","codart":"849145312","libros-coleccion":"PICARONA","ediciones":"1","encuadernacion":"Carton\u00e9","fecha_de_publicacion":"01\/11\/2019","novedad":"1","paginas":"45","subtitulo":"","orden":"0","portada":"0","idioma":"spa","autores-libros":[{"ID":168073,"post_author":"3","post_date":"2022-10-14 18:16:18","post_date_gmt":"2022-10-14 16:16:18","post_content":"","post_title":"RICCARDO FRANCAVIGLIA","post_excerpt":"","post_status":"publish","comment_status":"closed","ping_status":"closed","post_password":"","post_name":"riccardo-francaviglia","to_ping":"","pinged":"","post_modified":"2022-10-14 18:16:18","post_modified_gmt":"2022-10-14 16:16:18","post_content_filtered":"","post_parent":0,"guid":"http:\/\/dev.claret.cat\/autor\/riccardo-francaviglia\/","menu_order":0,"post_type":"autor","post_mime_type":"","comment_count":"0","filter":"raw"}]},"aioseo_notices":[],"_links":{"self":[{"href":"https:\/\/www.claret.cat\/es\/wp-json\/wp\/v2\/product\/123277","targetHints":{"allow":["GET"]}}],"collection":[{"href":"https:\/\/www.claret.cat\/es\/wp-json\/wp\/v2\/product"}],"about":[{"href":"https:\/\/www.claret.cat\/es\/wp-json\/wp\/v2\/types\/product"}],"wp:featuredmedia":[{"embeddable":true,"href":"https:\/\/www.claret.cat\/es\/wp-json\/wp\/v2\/media\/123278"}],"wp:attachment":[{"href":"https:\/\/www.claret.cat\/es\/wp-json\/wp\/v2\/media?parent=123277"}],"wp:term":[{"taxonomy":"product_brand","embeddable":true,"href":"https:\/\/www.claret.cat\/es\/wp-json\/wp\/v2\/product_brand?post=123277"},{"taxonomy":"product_cat","embeddable":true,"href":"https:\/\/www.claret.cat\/es\/wp-json\/wp\/v2\/product_cat?post=123277"},{"taxonomy":"product_tag","embeddable":true,"href":"https:\/\/www.claret.cat\/es\/wp-json\/wp\/v2\/product_tag?post=123277"}],"curies":[{"name":"wp","href":"https:\/\/api.w.org\/{rel}","templated":true}]}}