{"id":123343,"date":"2022-10-12T17:02:03","date_gmt":"2022-10-12T15:02:03","guid":{"rendered":"http:\/\/dev.claret.cat\/producte\/quien-se-hara-cargo-del-hospital-de-ranas\/"},"modified":"2026-02-05T11:55:06","modified_gmt":"2026-02-05T10:55:06","slug":"quien-se-hara-cargo-del-hospital-de-ranas-9789877121698","status":"publish","type":"product","link":"https:\/\/www.claret.cat\/es\/libro\/quien-se-hara-cargo-del-hospital-de-ranas-9789877121698\/","title":{"rendered":"\u00bfQUI\u00c9N SE HAR\u00c1 CARGO DEL HOSPITAL DE RANAS?"},"content":{"rendered":"<p>Berie y Daniel est\u00e1n de viaje en Par\u00eds. Son un matrimonio anquilosado, comparten una serie de instrucciones impl\u00edcitas que intentan evitar peleas, o al menos mitigarlas. En una cena, entre bocados de seso y copas de vino, mucho vino, Berie intenta recordar, como si existiera una suerte de reflejo proustiano, su adolescencia en Horsehearts, la casa invadida por ex\u00f3ticas visitas, la estricta convivencia con sus padres y su querido hermano Claude, su trabajo como cajera en el parque de diversiones Storyland y, sobre todo, su amistad con la encantadora Silsby Chauss\u00e9e. Con un sagaz sentido del humor, Moore construye una historia conmovedora que se detiene en el momento exacto en que una ni\u00f1a se convierte en mujer, ese tiempo en el que todo es una posibilidad y la amistad dura para siempre.<\/p>\n","protected":false},"excerpt":{"rendered":"<p>MOORE, LORRIE<\/p>\n","protected":false},"featured_media":123344,"template":"","meta":{"_acf_changed":false,"om_disable_all_campaigns":false,"rs_blank_template":"","rs_page_bg_color":"","slide_template_v7":"","inline_featured_image":false,"_monsterinsights_skip_tracking":false,"_monsterinsights_sitenote_active":false,"_monsterinsights_sitenote_note":"","_monsterinsights_sitenote_category":0},"product_brand":[],"product_cat":[127,357],"product_tag":[],"class_list":{"0":"post-123343","1":"product","2":"type-product","3":"status-publish","4":"has-post-thumbnail","6":"product_cat-novella-contemporania","7":"product_cat-novela-contemporanea","9":"first","10":"instock","11":"taxable","12":"shipping-taxable","13":"purchasable","14":"product-type-simple"},"acf":{"editorial":[{"ID":8237,"post_author":"3","post_date":"2022-09-30 09:21:23","post_date_gmt":"2022-09-30 07:21:23","post_content":"","post_title":"Eterna cadencia","post_excerpt":"","post_status":"publish","comment_status":"closed","ping_status":"closed","post_password":"","post_name":"eterna-cadencia","to_ping":"","pinged":"","post_modified":"2022-09-30 09:21:23","post_modified_gmt":"2022-09-30 07:21:23","post_content_filtered":"","post_parent":0,"guid":"http:\/\/dev.claret.cat\/editorial\/eterna-cadencia\/","menu_order":0,"post_type":"editorial","post_mime_type":"","comment_count":"0","filter":"raw"}],"autor":"MOORE, LORRIE","codart":"987712169","libros-coleccion":"Novela","ediciones":"1","encuadernacion":"R\u00fastica","fecha_de_publicacion":"01\/08\/2019","novedad":"1","paginas":"176","subtitulo":"","orden":"0","portada":"0","idioma":"spa","autores-libros":[{"ID":162504,"post_author":"3","post_date":"2022-10-14 17:31:32","post_date_gmt":"2022-10-14 15:31:32","post_content":"","post_title":"LORRIE MOORE","post_excerpt":"","post_status":"publish","comment_status":"closed","ping_status":"closed","post_password":"","post_name":"lorrie-moore","to_ping":"","pinged":"","post_modified":"2022-10-14 17:31:32","post_modified_gmt":"2022-10-14 15:31:32","post_content_filtered":"","post_parent":0,"guid":"http:\/\/dev.claret.cat\/autor\/lorrie-moore\/","menu_order":0,"post_type":"autor","post_mime_type":"","comment_count":"0","filter":"raw"}],"booktrailer":"","resenas":""},"aioseo_notices":[],"_links":{"self":[{"href":"https:\/\/www.claret.cat\/es\/wp-json\/wp\/v2\/product\/123343","targetHints":{"allow":["GET"]}}],"collection":[{"href":"https:\/\/www.claret.cat\/es\/wp-json\/wp\/v2\/product"}],"about":[{"href":"https:\/\/www.claret.cat\/es\/wp-json\/wp\/v2\/types\/product"}],"wp:featuredmedia":[{"embeddable":true,"href":"https:\/\/www.claret.cat\/es\/wp-json\/wp\/v2\/media\/123344"}],"wp:attachment":[{"href":"https:\/\/www.claret.cat\/es\/wp-json\/wp\/v2\/media?parent=123343"}],"wp:term":[{"taxonomy":"product_brand","embeddable":true,"href":"https:\/\/www.claret.cat\/es\/wp-json\/wp\/v2\/product_brand?post=123343"},{"taxonomy":"product_cat","embeddable":true,"href":"https:\/\/www.claret.cat\/es\/wp-json\/wp\/v2\/product_cat?post=123343"},{"taxonomy":"product_tag","embeddable":true,"href":"https:\/\/www.claret.cat\/es\/wp-json\/wp\/v2\/product_tag?post=123343"}],"curies":[{"name":"wp","href":"https:\/\/api.w.org\/{rel}","templated":true}]}}