{"id":123448,"date":"2022-10-12T17:03:40","date_gmt":"2022-10-12T15:03:40","guid":{"rendered":"http:\/\/dev.claret.cat\/producte\/henry-david-thoreau\/"},"modified":"2023-01-28T12:42:09","modified_gmt":"2023-01-28T11:42:09","slug":"henry-david-thoreau-9788437640495","status":"publish","type":"product","link":"https:\/\/www.claret.cat\/es\/libro\/henry-david-thoreau-9788437640495\/","title":{"rendered":"HENRY DAVID THOREAU"},"content":{"rendered":"<p>\u00bfEs posible compaginar una  &#8216; vida sin principios &#8216;  con el compromiso de escribir la biograf\u00eda de Thoreau? Thoreau dej\u00f3 Walden para que ley\u00e9ramos  &#8216; Walden &#8216; . Sin embargo, la redacci\u00f3n final de  &#8216; Walden &#8216; , los dos grandes libros eleg\u00edacos sobre los bosques de Maine y el cabo Cod, las pol\u00e9micas piezas sobre el capit\u00e1n Brown o las postreras descripciones naturales est\u00e1n te\u00f1idas de la preocupaci\u00f3n por una creciente falta de significado de la civilizaci\u00f3n, en la que volv\u00eda a ser un residente provisional, y que ensombreci\u00f3 su legado. La voluntad de recoger los testimonios de la extinci\u00f3n de los indios, la causa contra la esclavitud y la defensa de lo salvaje son apenas la superficie de un fen\u00f3meno que Thoreau hab\u00eda percibido en su juventud, cuando anot\u00f3 que faltaba un trasfondo adecuado en la vida del hombre, que ni el Estado (que  &#8216; no educa &#8216; ) ni tal vez la misma naturaleza podr\u00edan proporcionar y que le obligar\u00eda a remontarse al manantial de la verdad. Laura Dassow Walls ha reconstruido esa peregrinaci\u00f3n con una fidelidad admirable a la escritura thoreauviana. Entre las acepciones con las que Thoreau sopes\u00f3 el sentido de  &#8216; ganarse la vida &#8216; , contamos ahora con haberse ganado esta tambi\u00e9n.<\/p>\n","protected":false},"excerpt":{"rendered":"<p>DASSOW WALLS, LAURA<\/p>\n","protected":false},"featured_media":123449,"template":"","meta":{"_acf_changed":false,"om_disable_all_campaigns":false,"rs_blank_template":"","rs_page_bg_color":"","slide_template_v7":"","inline_featured_image":false,"_monsterinsights_skip_tracking":false,"_monsterinsights_sitenote_active":false,"_monsterinsights_sitenote_note":"","_monsterinsights_sitenote_category":0},"product_brand":[],"product_cat":[99],"product_tag":[],"class_list":{"0":"post-123448","1":"product","2":"type-product","3":"status-publish","4":"has-post-thumbnail","6":"product_cat-biografies","8":"first","9":"instock","10":"taxable","11":"shipping-taxable","12":"purchasable","13":"product-type-simple"},"acf":{"autor":"DASSOW WALLS, LAURA","codart":"843764049","libros-coleccion":"BIOGRAFIAS","ediciones":"1","encuadernacion":"R\u00fastica","fecha_de_publicacion":"01\/10\/2019","novedad":"1","paginas":"624","subtitulo":"UNA VIDA","orden":"0","portada":"0","idioma":"spa","editorial":[{"ID":147789,"post_author":"3","post_date":"2022-10-14 11:53:14","post_date_gmt":"2022-10-14 09:53:14","post_content":"","post_title":"EDICIONES CATEDRA","post_excerpt":"","post_status":"publish","comment_status":"closed","ping_status":"closed","post_password":"","post_name":"ediciones-catedra","to_ping":"","pinged":"","post_modified":"2022-10-14 11:53:14","post_modified_gmt":"2022-10-14 09:53:14","post_content_filtered":"","post_parent":0,"guid":"http:\/\/dev.claret.cat\/editorial\/ediciones-catedra\/","menu_order":0,"post_type":"editorial","post_mime_type":"","comment_count":"0","filter":"raw"}],"autores-libros":[{"ID":161926,"post_author":"3","post_date":"2022-10-14 17:26:58","post_date_gmt":"2022-10-14 15:26:58","post_content":"","post_title":"LAURA DASSOW WALLS","post_excerpt":"","post_status":"publish","comment_status":"closed","ping_status":"closed","post_password":"","post_name":"laura-dassow-walls","to_ping":"","pinged":"","post_modified":"2022-10-14 17:26:58","post_modified_gmt":"2022-10-14 15:26:58","post_content_filtered":"","post_parent":0,"guid":"http:\/\/dev.claret.cat\/autor\/laura-dassow-walls\/","menu_order":0,"post_type":"autor","post_mime_type":"","comment_count":"0","filter":"raw"}]},"aioseo_notices":[],"_links":{"self":[{"href":"https:\/\/www.claret.cat\/es\/wp-json\/wp\/v2\/product\/123448","targetHints":{"allow":["GET"]}}],"collection":[{"href":"https:\/\/www.claret.cat\/es\/wp-json\/wp\/v2\/product"}],"about":[{"href":"https:\/\/www.claret.cat\/es\/wp-json\/wp\/v2\/types\/product"}],"wp:featuredmedia":[{"embeddable":true,"href":"https:\/\/www.claret.cat\/es\/wp-json\/wp\/v2\/media\/123449"}],"wp:attachment":[{"href":"https:\/\/www.claret.cat\/es\/wp-json\/wp\/v2\/media?parent=123448"}],"wp:term":[{"taxonomy":"product_brand","embeddable":true,"href":"https:\/\/www.claret.cat\/es\/wp-json\/wp\/v2\/product_brand?post=123448"},{"taxonomy":"product_cat","embeddable":true,"href":"https:\/\/www.claret.cat\/es\/wp-json\/wp\/v2\/product_cat?post=123448"},{"taxonomy":"product_tag","embeddable":true,"href":"https:\/\/www.claret.cat\/es\/wp-json\/wp\/v2\/product_tag?post=123448"}],"curies":[{"name":"wp","href":"https:\/\/api.w.org\/{rel}","templated":true}]}}