{"id":123454,"date":"2022-10-12T17:03:45","date_gmt":"2022-10-12T15:03:45","guid":{"rendered":"http:\/\/dev.claret.cat\/producte\/el-compromiso-cristiano-8\/"},"modified":"2024-05-23T19:39:31","modified_gmt":"2024-05-23T17:39:31","slug":"el-compromiso-cristiano-8-9788471419149","status":"publish","type":"product","link":"https:\/\/www.claret.cat\/es\/libro\/el-compromiso-cristiano-8-9788471419149\/","title":{"rendered":"EL COMPROMISO CRISTIANO &#8211; 8"},"content":{"rendered":"<p>En este \u00faltimo volumen se nos ofrecen los criterios concretos que, derivados de la fe y de la moral cristiana, son imprescindibles para enjuiciar las situaciones que se dan en los distintos campos de acci\u00f3n (familia, cultura, econom\u00eda y pol\u00edtica) y para adoptar compromisos. El deseo es respetar aquellos otros criterios que, por pertenecer al terreno de lo opinable, quedan a la libre decisi\u00f3n de cada uno. Todo ello sin olvidar que los cristianos estamos llamados a dar raz\u00f3n de nuestra fe cristiana en medio del mundo, lo que nos lleva a tener siempre una actitud de di\u00e1logo, ejercitarnos en el m\u00e9todo del discernimiento y descubrir la formaci\u00f3n permanente como una necesidad para ser evangelizadores y transmisores de la fe.<\/p>\n","protected":false},"excerpt":{"rendered":"<p>YANES \u00c1LVAREZ, EL\u00cdAS; SALINAS VI\u00d1ALS, JAVIER<\/p>\n","protected":false},"featured_media":350319,"template":"","meta":{"_acf_changed":false,"om_disable_all_campaigns":false,"rs_blank_template":"","rs_page_bg_color":"","slide_template_v7":"","inline_featured_image":false,"_monsterinsights_skip_tracking":false,"_monsterinsights_sitenote_active":false,"_monsterinsights_sitenote_note":"","_monsterinsights_sitenote_category":0},"product_brand":[],"product_cat":[221,480,227,389],"product_tag":[],"class_list":{"0":"post-123454","1":"product","2":"type-product","3":"status-publish","4":"has-post-thumbnail","6":"product_cat-dadults","7":"product_cat-de-adultos","8":"product_cat-formacio","9":"product_cat-formacion","11":"first","12":"instock","13":"taxable","14":"shipping-taxable","15":"purchasable","16":"product-type-simple"},"acf":{"editorial":[{"ID":6194,"post_author":"3","post_date":"2022-07-28 17:46:55","post_date_gmt":"2022-07-28 15:46:55","post_content":"","post_title":"EDICE - Conf. Episc.","post_excerpt":"","post_status":"publish","comment_status":"closed","ping_status":"closed","post_password":"","post_name":"edice-conf-episc","to_ping":"","pinged":"","post_modified":"2022-07-28 17:46:55","post_modified_gmt":"2022-07-28 15:46:55","post_content_filtered":"","post_parent":0,"guid":"http:\/\/dev.claret.cat\/editorial\/edice-conf-episc\/","menu_order":0,"post_type":"editorial","post_mime_type":"","comment_count":"0","filter":"raw"}],"autor":"YANES \u00c1LVAREZ, EL\u00cdAS; SALINAS VI\u00d1ALS, JAVIER","codart":"847141914","libros-coleccion":"","ediciones":"1","encuadernacion":"R\u00fastica","fecha_de_publicacion":"04\/11\/2019","novedad":"1","paginas":"228","subtitulo":"TESTIMONIO Y TRANSMISI\u00d3N DE LA FE - SEGUNDA ETAPA, SER TESTIGOS DE LA FE","orden":"0","portada":"0","idioma":"spa","autores-libros":[{"ID":158784,"post_author":"3","post_date":"2022-10-14 15:39:35","post_date_gmt":"2022-10-14 13:39:35","post_content":"","post_title":"JAVIER SALINAS VI\u00d1ALS","post_excerpt":"","post_status":"publish","comment_status":"closed","ping_status":"closed","post_password":"","post_name":"javier-salinas-vinals","to_ping":"","pinged":"","post_modified":"2022-10-14 15:39:35","post_modified_gmt":"2022-10-14 13:39:35","post_content_filtered":"","post_parent":0,"guid":"http:\/\/dev.claret.cat\/autor\/javier-salinas-vinals\/","menu_order":0,"post_type":"autor","post_mime_type":"","comment_count":"0","filter":"raw"},{"ID":154780,"post_author":"3","post_date":"2022-10-14 15:07:34","post_date_gmt":"2022-10-14 13:07:34","post_content":"","post_title":"EL\u00cdAS YANES \u00c1LVAREZ","post_excerpt":"","post_status":"publish","comment_status":"closed","ping_status":"closed","post_password":"","post_name":"elias-yanes-alvarez","to_ping":"","pinged":"","post_modified":"2022-10-14 15:07:34","post_modified_gmt":"2022-10-14 13:07:34","post_content_filtered":"","post_parent":0,"guid":"http:\/\/dev.claret.cat\/autor\/elias-yanes-alvarez\/","menu_order":0,"post_type":"autor","post_mime_type":"","comment_count":"0","filter":"raw"}]},"aioseo_notices":[],"_links":{"self":[{"href":"https:\/\/www.claret.cat\/es\/wp-json\/wp\/v2\/product\/123454","targetHints":{"allow":["GET"]}}],"collection":[{"href":"https:\/\/www.claret.cat\/es\/wp-json\/wp\/v2\/product"}],"about":[{"href":"https:\/\/www.claret.cat\/es\/wp-json\/wp\/v2\/types\/product"}],"wp:featuredmedia":[{"embeddable":true,"href":"https:\/\/www.claret.cat\/es\/wp-json\/wp\/v2\/media\/350319"}],"wp:attachment":[{"href":"https:\/\/www.claret.cat\/es\/wp-json\/wp\/v2\/media?parent=123454"}],"wp:term":[{"taxonomy":"product_brand","embeddable":true,"href":"https:\/\/www.claret.cat\/es\/wp-json\/wp\/v2\/product_brand?post=123454"},{"taxonomy":"product_cat","embeddable":true,"href":"https:\/\/www.claret.cat\/es\/wp-json\/wp\/v2\/product_cat?post=123454"},{"taxonomy":"product_tag","embeddable":true,"href":"https:\/\/www.claret.cat\/es\/wp-json\/wp\/v2\/product_tag?post=123454"}],"curies":[{"name":"wp","href":"https:\/\/api.w.org\/{rel}","templated":true}]}}