{"id":123466,"date":"2022-10-12T17:03:55","date_gmt":"2022-10-12T15:03:55","guid":{"rendered":"http:\/\/dev.claret.cat\/producte\/reflexiones-ii-vi\/"},"modified":"2023-01-28T17:40:43","modified_gmt":"2023-01-28T16:40:43","slug":"reflexiones-iivi-9788498797749","status":"publish","type":"product","link":"https:\/\/www.claret.cat\/es\/libro\/reflexiones-iivi-9788498797749\/","title":{"rendered":"REFLEXIONES II-VI"},"content":{"rendered":"<p>Los conocidos como Cuadernos negros son una especie de diario filos\u00f3fico que contiene las anotaciones que Martin Heidegger fue haciendo en paralelo a su magisterio acad\u00e9mico y a sus obras publicadas. En estas notas se enlazan las reflexiones m\u00e1s estrictamente te\u00f3ricas con referencias a la situaci\u00f3n personal y profesional del fil\u00f3sofo y a acontecimientos tanto hist\u00f3ricos como del d\u00eda a d\u00eda.<\/p>\n<p> Pocas publicaciones filos\u00f3ficas han suscitado en los \u00faltimos tiempos tanta expectaci\u00f3n, inter\u00e9s y controversia como estos textos privados de Martin Heidegger. \u00c9l mismo hab\u00eda contribuido anticipadamente a su notoriedad al designarlos como la \u00abcoronaci\u00f3n\u00bb de sus obras completas e indicar que deb\u00edan ser los \u00faltimos en ver la luz. Pero, sobre todo, se esperaba que la edici\u00f3n de estos Cuadernos negros aportara las pruebas irrefutables del antisemitismo de Heidegger y de sus simpat\u00edas por el r\u00e9gimen nacionalsocialista. \u00bfC\u00f3mo es posible que quien probablemente fuera el pensador m\u00e1s importante del siglo XX empleara su genio especulativo en hacer una fundamentaci\u00f3n ontol\u00f3gica del holocausto?<\/p>\n<p> Esta primera entrega, que recoge los cuadernos de los a\u00f1os 1931 a 1938, constituye una fuente imprescindible para contextualizar y valorar la implicaci\u00f3n de Heidegger en el nacionalsocialismo, que \u00e9l concibe desde una metapol\u00edtica encuadrada en la historia del ser. Pero, adem\u00e1s, ayuda a plantear la cuesti\u00f3n general de la relaci\u00f3n entre las fuerzas hist\u00f3ricas, la condici\u00f3n existencial del hombre como individuo y como comunidad, la filosof\u00eda y la pol\u00edtica.<\/p>\n","protected":false},"excerpt":{"rendered":"<p>HEIDEGGER, MARTIN<\/p>\n","protected":false},"featured_media":123467,"template":"","meta":{"_acf_changed":false,"om_disable_all_campaigns":false,"rs_blank_template":"","rs_page_bg_color":"","slide_template_v7":"","inline_featured_image":false,"_monsterinsights_skip_tracking":false,"_monsterinsights_sitenote_active":false,"_monsterinsights_sitenote_note":"","_monsterinsights_sitenote_category":0},"product_brand":[],"product_cat":[165],"product_tag":[],"class_list":{"0":"post-123466","1":"product","2":"type-product","3":"status-publish","4":"has-post-thumbnail","6":"product_cat-historia-i-corrents-filosofia-2_humanitats","8":"first","9":"instock","10":"taxable","11":"shipping-taxable","12":"purchasable","13":"product-type-simple"},"acf":{"editorial":[{"ID":6237,"post_author":"3","post_date":"2022-07-28 17:47:53","post_date_gmt":"2022-07-28 15:47:53","post_content":"","post_title":"Editorial Trotta","post_excerpt":"","post_status":"publish","comment_status":"closed","ping_status":"closed","post_password":"","post_name":"editorial-trotta","to_ping":"","pinged":"","post_modified":"2022-07-28 17:47:53","post_modified_gmt":"2022-07-28 15:47:53","post_content_filtered":"","post_parent":0,"guid":"http:\/\/dev.claret.cat\/editorial\/editorial-trotta\/","menu_order":0,"post_type":"editorial","post_mime_type":"","comment_count":"0","filter":"raw"}],"autor":"HEIDEGGER, MARTIN","codart":"849879774","libros-coleccion":"Estructuras y procesos. Filosof\u00eda","ediciones":"1","encuadernacion":"R\u00fastica","fecha_de_publicacion":"01\/10\/2018","novedad":"0","paginas":"424","subtitulo":"CUADERNOS NEGROS. 1931-1938","orden":"0","portada":"0","idioma":"spa","autores-libros":[{"ID":164290,"post_author":"3","post_date":"2022-10-14 17:45:54","post_date_gmt":"2022-10-14 15:45:54","post_content":"","post_title":"MARTIN HEIDEGGER","post_excerpt":"","post_status":"publish","comment_status":"closed","ping_status":"closed","post_password":"","post_name":"martin-heidegger","to_ping":"","pinged":"","post_modified":"2022-10-14 17:45:54","post_modified_gmt":"2022-10-14 15:45:54","post_content_filtered":"","post_parent":0,"guid":"http:\/\/dev.claret.cat\/autor\/martin-heidegger\/","menu_order":0,"post_type":"autor","post_mime_type":"","comment_count":"0","filter":"raw"}]},"aioseo_notices":[],"_links":{"self":[{"href":"https:\/\/www.claret.cat\/es\/wp-json\/wp\/v2\/product\/123466","targetHints":{"allow":["GET"]}}],"collection":[{"href":"https:\/\/www.claret.cat\/es\/wp-json\/wp\/v2\/product"}],"about":[{"href":"https:\/\/www.claret.cat\/es\/wp-json\/wp\/v2\/types\/product"}],"wp:featuredmedia":[{"embeddable":true,"href":"https:\/\/www.claret.cat\/es\/wp-json\/wp\/v2\/media\/123467"}],"wp:attachment":[{"href":"https:\/\/www.claret.cat\/es\/wp-json\/wp\/v2\/media?parent=123466"}],"wp:term":[{"taxonomy":"product_brand","embeddable":true,"href":"https:\/\/www.claret.cat\/es\/wp-json\/wp\/v2\/product_brand?post=123466"},{"taxonomy":"product_cat","embeddable":true,"href":"https:\/\/www.claret.cat\/es\/wp-json\/wp\/v2\/product_cat?post=123466"},{"taxonomy":"product_tag","embeddable":true,"href":"https:\/\/www.claret.cat\/es\/wp-json\/wp\/v2\/product_tag?post=123466"}],"curies":[{"name":"wp","href":"https:\/\/api.w.org\/{rel}","templated":true}]}}