{"id":123481,"date":"2022-10-12T17:04:08","date_gmt":"2022-10-12T15:04:08","guid":{"rendered":"http:\/\/dev.claret.cat\/producte\/breve-historia-del-arte-moderno-y-contemporaneo\/"},"modified":"2023-01-28T10:33:53","modified_gmt":"2023-01-28T09:33:53","slug":"breve-historia-del-arte-moderno-y-contemporaneo-9788417757489","status":"publish","type":"product","link":"https:\/\/www.claret.cat\/es\/libro\/breve-historia-del-arte-moderno-y-contemporaneo-9788417757489\/","title":{"rendered":"BREVE HISTORIA DEL ARTE MODERNO Y CONTEMPOR\u00c1NEO"},"content":{"rendered":"<p>Gu\u00eda de bolsillo con los principales movimientos, edificios, elementos y materiales. Una nueva e innovadora introducci\u00f3n a la cuesti\u00f3n del arte moderno y contempor\u00e1neo. Con una estructura sencilla, el libro examina cincuenta obras clave desde los primeros ejemplos del modernismo hasta el arte contempor\u00e1neo.  Accesible, conciso y profusamente ilustrado, este libro explica c\u00f3mo y por qu\u00e9 se desarroll\u00f3 el arte moderno, qui\u00e9n introdujo innovaciones, en qu\u00e9 consistieron y d\u00f3nde y cu\u00e1ndo tuvieron lugar.  Incluye un gran n\u00famero de im\u00e1genes representativas de la historia del arte moderno y contempor\u00e1neo y revela las distintas t\u00e9cnicas que se emplearon para crearlas. Desmitifica la jerga t\u00e9cnica y proporciona a los lectores una profunda comprensi\u00f3n y un amplio disfrute del arte moderno y contempor\u00e1neo, desde finales del siglo xix hasta el momento actual.l libro se divide en cuatro cap\u00edtulos: &#8221;Movimientos&#8221;, &#8221;Obras&#8221;, &#8221;Temas&#8221; y &#8221;T\u00e9cnicas&#8221;. Se pueden leer de forma sucesiva o independiente unos de otros. El cap\u00edtulo dedicado a las obras, por ejemplo, presenta 50 obras esenciales que han tenido una relevancia en el mundo del arte a nivel mundial. Las remisiones en la parte inferior de cada p\u00e1gina muestran las conexiones con las otras secciones del libro, mientras que en los cuadros informativos se abordan las principales aportaciones y el contexto biogr\u00e1fico de cada artista.<\/p>\n","protected":false},"excerpt":{"rendered":"<p>HODGE, SUSIE<\/p>\n","protected":false},"featured_media":123482,"template":"","meta":{"_acf_changed":false,"om_disable_all_campaigns":false,"rs_blank_template":"","rs_page_bg_color":"","slide_template_v7":"","inline_featured_image":false,"_monsterinsights_skip_tracking":false,"_monsterinsights_sitenote_active":false,"_monsterinsights_sitenote_note":"","_monsterinsights_sitenote_category":0},"product_brand":[],"product_cat":[110],"product_tag":[],"class_list":{"0":"post-123481","1":"product","2":"type-product","3":"status-publish","4":"has-post-thumbnail","6":"product_cat-art","8":"first","9":"instock","10":"taxable","11":"shipping-taxable","12":"purchasable","13":"product-type-simple"},"acf":{"autor":"HODGE, SUSIE","codart":"841775748","libros-coleccion":"Breve Historia","ediciones":"1","encuadernacion":"R\u00fastica","fecha_de_publicacion":"01\/10\/2019","novedad":"1","paginas":"224","subtitulo":"","orden":"0","portada":"0","idioma":"spa","editorial":[{"ID":147554,"post_author":"3","post_date":"2022-10-14 11:51:27","post_date_gmt":"2022-10-14 09:51:27","post_content":"","post_title":"BLUME (Naturart)","post_excerpt":"","post_status":"publish","comment_status":"closed","ping_status":"closed","post_password":"","post_name":"blume-naturart","to_ping":"","pinged":"","post_modified":"2022-10-14 11:51:27","post_modified_gmt":"2022-10-14 09:51:27","post_content_filtered":"","post_parent":0,"guid":"http:\/\/dev.claret.cat\/editorial\/blume-naturart\/","menu_order":0,"post_type":"editorial","post_mime_type":"","comment_count":"0","filter":"raw"}],"autores-libros":[{"ID":169996,"post_author":"3","post_date":"2022-10-14 22:31:42","post_date_gmt":"2022-10-14 20:31:42","post_content":"","post_title":"SUSIE HODGE","post_excerpt":"","post_status":"publish","comment_status":"closed","ping_status":"closed","post_password":"","post_name":"susie-hodge","to_ping":"","pinged":"","post_modified":"2022-10-14 22:31:42","post_modified_gmt":"2022-10-14 20:31:42","post_content_filtered":"","post_parent":0,"guid":"http:\/\/dev.claret.cat\/autor\/susie-hodge\/","menu_order":0,"post_type":"autor","post_mime_type":"","comment_count":"0","filter":"raw"}]},"aioseo_notices":[],"_links":{"self":[{"href":"https:\/\/www.claret.cat\/es\/wp-json\/wp\/v2\/product\/123481","targetHints":{"allow":["GET"]}}],"collection":[{"href":"https:\/\/www.claret.cat\/es\/wp-json\/wp\/v2\/product"}],"about":[{"href":"https:\/\/www.claret.cat\/es\/wp-json\/wp\/v2\/types\/product"}],"wp:featuredmedia":[{"embeddable":true,"href":"https:\/\/www.claret.cat\/es\/wp-json\/wp\/v2\/media\/123482"}],"wp:attachment":[{"href":"https:\/\/www.claret.cat\/es\/wp-json\/wp\/v2\/media?parent=123481"}],"wp:term":[{"taxonomy":"product_brand","embeddable":true,"href":"https:\/\/www.claret.cat\/es\/wp-json\/wp\/v2\/product_brand?post=123481"},{"taxonomy":"product_cat","embeddable":true,"href":"https:\/\/www.claret.cat\/es\/wp-json\/wp\/v2\/product_cat?post=123481"},{"taxonomy":"product_tag","embeddable":true,"href":"https:\/\/www.claret.cat\/es\/wp-json\/wp\/v2\/product_tag?post=123481"}],"curies":[{"name":"wp","href":"https:\/\/api.w.org\/{rel}","templated":true}]}}