{"id":123484,"date":"2022-10-12T17:04:11","date_gmt":"2022-10-12T15:04:11","guid":{"rendered":"http:\/\/dev.claret.cat\/producte\/breve-historia-de-la-arquitectura\/"},"modified":"2023-01-28T09:04:47","modified_gmt":"2023-01-28T08:04:47","slug":"breve-historia-de-la-arquitectura-9788417757472","status":"publish","type":"product","link":"https:\/\/www.claret.cat\/es\/libro\/breve-historia-de-la-arquitectura-9788417757472\/","title":{"rendered":"BREVE HISTORIA DE LA ARQUITECTURA"},"content":{"rendered":"<p>Gu\u00eda de bolsillo con los principales movimientos, edificios, elementos y materiales. Una nueva e innovadora introducci\u00f3n al tema de la arquitectura: un an\u00e1lisis de 50 edificios clave que van desde las pir\u00e1mides a las biosferas, pasando por catedrales, templos, torres o edificios de bomberos.  Accesible, conciso y ricamente ilustrado, este libro desmitifica la jerga t\u00e9cnica y proporciona al lector unos conocimientos rigurosos y un amplio disfrute del campo de la construcci\u00f3n, desde el antiguo Egipto hasta la actualidad. C\u00f3mo y por qu\u00e9 se desarroll\u00f3 la arquitectura, qui\u00e9n introdujo las innovaciones, qu\u00e9 eran y d\u00f3nde y cu\u00e1ndo tuvieron lugar: una obra que presenta edificios emblem\u00e1ticos de la historia de la arquitectura y explica las distintas t\u00e9cnicas y materiales que se aplicaron en su construcci\u00f3n. El libro est\u00e1 dividido en cuatro \u00e1reas fundamentales de la arquitectura: estilos, edificios, elementos y materiales. Cada una est\u00e1 organizada cronol\u00f3gicamente, pero se puede leer en cualquier orden. Al pie de cada p\u00e1gina, el lector encontrar\u00e1 referencias cruzadas que le proporcionar\u00e1n conexiones \u00fatiles con otras secciones. En las cajas de texto se presentan ejemplos caracter\u00edsticos y se proporciona informaci\u00f3n sobre los arquitectos.<\/p>\n","protected":false},"excerpt":{"rendered":"<p>HODGE, SUSIE<\/p>\n","protected":false},"featured_media":123485,"template":"","meta":{"_acf_changed":false,"om_disable_all_campaigns":false,"rs_blank_template":"","rs_page_bg_color":"","slide_template_v7":"","inline_featured_image":false,"_monsterinsights_skip_tracking":false,"_monsterinsights_sitenote_active":false,"_monsterinsights_sitenote_note":"","_monsterinsights_sitenote_category":0},"product_brand":[],"product_cat":[110],"product_tag":[],"class_list":{"0":"post-123484","1":"product","2":"type-product","3":"status-publish","4":"has-post-thumbnail","6":"product_cat-art","8":"first","9":"instock","10":"taxable","11":"shipping-taxable","12":"purchasable","13":"product-type-simple"},"acf":{"autor":"HODGE, SUSIE","codart":"841775747","libros-coleccion":"Breve Historia","ediciones":"1","encuadernacion":"R\u00fastica","fecha_de_publicacion":"01\/10\/2019","novedad":"1","paginas":"224","subtitulo":"","orden":"0","portada":"0","idioma":"spa","editorial":[{"ID":147554,"post_author":"3","post_date":"2022-10-14 11:51:27","post_date_gmt":"2022-10-14 09:51:27","post_content":"","post_title":"BLUME (Naturart)","post_excerpt":"","post_status":"publish","comment_status":"closed","ping_status":"closed","post_password":"","post_name":"blume-naturart","to_ping":"","pinged":"","post_modified":"2022-10-14 11:51:27","post_modified_gmt":"2022-10-14 09:51:27","post_content_filtered":"","post_parent":0,"guid":"http:\/\/dev.claret.cat\/editorial\/blume-naturart\/","menu_order":0,"post_type":"editorial","post_mime_type":"","comment_count":"0","filter":"raw"}],"autores-libros":[{"ID":169996,"post_author":"3","post_date":"2022-10-14 22:31:42","post_date_gmt":"2022-10-14 20:31:42","post_content":"","post_title":"SUSIE HODGE","post_excerpt":"","post_status":"publish","comment_status":"closed","ping_status":"closed","post_password":"","post_name":"susie-hodge","to_ping":"","pinged":"","post_modified":"2022-10-14 22:31:42","post_modified_gmt":"2022-10-14 20:31:42","post_content_filtered":"","post_parent":0,"guid":"http:\/\/dev.claret.cat\/autor\/susie-hodge\/","menu_order":0,"post_type":"autor","post_mime_type":"","comment_count":"0","filter":"raw"}]},"aioseo_notices":[],"_links":{"self":[{"href":"https:\/\/www.claret.cat\/es\/wp-json\/wp\/v2\/product\/123484","targetHints":{"allow":["GET"]}}],"collection":[{"href":"https:\/\/www.claret.cat\/es\/wp-json\/wp\/v2\/product"}],"about":[{"href":"https:\/\/www.claret.cat\/es\/wp-json\/wp\/v2\/types\/product"}],"wp:featuredmedia":[{"embeddable":true,"href":"https:\/\/www.claret.cat\/es\/wp-json\/wp\/v2\/media\/123485"}],"wp:attachment":[{"href":"https:\/\/www.claret.cat\/es\/wp-json\/wp\/v2\/media?parent=123484"}],"wp:term":[{"taxonomy":"product_brand","embeddable":true,"href":"https:\/\/www.claret.cat\/es\/wp-json\/wp\/v2\/product_brand?post=123484"},{"taxonomy":"product_cat","embeddable":true,"href":"https:\/\/www.claret.cat\/es\/wp-json\/wp\/v2\/product_cat?post=123484"},{"taxonomy":"product_tag","embeddable":true,"href":"https:\/\/www.claret.cat\/es\/wp-json\/wp\/v2\/product_tag?post=123484"}],"curies":[{"name":"wp","href":"https:\/\/api.w.org\/{rel}","templated":true}]}}