{"id":12351,"date":"2022-10-01T21:57:05","date_gmt":"2022-10-01T19:57:05","guid":{"rendered":"http:\/\/dev.claret.cat\/producte\/tractores-y-camiones\/"},"modified":"2023-01-28T19:04:24","modified_gmt":"2023-01-28T18:04:24","slug":"tractores-y-camiones","status":"publish","type":"product","link":"https:\/\/www.claret.cat\/es\/libro\/tractores-y-camiones\/","title":{"rendered":"TRACTORES Y CAMIONES"},"content":{"rendered":"<p>\u00bfD\u00f3nde se habr\u00e1 metido el perrito? Los ni\u00f1os crear\u00e1n verlo en las escenas de este libro gracias a una ingeniosa superposici\u00f3n de agujeros e ilustraciones, pero al pasar la p\u00e1gina se dar\u00e1n cuenta de que no era el perrito y la b\u00fasqueda contin\u00faa. Adem\u00e1s de agujeros y fant\u00e1sticas ilustraciones, las p\u00e1ginas contienen ranuras que seguir con el dedo, textos sencillos que compartir con los peque\u00f1os y muchos detalles que comentar. Un regalo ideal para los m\u00e1s peque\u00f1os de la casa, que lo pasar\u00e1n bomba intentando dar con este perrito tan juguet\u00f3n y descubriendo otros muchos animales.<\/p>\n","protected":false},"excerpt":{"rendered":"<p>WATSON HANNAH<\/p>\n","protected":false},"featured_media":272989,"template":"","meta":{"_acf_changed":false,"om_disable_all_campaigns":false,"rs_blank_template":"","rs_page_bg_color":"","slide_template_v7":"","inline_featured_image":false,"_monsterinsights_skip_tracking":false,"_monsterinsights_sitenote_active":false,"_monsterinsights_sitenote_note":"","_monsterinsights_sitenote_category":0},"product_brand":[],"product_cat":[90,540],"product_tag":[],"class_list":{"0":"post-12351","1":"product","2":"type-product","3":"status-publish","4":"has-post-thumbnail","6":"product_cat-altres","7":"product_cat-otros","9":"first","10":"instock","11":"taxable","12":"shipping-taxable","13":"purchasable","14":"product-type-simple"},"acf":{"editorial":[{"ID":6385,"post_author":"3","post_date":"2022-07-28 17:51:04","post_date_gmt":"2022-07-28 15:51:04","post_content":"","post_title":"USBORNE ED.","post_excerpt":"","post_status":"publish","comment_status":"closed","ping_status":"closed","post_password":"","post_name":"usborne-ed","to_ping":"","pinged":"","post_modified":"2022-07-28 17:51:04","post_modified_gmt":"2022-07-28 15:51:04","post_content_filtered":"","post_parent":0,"guid":"http:\/\/dev.claret.cat\/editorial\/usborne-ed\/","menu_order":0,"post_type":"editorial","post_mime_type":"","comment_count":"0","filter":"raw"}],"autores-libros":[{"ID":6089,"post_author":"3","post_date":"2022-07-28 17:37:54","post_date_gmt":"2022-07-28 15:37:54","post_content":"","post_title":"WATSON HANNAH","post_excerpt":"","post_status":"publish","comment_status":"closed","ping_status":"closed","post_password":"","post_name":"watson-hannah","to_ping":"","pinged":"","post_modified":"2022-07-28 17:37:54","post_modified_gmt":"2022-07-28 15:37:54","post_content_filtered":"","post_parent":0,"guid":"http:\/\/dev.claret.cat\/autor\/watson-hannah\/","menu_order":0,"post_type":"autor","post_mime_type":"","comment_count":"0","filter":"raw"}],"autor":"WATSON HANNAH","codart":"147497560","libros-coleccion":"USBORNE","ediciones":"1","encuadernacion":"Carpeta","fecha_de_publicacion":"11\/03\/2020","novedad":"1","paginas":"45","subtitulo":"","orden":"0","portada":"0","idioma":"spa"},"aioseo_notices":[],"_links":{"self":[{"href":"https:\/\/www.claret.cat\/es\/wp-json\/wp\/v2\/product\/12351","targetHints":{"allow":["GET"]}}],"collection":[{"href":"https:\/\/www.claret.cat\/es\/wp-json\/wp\/v2\/product"}],"about":[{"href":"https:\/\/www.claret.cat\/es\/wp-json\/wp\/v2\/types\/product"}],"wp:featuredmedia":[{"embeddable":true,"href":"https:\/\/www.claret.cat\/es\/wp-json\/wp\/v2\/media\/272989"}],"wp:attachment":[{"href":"https:\/\/www.claret.cat\/es\/wp-json\/wp\/v2\/media?parent=12351"}],"wp:term":[{"taxonomy":"product_brand","embeddable":true,"href":"https:\/\/www.claret.cat\/es\/wp-json\/wp\/v2\/product_brand?post=12351"},{"taxonomy":"product_cat","embeddable":true,"href":"https:\/\/www.claret.cat\/es\/wp-json\/wp\/v2\/product_cat?post=12351"},{"taxonomy":"product_tag","embeddable":true,"href":"https:\/\/www.claret.cat\/es\/wp-json\/wp\/v2\/product_tag?post=12351"}],"curies":[{"name":"wp","href":"https:\/\/api.w.org\/{rel}","templated":true}]}}