{"id":123599,"date":"2022-10-12T17:05:57","date_gmt":"2022-10-12T15:05:57","guid":{"rendered":"http:\/\/dev.claret.cat\/producte\/itinerario-catequetico-del-adviento-y-de-la-navidad-ciclo-a-poster-55\/"},"modified":"2026-02-25T17:02:40","modified_gmt":"2026-02-25T16:02:40","slug":"itinerario-catequetico-del-adviento-y-de-la-navidad-ciclo-a-poster-55-9788490239643","status":"publish","type":"product","link":"https:\/\/www.claret.cat\/es\/libro\/itinerario-catequetico-del-adviento-y-de-la-navidad-ciclo-a-poster-55-9788490239643\/","title":{"rendered":"ITINERARIO CATEQU\u00c9TICO DEL ADVIENTO Y DE LA NAVIDAD &#8211; CICLO A &#8211; POSTER 55"},"content":{"rendered":"<p>El Adviento es un tiempo de esperanza, un itinerario de cuatro semanas en el que preparamos nuestro coraz\u00f3n para el nacimiento de Jes\u00fas. Un camino que culmina en la Navidad, donde Dios se hace presente sin ruido, como lo hace en nuestras vidas cada d\u00eda.  Te invitamos a recorrerlo con esta sencilla propuesta catequ\u00e9tica que nos acerca al misterio de un Dios que se hace uno de los nuestros.<\/p>\n","protected":false},"excerpt":{"rendered":"<p>GINEL, \u00c1LVARO; FANO<\/p>\n","protected":false},"featured_media":1086371,"template":"","meta":{"_acf_changed":false,"om_disable_all_campaigns":false,"rs_blank_template":"","rs_page_bg_color":"","slide_template_v7":"","inline_featured_image":false,"_monsterinsights_skip_tracking":false,"_monsterinsights_sitenote_active":false,"_monsterinsights_sitenote_note":"","_monsterinsights_sitenote_category":0},"product_brand":[],"product_cat":[399,253,478,219],"product_tag":[],"class_list":{"0":"post-123599","1":"product","2":"type-product","3":"status-publish","4":"has-post-thumbnail","6":"product_cat-any-liturgic-liturgia-1_espiritualidad","7":"product_cat-any-liturgic","8":"product_cat-infantil-catequesis-1_espiritualidad","9":"product_cat-infantil-catequesi","11":"first","12":"outofstock","13":"taxable","14":"shipping-taxable","15":"purchasable","16":"product-type-simple"},"acf":{"editorial":[{"ID":6155,"post_author":"3","post_date":"2022-07-28 17:46:04","post_date_gmt":"2022-07-28 15:46:04","post_content":"","post_title":"Central Catequ\u00edstica Salesiana","post_excerpt":"","post_status":"publish","comment_status":"closed","ping_status":"closed","post_password":"","post_name":"central-catequistica-salesiana","to_ping":"","pinged":"","post_modified":"2022-07-28 17:46:04","post_modified_gmt":"2022-07-28 15:46:04","post_content_filtered":"","post_parent":0,"guid":"http:\/\/dev.claret.cat\/editorial\/central-catequistica-salesiana\/","menu_order":0,"post_type":"editorial","post_mime_type":"","comment_count":"0","filter":"raw"}],"autores-libros":[{"ID":8281,"post_author":"3","post_date":"2022-09-30 09:47:24","post_date_gmt":"2022-09-30 07:47:24","post_content":"","post_title":"\u00c1LVARO GINEL","post_excerpt":"","post_status":"publish","comment_status":"closed","ping_status":"closed","post_password":"","post_name":"alvaro-ginel","to_ping":"","pinged":"","post_modified":"2022-09-30 09:47:24","post_modified_gmt":"2022-09-30 07:47:24","post_content_filtered":"","post_parent":0,"guid":"http:\/\/dev.claret.cat\/autor\/alvaro-ginel\/","menu_order":0,"post_type":"autor","post_mime_type":"","comment_count":"0","filter":"raw"},{"ID":166678,"post_author":"3","post_date":"2022-10-14 18:05:10","post_date_gmt":"2022-10-14 16:05:10","post_content":"","post_title":"PATXI VELASCO FANO","post_excerpt":"","post_status":"publish","comment_status":"closed","ping_status":"closed","post_password":"","post_name":"patxi-velasco-fano","to_ping":"","pinged":"","post_modified":"2022-10-14 18:05:10","post_modified_gmt":"2022-10-14 16:05:10","post_content_filtered":"","post_parent":0,"guid":"http:\/\/dev.claret.cat\/autor\/patxi-velasco-fano\/","menu_order":0,"post_type":"autor","post_mime_type":"","comment_count":"0","filter":"raw"}],"autor":"GINEL, \u00c1LVARO; FANO","codart":"849023964","libros-coleccion":"P\u00f3sters Catequistas","ediciones":"1","encuadernacion":"R\u00fastica","fecha_de_publicacion":"30\/10\/2019","novedad":"0","paginas":"1","subtitulo":"CICLO A - POSTER 55 - MATERIALES DE CATEQUESIS","orden":"0","portada":"0","idioma":"spa","booktrailer":"","resenas":""},"aioseo_notices":[],"_links":{"self":[{"href":"https:\/\/www.claret.cat\/es\/wp-json\/wp\/v2\/product\/123599","targetHints":{"allow":["GET"]}}],"collection":[{"href":"https:\/\/www.claret.cat\/es\/wp-json\/wp\/v2\/product"}],"about":[{"href":"https:\/\/www.claret.cat\/es\/wp-json\/wp\/v2\/types\/product"}],"wp:featuredmedia":[{"embeddable":true,"href":"https:\/\/www.claret.cat\/es\/wp-json\/wp\/v2\/media\/1086371"}],"wp:attachment":[{"href":"https:\/\/www.claret.cat\/es\/wp-json\/wp\/v2\/media?parent=123599"}],"wp:term":[{"taxonomy":"product_brand","embeddable":true,"href":"https:\/\/www.claret.cat\/es\/wp-json\/wp\/v2\/product_brand?post=123599"},{"taxonomy":"product_cat","embeddable":true,"href":"https:\/\/www.claret.cat\/es\/wp-json\/wp\/v2\/product_cat?post=123599"},{"taxonomy":"product_tag","embeddable":true,"href":"https:\/\/www.claret.cat\/es\/wp-json\/wp\/v2\/product_tag?post=123599"}],"curies":[{"name":"wp","href":"https:\/\/api.w.org\/{rel}","templated":true}]}}