{"id":12363,"date":"2022-10-01T21:57:12","date_gmt":"2022-10-01T19:57:12","guid":{"rendered":"http:\/\/dev.claret.cat\/producte\/llibres-musicals-lorquestra\/"},"modified":"2023-01-28T17:48:36","modified_gmt":"2023-01-28T16:48:36","slug":"llibres-musicals-lorquestra-9781474978446","status":"publish","type":"product","link":"https:\/\/www.claret.cat\/es\/libro\/llibres-musicals-lorquestra-9781474978446\/","title":{"rendered":"LLIBRES MUSICALS: L&#8217;ORQUESTRA"},"content":{"rendered":"<p>Amb aquest llibre els m\u00e9s menuts descobriran la m\u00e0gia de la m\u00fasica i coneixeran els instruments que formen una orquestra.<\/p>\n","protected":false},"excerpt":{"rendered":"<p>TAPLIN SAM<\/p>\n","protected":false},"featured_media":66476,"template":"","meta":{"_acf_changed":false,"om_disable_all_campaigns":false,"rs_blank_template":"","rs_page_bg_color":"","slide_template_v7":"","inline_featured_image":false,"_monsterinsights_skip_tracking":false,"_monsterinsights_sitenote_active":false,"_monsterinsights_sitenote_note":"","_monsterinsights_sitenote_category":0},"product_brand":[],"product_cat":[131,135],"product_tag":[],"class_list":{"0":"post-12363","1":"product","2":"type-product","3":"status-publish","4":"has-post-thumbnail","6":"product_cat-contes-per-infants-0-6-anys","7":"product_cat-entreteniment","9":"first","10":"instock","11":"taxable","12":"shipping-taxable","13":"purchasable","14":"product-type-simple"},"acf":{"autor":"TAPLIN SAM","codart":"147497844","libros-coleccion":"USBORNE","ediciones":"1","encuadernacion":"Carton\u00e9","fecha_de_publicacion":"01\/12\/2019","novedad":"1","paginas":"8","subtitulo":"","orden":"0","portada":"0","idioma":"cat","editorial":[{"ID":6385,"post_author":"3","post_date":"2022-07-28 17:51:04","post_date_gmt":"2022-07-28 15:51:04","post_content":"","post_title":"USBORNE ED.","post_excerpt":"","post_status":"publish","comment_status":"closed","ping_status":"closed","post_password":"","post_name":"usborne-ed","to_ping":"","pinged":"","post_modified":"2022-07-28 17:51:04","post_modified_gmt":"2022-07-28 15:51:04","post_content_filtered":"","post_parent":0,"guid":"http:\/\/dev.claret.cat\/editorial\/usborne-ed\/","menu_order":0,"post_type":"editorial","post_mime_type":"","comment_count":"0","filter":"raw"}],"autores-libros":[{"ID":170139,"post_author":"3","post_date":"2022-10-14 22:32:53","post_date_gmt":"2022-10-14 20:32:53","post_content":"","post_title":"TAPLIN SAM","post_excerpt":"","post_status":"publish","comment_status":"closed","ping_status":"closed","post_password":"","post_name":"taplin-sam","to_ping":"","pinged":"","post_modified":"2022-10-14 22:32:53","post_modified_gmt":"2022-10-14 20:32:53","post_content_filtered":"","post_parent":0,"guid":"http:\/\/dev.claret.cat\/autor\/taplin-sam\/","menu_order":0,"post_type":"autor","post_mime_type":"","comment_count":"0","filter":"raw"}]},"aioseo_notices":[],"_links":{"self":[{"href":"https:\/\/www.claret.cat\/es\/wp-json\/wp\/v2\/product\/12363","targetHints":{"allow":["GET"]}}],"collection":[{"href":"https:\/\/www.claret.cat\/es\/wp-json\/wp\/v2\/product"}],"about":[{"href":"https:\/\/www.claret.cat\/es\/wp-json\/wp\/v2\/types\/product"}],"wp:featuredmedia":[{"embeddable":true,"href":"https:\/\/www.claret.cat\/es\/wp-json\/wp\/v2\/media\/66476"}],"wp:attachment":[{"href":"https:\/\/www.claret.cat\/es\/wp-json\/wp\/v2\/media?parent=12363"}],"wp:term":[{"taxonomy":"product_brand","embeddable":true,"href":"https:\/\/www.claret.cat\/es\/wp-json\/wp\/v2\/product_brand?post=12363"},{"taxonomy":"product_cat","embeddable":true,"href":"https:\/\/www.claret.cat\/es\/wp-json\/wp\/v2\/product_cat?post=12363"},{"taxonomy":"product_tag","embeddable":true,"href":"https:\/\/www.claret.cat\/es\/wp-json\/wp\/v2\/product_tag?post=12363"}],"curies":[{"name":"wp","href":"https:\/\/api.w.org\/{rel}","templated":true}]}}