{"id":123636,"date":"2022-10-12T17:06:33","date_gmt":"2022-10-12T15:06:33","guid":{"rendered":"http:\/\/dev.claret.cat\/producte\/si-lo-sabes-escuchar-el-vino-te-habla\/"},"modified":"2023-01-28T13:38:43","modified_gmt":"2023-01-28T12:38:43","slug":"si-lo-sabes-escuchar-el-vino-te-habla-9788498754933","status":"publish","type":"product","link":"https:\/\/www.claret.cat\/es\/libro\/si-lo-sabes-escuchar-el-vino-te-habla-9788498754933\/","title":{"rendered":"SI LO SABES ESCUCHAR, EL VINO TE HABLA"},"content":{"rendered":"<p>El inicio de las Bodegas Emilio Moro localizadas en Pesquera de Duero (Valladolid), se remonta a hace 120 a\u00f1os y, en todos estos a\u00f1os, se han mantenido c\u00f3mo un vino de saga familiar de gran prestigio.<br \/> Tras acabar sus estudios en Qu\u00edmica, y desarrollarse personal y profesionalmente en el mundo de la viticultura, Jos\u00e9 Moro, junto a sus hermanos, se hace cargo de la bodega que fund\u00f3 su abuelo. Desde entonces y gracias a su trabajo ha situado a Bodegas Emilio Moro como uno de los referentes del mundo del vino a nivel internacional. Ahora, gracias a este libro, podr\u00e1s conocer todos los secretos del \u00e9xito de una de las compa\u00f1\u00edas m\u00e1s reconocidas en su sector tanto nacional como internacionalmente.<\/p>\n","protected":false},"excerpt":{"rendered":"<p>MORO, JOS\u00c9<\/p>\n","protected":false},"featured_media":123637,"template":"","meta":{"_acf_changed":false,"om_disable_all_campaigns":false,"rs_blank_template":"","rs_page_bg_color":"","slide_template_v7":"","inline_featured_image":false,"_monsterinsights_skip_tracking":false,"_monsterinsights_sitenote_active":false,"_monsterinsights_sitenote_note":"","_monsterinsights_sitenote_category":0},"product_brand":[],"product_cat":[103],"product_tag":[],"class_list":{"0":"post-123636","1":"product","2":"type-product","3":"status-publish","4":"has-post-thumbnail","6":"product_cat-cuina","8":"first","9":"instock","10":"taxable","11":"shipping-taxable","12":"purchasable","13":"product-type-simple"},"acf":{"editorial":[{"ID":148208,"post_author":"3","post_date":"2022-10-14 11:56:28","post_date_gmt":"2022-10-14 09:56:28","post_content":"","post_title":"Gesti\u00f3n 2000","post_excerpt":"","post_status":"publish","comment_status":"closed","ping_status":"closed","post_password":"","post_name":"gestion-2000","to_ping":"","pinged":"","post_modified":"2022-10-14 11:56:28","post_modified_gmt":"2022-10-14 09:56:28","post_content_filtered":"","post_parent":0,"guid":"http:\/\/dev.claret.cat\/editorial\/gestion-2000\/","menu_order":0,"post_type":"editorial","post_mime_type":"","comment_count":"0","filter":"raw"}],"autor":"MORO, JOS\u00c9","codart":"849875493","libros-coleccion":"SIN COLECCI\u00d3N","ediciones":"1","encuadernacion":"R\u00fastica","fecha_de_publicacion":"01\/10\/2019","novedad":"1","paginas":"216","subtitulo":"LA INSPIRADORA HISTORIA DE \u00c9XITO DE BODEGAS EMILIO MORO","orden":"0","portada":"0","idioma":"spa","autores-libros":[{"ID":160522,"post_author":"3","post_date":"2022-10-14 15:53:45","post_date_gmt":"2022-10-14 13:53:45","post_content":"","post_title":"JOS\u00c9 MORO","post_excerpt":"","post_status":"publish","comment_status":"closed","ping_status":"closed","post_password":"","post_name":"jose-moro","to_ping":"","pinged":"","post_modified":"2022-10-14 15:53:45","post_modified_gmt":"2022-10-14 13:53:45","post_content_filtered":"","post_parent":0,"guid":"http:\/\/dev.claret.cat\/autor\/jose-moro\/","menu_order":0,"post_type":"autor","post_mime_type":"","comment_count":"0","filter":"raw"}]},"aioseo_notices":[],"_links":{"self":[{"href":"https:\/\/www.claret.cat\/es\/wp-json\/wp\/v2\/product\/123636","targetHints":{"allow":["GET"]}}],"collection":[{"href":"https:\/\/www.claret.cat\/es\/wp-json\/wp\/v2\/product"}],"about":[{"href":"https:\/\/www.claret.cat\/es\/wp-json\/wp\/v2\/types\/product"}],"wp:featuredmedia":[{"embeddable":true,"href":"https:\/\/www.claret.cat\/es\/wp-json\/wp\/v2\/media\/123637"}],"wp:attachment":[{"href":"https:\/\/www.claret.cat\/es\/wp-json\/wp\/v2\/media?parent=123636"}],"wp:term":[{"taxonomy":"product_brand","embeddable":true,"href":"https:\/\/www.claret.cat\/es\/wp-json\/wp\/v2\/product_brand?post=123636"},{"taxonomy":"product_cat","embeddable":true,"href":"https:\/\/www.claret.cat\/es\/wp-json\/wp\/v2\/product_cat?post=123636"},{"taxonomy":"product_tag","embeddable":true,"href":"https:\/\/www.claret.cat\/es\/wp-json\/wp\/v2\/product_tag?post=123636"}],"curies":[{"name":"wp","href":"https:\/\/api.w.org\/{rel}","templated":true}]}}