{"id":123798,"date":"2022-10-12T17:09:00","date_gmt":"2022-10-12T15:09:00","guid":{"rendered":"http:\/\/dev.claret.cat\/producte\/siete-casos\/"},"modified":"2025-02-04T17:56:01","modified_gmt":"2025-02-04T16:56:01","slug":"siete-casos-9788491872375","status":"publish","type":"product","link":"https:\/\/www.claret.cat\/es\/libro\/siete-casos-9788491872375\/","title":{"rendered":"SIETE CASOS"},"content":{"rendered":"<p>Easy Rawlins no se acostumbra a llevar una vida tranquila. A pesar de tener una mujer que le quiere, unos hijos que le adoran, una casa con jard\u00edn trasero y un trabajo en un instituto donde todos le respetan, Easy necesita algo que pensaba que hab\u00eda dejado atr\u00e1s. A\u00f1ora a su explosivo amigo Mouse, al que cree muerto, y aquella sensaci\u00f3n de constante peligro que siempre le rodeaba. Por eso, casi sin pretenderlo, vuelve a la calle a hacer lo que mejor sabe: resolver problemas de amigos y conocidos, y meterse en l\u00edos que le podr\u00edan llevar a la c\u00e1rcel o algo peor. Mientras tanto, no pierde la ocasi\u00f3n de buscar pistas para averiguar si su antiguo compa\u00f1ero de correr\u00edas ha desaparecido para siempre.<\/p>\n","protected":false},"excerpt":{"rendered":"<p>MOSLEY WALTER<\/p>\n","protected":false},"featured_media":123799,"template":"","meta":{"_acf_changed":false,"om_disable_all_campaigns":false,"rs_blank_template":"","rs_page_bg_color":"","slide_template_v7":"","inline_featured_image":false,"_monsterinsights_skip_tracking":false,"_monsterinsights_sitenote_active":false,"_monsterinsights_sitenote_note":"","_monsterinsights_sitenote_category":0},"product_brand":[],"product_cat":[127,357],"product_tag":[],"class_list":{"0":"post-123798","1":"product","2":"type-product","3":"status-publish","4":"has-post-thumbnail","6":"product_cat-novella-contemporania","7":"product_cat-novela-contemporanea","9":"first","10":"instock","11":"taxable","12":"shipping-taxable","13":"purchasable","14":"product-type-simple"},"acf":{"editorial":[{"ID":148737,"post_author":"3","post_date":"2022-10-14 12:00:35","post_date_gmt":"2022-10-14 10:00:35","post_content":"","post_title":"RBA Libros","post_excerpt":"","post_status":"publish","comment_status":"closed","ping_status":"closed","post_password":"","post_name":"rba-libros","to_ping":"","pinged":"","post_modified":"2022-10-14 12:00:35","post_modified_gmt":"2022-10-14 10:00:35","post_content_filtered":"","post_parent":0,"guid":"http:\/\/dev.claret.cat\/editorial\/rba-libros\/","menu_order":0,"post_type":"editorial","post_mime_type":"","comment_count":"0","filter":"raw"}],"autor":"MOSLEY WALTER","codart":"849187237","libros-coleccion":"NOVELA POLIC\u00cdACA BIB","ediciones":"1","encuadernacion":"Carton\u00e9","fecha_de_publicacion":"01\/10\/2019","novedad":"1","paginas":"283","subtitulo":"","orden":"0","portada":"0","idioma":"spa","autores-libros":[{"ID":165475,"post_author":"3","post_date":"2022-10-14 17:55:28","post_date_gmt":"2022-10-14 15:55:28","post_content":"","post_title":"MOSLEY WALTER","post_excerpt":"","post_status":"publish","comment_status":"closed","ping_status":"closed","post_password":"","post_name":"mosley-walter","to_ping":"","pinged":"","post_modified":"2022-10-14 17:55:28","post_modified_gmt":"2022-10-14 15:55:28","post_content_filtered":"","post_parent":0,"guid":"http:\/\/dev.claret.cat\/autor\/mosley-walter\/","menu_order":0,"post_type":"autor","post_mime_type":"","comment_count":"0","filter":"raw"}]},"aioseo_notices":[],"_links":{"self":[{"href":"https:\/\/www.claret.cat\/es\/wp-json\/wp\/v2\/product\/123798","targetHints":{"allow":["GET"]}}],"collection":[{"href":"https:\/\/www.claret.cat\/es\/wp-json\/wp\/v2\/product"}],"about":[{"href":"https:\/\/www.claret.cat\/es\/wp-json\/wp\/v2\/types\/product"}],"wp:featuredmedia":[{"embeddable":true,"href":"https:\/\/www.claret.cat\/es\/wp-json\/wp\/v2\/media\/123799"}],"wp:attachment":[{"href":"https:\/\/www.claret.cat\/es\/wp-json\/wp\/v2\/media?parent=123798"}],"wp:term":[{"taxonomy":"product_brand","embeddable":true,"href":"https:\/\/www.claret.cat\/es\/wp-json\/wp\/v2\/product_brand?post=123798"},{"taxonomy":"product_cat","embeddable":true,"href":"https:\/\/www.claret.cat\/es\/wp-json\/wp\/v2\/product_cat?post=123798"},{"taxonomy":"product_tag","embeddable":true,"href":"https:\/\/www.claret.cat\/es\/wp-json\/wp\/v2\/product_tag?post=123798"}],"curies":[{"name":"wp","href":"https:\/\/api.w.org\/{rel}","templated":true}]}}