{"id":124147,"date":"2022-10-12T21:46:55","date_gmt":"2022-10-12T19:46:55","guid":{"rendered":"http:\/\/dev.claret.cat\/producte\/cos-premi-nobel\/"},"modified":"2025-01-31T23:52:16","modified_gmt":"2025-01-31T22:52:16","slug":"cos-premi-nobel-9788416738496","status":"publish","type":"product","link":"https:\/\/www.claret.cat\/es\/libro\/cos-premi-nobel-9788416738496\/","title":{"rendered":"COS (PREMI NOBEL)"},"content":{"rendered":"<p>Un sorprenent viatge arreu del m\u00f3n, retrobant personatges hist\u00f2rics i fets ins\u00f2lits, que ens fan veure d&#8217;una altra manera el cos hum\u00e0. Una novel\u00b7la constru\u00efda com una constel\u00b7laci\u00f3 d&#8217;hist\u00f2ries narrades per una dona viatgera, optimista, generosa i fascinada per hist\u00f2ries inquietants. A &#8221;Cos&#8221; trobem a les germanes de Chopin, creuant Europa amb el cor del compositor en un pot; coneixem l&#8217;anatomista holand\u00e8s Philip Verheyen, descobrint el tend\u00f3 d&#8217;Aquil\u00b7les fent-se una dissecci\u00f3 a la pr\u00f2pia cama; o trobem una secta religiosa, els bieguni, que obliga els seus adeptes a moure&#8217;s constantment. Tot plegat \u00e9s una monumental reflexi\u00f3 sobre el cos hum\u00e0. Els arguments s&#8217;acumulen, nous personatges apareixen cont\u00ednuament i, p\u00e0gina rere p\u00e0gina, l&#8217;enginyosa prosa de Tokarczuk aconsegueix sorprendre&#8217;ns i emocionar-nos.<\/p>\n","protected":false},"excerpt":{"rendered":"<p>TOKARCZUK, OLGA<\/p>\n","protected":false},"featured_media":393014,"template":"","meta":{"_acf_changed":false,"om_disable_all_campaigns":false,"rs_blank_template":"","rs_page_bg_color":"","slide_template_v7":"","inline_featured_image":false,"_monsterinsights_skip_tracking":false,"_monsterinsights_sitenote_active":false,"_monsterinsights_sitenote_note":"","_monsterinsights_sitenote_category":0},"product_brand":[],"product_cat":[127,357],"product_tag":[],"class_list":{"0":"post-124147","1":"product","2":"type-product","3":"status-publish","4":"has-post-thumbnail","6":"product_cat-novella-contemporania","7":"product_cat-novela-contemporanea","9":"first","10":"instock","11":"taxable","12":"shipping-taxable","13":"purchasable","14":"product-type-simple"},"acf":{"editorial":[{"ID":6345,"post_author":"3","post_date":"2022-07-28 17:50:12","post_date_gmt":"2022-07-28 15:50:12","post_content":"","post_title":"Rata","post_excerpt":"","post_status":"publish","comment_status":"closed","ping_status":"closed","post_password":"","post_name":"rata","to_ping":"","pinged":"","post_modified":"2022-07-28 17:50:12","post_modified_gmt":"2022-07-28 15:50:12","post_content_filtered":"","post_parent":0,"guid":"http:\/\/dev.claret.cat\/editorial\/rata\/","menu_order":0,"post_type":"editorial","post_mime_type":"","comment_count":"0","filter":"raw"}],"autores-libros":[{"ID":166160,"post_author":"3","post_date":"2022-10-14 18:00:54","post_date_gmt":"2022-10-14 16:00:54","post_content":"","post_title":"OLGA TOKARCZUK","post_excerpt":"","post_status":"publish","comment_status":"closed","ping_status":"closed","post_password":"","post_name":"olga-tokarczuk","to_ping":"","pinged":"","post_modified":"2022-10-14 18:00:54","post_modified_gmt":"2022-10-14 16:00:54","post_content_filtered":"","post_parent":0,"guid":"http:\/\/dev.claret.cat\/autor\/olga-tokarczuk\/","menu_order":0,"post_type":"autor","post_mime_type":"","comment_count":"0","filter":"raw"}],"autor":"TOKARCZUK, OLGA","codart":"841673849","libros-coleccion":"rata\/0","ediciones":"1","encuadernacion":"R\u00fastica","fecha_de_publicacion":"25\/10\/2019","novedad":"1","paginas":"375","subtitulo":"","orden":"0","portada":"0","idioma":"cat"},"aioseo_notices":[],"_links":{"self":[{"href":"https:\/\/www.claret.cat\/es\/wp-json\/wp\/v2\/product\/124147","targetHints":{"allow":["GET"]}}],"collection":[{"href":"https:\/\/www.claret.cat\/es\/wp-json\/wp\/v2\/product"}],"about":[{"href":"https:\/\/www.claret.cat\/es\/wp-json\/wp\/v2\/types\/product"}],"wp:featuredmedia":[{"embeddable":true,"href":"https:\/\/www.claret.cat\/es\/wp-json\/wp\/v2\/media\/393014"}],"wp:attachment":[{"href":"https:\/\/www.claret.cat\/es\/wp-json\/wp\/v2\/media?parent=124147"}],"wp:term":[{"taxonomy":"product_brand","embeddable":true,"href":"https:\/\/www.claret.cat\/es\/wp-json\/wp\/v2\/product_brand?post=124147"},{"taxonomy":"product_cat","embeddable":true,"href":"https:\/\/www.claret.cat\/es\/wp-json\/wp\/v2\/product_cat?post=124147"},{"taxonomy":"product_tag","embeddable":true,"href":"https:\/\/www.claret.cat\/es\/wp-json\/wp\/v2\/product_tag?post=124147"}],"curies":[{"name":"wp","href":"https:\/\/api.w.org\/{rel}","templated":true}]}}