{"id":124156,"date":"2022-10-12T21:47:03","date_gmt":"2022-10-12T19:47:03","guid":{"rendered":"http:\/\/dev.claret.cat\/producte\/tolerancia-cero\/"},"modified":"2024-05-02T05:57:35","modified_gmt":"2024-05-02T03:57:35","slug":"tolerancia-cero-9788428834254","status":"publish","type":"product","link":"https:\/\/www.claret.cat\/es\/libro\/tolerancia-cero-9788428834254\/","title":{"rendered":"TOLERANCIA CERO"},"content":{"rendered":"<p>ste libro no solo presenta y analiza claramente los mayores desaf\u00edos para la Iglesia cat\u00f3lica ante el problema del abuso de menores, sino que tambi\u00e9n propone soluciones teol\u00f3gico-eclesiol\u00f3gicas: \u201cSi un miembro sufre, todos sufren con \u00e9l\u201d (1 Cor 12,26).<br \/>Sufrimiento espiritual, corrupci\u00f3n estructural, clericalismo, farise\u00edsmo, tolerancia cero, conversi\u00f3n, sinodalidad; estas son algunas de las palabras clave que caracterizan el presente libro. Los t\u00e9rminos se refieren a los problemas y desaf\u00edos m\u00e1s urgentes relacionados con el abuso sexual de menores por parte de cl\u00e9rigos, indudablemente el mayor mal de la Iglesia cat\u00f3lica de las \u00faltimas d\u00e9cadas.<\/p>\n","protected":false},"excerpt":{"rendered":"<p>PORTILLO TREVIZO, DANIEL (COORD.)<\/p>\n","protected":false},"featured_media":337945,"template":"","meta":{"_acf_changed":false,"om_disable_all_campaigns":false,"rs_blank_template":"","rs_page_bg_color":"","slide_template_v7":"","inline_featured_image":false,"_monsterinsights_skip_tracking":false,"_monsterinsights_sitenote_active":false,"_monsterinsights_sitenote_note":"","_monsterinsights_sitenote_category":0},"product_brand":[],"product_cat":[90,540],"product_tag":[],"class_list":{"0":"post-124156","1":"product","2":"type-product","3":"status-publish","4":"has-post-thumbnail","6":"product_cat-altres","7":"product_cat-otros","9":"first","10":"instock","11":"taxable","12":"shipping-taxable","13":"purchasable","14":"product-type-simple"},"acf":{"editorial":[{"ID":6335,"post_author":"3","post_date":"2022-07-28 17:49:59","post_date_gmt":"2022-07-28 15:49:59","post_content":"","post_title":"PPC altres","post_excerpt":"","post_status":"publish","comment_status":"closed","ping_status":"closed","post_password":"","post_name":"ppc-altres","to_ping":"","pinged":"","post_modified":"2022-07-28 17:49:59","post_modified_gmt":"2022-07-28 15:49:59","post_content_filtered":"","post_parent":0,"guid":"http:\/\/dev.claret.cat\/editorial\/ppc-altres\/","menu_order":0,"post_type":"editorial","post_mime_type":"","comment_count":"0","filter":"raw"}],"autores-libros":[{"ID":5372,"post_author":"3","post_date":"2022-07-28 17:22:33","post_date_gmt":"2022-07-28 15:22:33","post_content":"","post_title":"DANIEL (COORD.) PORTILLO TREVIZO","post_excerpt":"","post_status":"publish","comment_status":"closed","ping_status":"closed","post_password":"","post_name":"daniel-coord-portillo-trevizo","to_ping":"","pinged":"","post_modified":"2022-07-28 17:22:33","post_modified_gmt":"2022-07-28 15:22:33","post_content_filtered":"","post_parent":0,"guid":"http:\/\/dev.claret.cat\/autor\/daniel-coord-portillo-trevizo\/","menu_order":0,"post_type":"autor","post_mime_type":"","comment_count":"0","filter":"raw"}],"autor":"PORTILLO TREVIZO, DANIEL (COORD.)","codart":"842883425","libros-coleccion":"","ediciones":"1","encuadernacion":"R\u00fastica","fecha_de_publicacion":"25\/10\/2019","novedad":"1","paginas":"216","subtitulo":"ESTUDIO INTERDISCIPLINAR SOBRE LA PREVENCI\u00d3N DE LOS ABUSOS EN LA IGLESIA","orden":"0","portada":"0","idioma":"spa"},"aioseo_notices":[],"_links":{"self":[{"href":"https:\/\/www.claret.cat\/es\/wp-json\/wp\/v2\/product\/124156","targetHints":{"allow":["GET"]}}],"collection":[{"href":"https:\/\/www.claret.cat\/es\/wp-json\/wp\/v2\/product"}],"about":[{"href":"https:\/\/www.claret.cat\/es\/wp-json\/wp\/v2\/types\/product"}],"wp:featuredmedia":[{"embeddable":true,"href":"https:\/\/www.claret.cat\/es\/wp-json\/wp\/v2\/media\/337945"}],"wp:attachment":[{"href":"https:\/\/www.claret.cat\/es\/wp-json\/wp\/v2\/media?parent=124156"}],"wp:term":[{"taxonomy":"product_brand","embeddable":true,"href":"https:\/\/www.claret.cat\/es\/wp-json\/wp\/v2\/product_brand?post=124156"},{"taxonomy":"product_cat","embeddable":true,"href":"https:\/\/www.claret.cat\/es\/wp-json\/wp\/v2\/product_cat?post=124156"},{"taxonomy":"product_tag","embeddable":true,"href":"https:\/\/www.claret.cat\/es\/wp-json\/wp\/v2\/product_tag?post=124156"}],"curies":[{"name":"wp","href":"https:\/\/api.w.org\/{rel}","templated":true}]}}