{"id":124309,"date":"2022-10-12T21:49:25","date_gmt":"2022-10-12T19:49:25","guid":{"rendered":"http:\/\/dev.claret.cat\/producte\/tota-la-veritat\/"},"modified":"2025-01-31T14:11:14","modified_gmt":"2025-01-31T13:11:14","slug":"tota-la-veritat-9788417804183","status":"publish","type":"product","link":"https:\/\/www.claret.cat\/es\/libro\/tota-la-veritat-9788417804183\/","title":{"rendered":"TOTA LA VERITAT"},"content":{"rendered":"<p>La cr\u00f2nica m\u00e9s completa i rigorosa que explica, com no s&#8217;ha fet mai abans, el rerefons d&#8217;uns fets que han canviat la hist\u00f2ria de Catalunya. Una investigaci\u00f3 period\u00edstica de primer ordre sobre el conflicte pol\u00edtic m\u00e9s important al nostre pa\u00eds, sense herois ni tra\u00efdors, sense retrets ni lloances. Nom\u00e9s tota la veritat.<br \/> Sis periodistes de diferents mitjans de comunicaci\u00f3 han unit el seu talent, els seus recursos i les seves fonts d&#8217;informaci\u00f3 per tal d&#8217;entrevistar amb discreci\u00f3 m\u00e9s d&#8217;un centenar de dirigents pol\u00edtics, l\u00edders presos i exiliats, activistes socials, assessors, membres de l&#8217;Estat Major i col\u00b7laboradors que van protagonitzar l&#8217;1-O. M\u00e9s de dos anys de treball period\u00edstic, noms i cognoms, documentaci\u00f3 i revelacions in\u00e8dites fins ara.<br \/> Com va ser la reuni\u00f3 fundacional de l&#8217;Estat Major, l&#8217;eina que va preparar en secret el refer\u00e8ndum? Quan i com es va gestar l&#8217;enc\u00e0rrec pol\u00edtic de les urnes? En quin moment es va tor\u00e7ar la relaci\u00f3 entre Puigdemont i Junqueras?<br \/> Les respostes a aquests interrogants i el detall d&#8217;episodis fins ara a l&#8221;ombra, com la trobada en una casa del Vall\u00e8s on alguns consellers que havien de marxar a B\u00e8lgica van decidir quedar-se, o el discurs de proclamaci\u00f3 de la independ\u00e8ncia escrit per Quim Torra i que Puigdemont no va arribar a llegir en p\u00fablic, fan d&#8217;aquesta recerca un document imprescindible per entendre un per\u00edode clau.<\/p>\n","protected":false},"excerpt":{"rendered":"<p>CASAS I MANRESA, FERRAN \/ ANCHUSTEGUI-ECHEARTE I ATIENZA, ODEI \/ MART\u00cdNEZ I AMA<\/p>\n","protected":false},"featured_media":124310,"template":"","meta":{"_acf_changed":false,"om_disable_all_campaigns":false,"rs_blank_template":"","rs_page_bg_color":"","slide_template_v7":"","inline_featured_image":false,"_monsterinsights_skip_tracking":false,"_monsterinsights_sitenote_active":false,"_monsterinsights_sitenote_note":"","_monsterinsights_sitenote_category":0},"product_brand":[],"product_cat":[120,569],"product_tag":[],"class_list":{"0":"post-124309","1":"product","2":"type-product","3":"status-publish","4":"has-post-thumbnail","6":"product_cat-politica","7":"product_cat-politica-2_humanidades-spa","9":"first","10":"instock","11":"taxable","12":"shipping-taxable","13":"purchasable","14":"product-type-simple"},"acf":{"autor":"CASAS I MANRESA, FERRAN \/ ANCHUSTEGUI-ECHEARTE I ATIENZA, ODEI \/ MART\u00cdNEZ I AMA","codart":"841780418","libros-coleccion":"Ara Pausa","ediciones":"1","encuadernacion":"R\u00fastica","fecha_de_publicacion":"01\/09\/2019","novedad":"1","paginas":"352","subtitulo":"LA CR\u00d2NICA DEFINITIVA DELS DIES DECISIUS DEL PROC\u00c9S","orden":"0","portada":"0","idioma":"cat","editorial":[{"ID":147453,"post_author":"3","post_date":"2022-10-14 11:50:42","post_date_gmt":"2022-10-14 09:50:42","post_content":"","post_title":"ARA LLIBRES","post_excerpt":"","post_status":"publish","comment_status":"closed","ping_status":"closed","post_password":"","post_name":"ara-llibres","to_ping":"","pinged":"","post_modified":"2022-10-14 11:50:42","post_modified_gmt":"2022-10-14 09:50:42","post_content_filtered":"","post_parent":0,"guid":"http:\/\/dev.claret.cat\/editorial\/ara-llibres\/","menu_order":0,"post_type":"editorial","post_mime_type":"","comment_count":"0","filter":"raw"}],"autores-libros":[{"ID":155892,"post_author":"3","post_date":"2022-10-14 15:16:27","post_date_gmt":"2022-10-14 13:16:27","post_content":"","post_title":"FERRAN CASAS I MANRESA","post_excerpt":"","post_status":"publish","comment_status":"closed","ping_status":"closed","post_password":"","post_name":"ferran-casas-i-manresa","to_ping":"","pinged":"","post_modified":"2022-10-14 15:16:27","post_modified_gmt":"2022-10-14 13:16:27","post_content_filtered":"","post_parent":0,"guid":"http:\/\/dev.claret.cat\/autor\/ferran-casas-i-manresa\/","menu_order":0,"post_type":"autor","post_mime_type":"","comment_count":"0","filter":"raw"},{"ID":166101,"post_author":"3","post_date":"2022-10-14 18:00:26","post_date_gmt":"2022-10-14 16:00:26","post_content":"","post_title":"ODEI ANCHUSTEGUI-ECHEARTE I ATIENZA","post_excerpt":"","post_status":"publish","comment_status":"closed","ping_status":"closed","post_password":"","post_name":"odei-anchustegui-echearte-i-atienza","to_ping":"","pinged":"","post_modified":"2022-10-14 18:00:26","post_modified_gmt":"2022-10-14 16:00:26","post_content_filtered":"","post_parent":0,"guid":"http:\/\/dev.claret.cat\/autor\/odei-anchustegui-echearte-i-atienza\/","menu_order":0,"post_type":"autor","post_mime_type":"","comment_count":"0","filter":"raw"},{"ID":164337,"post_author":"3","post_date":"2022-10-14 17:46:16","post_date_gmt":"2022-10-14 15:46:16","post_content":"","post_title":"MART\u00cdNEZ I AMA","post_excerpt":"","post_status":"publish","comment_status":"closed","ping_status":"closed","post_password":"","post_name":"martinez-i-ama","to_ping":"","pinged":"","post_modified":"2022-10-14 17:46:16","post_modified_gmt":"2022-10-14 15:46:16","post_content_filtered":"","post_parent":0,"guid":"http:\/\/dev.claret.cat\/autor\/martinez-i-ama\/","menu_order":0,"post_type":"autor","post_mime_type":"","comment_count":"0","filter":"raw"}]},"aioseo_notices":[],"_links":{"self":[{"href":"https:\/\/www.claret.cat\/es\/wp-json\/wp\/v2\/product\/124309","targetHints":{"allow":["GET"]}}],"collection":[{"href":"https:\/\/www.claret.cat\/es\/wp-json\/wp\/v2\/product"}],"about":[{"href":"https:\/\/www.claret.cat\/es\/wp-json\/wp\/v2\/types\/product"}],"wp:featuredmedia":[{"embeddable":true,"href":"https:\/\/www.claret.cat\/es\/wp-json\/wp\/v2\/media\/124310"}],"wp:attachment":[{"href":"https:\/\/www.claret.cat\/es\/wp-json\/wp\/v2\/media?parent=124309"}],"wp:term":[{"taxonomy":"product_brand","embeddable":true,"href":"https:\/\/www.claret.cat\/es\/wp-json\/wp\/v2\/product_brand?post=124309"},{"taxonomy":"product_cat","embeddable":true,"href":"https:\/\/www.claret.cat\/es\/wp-json\/wp\/v2\/product_cat?post=124309"},{"taxonomy":"product_tag","embeddable":true,"href":"https:\/\/www.claret.cat\/es\/wp-json\/wp\/v2\/product_tag?post=124309"}],"curies":[{"name":"wp","href":"https:\/\/api.w.org\/{rel}","templated":true}]}}