{"id":124351,"date":"2022-10-12T21:50:05","date_gmt":"2022-10-12T19:50:05","guid":{"rendered":"http:\/\/dev.claret.cat\/producte\/arte-del-bienestar-japonesel\/"},"modified":"2023-01-28T11:46:56","modified_gmt":"2023-01-28T10:46:56","slug":"arte-del-bienestar-japonesel-9788499175768","status":"publish","type":"product","link":"https:\/\/www.claret.cat\/es\/libro\/arte-del-bienestar-japonesel-9788499175768\/","title":{"rendered":"ARTE DEL BIENESTAR JAPONES,EL"},"content":{"rendered":"<p>Jap\u00f3n es uno de los pa\u00edses con una mayor expectativa de vida del mundo. Y es que los nipones han sabido aunar el valor de una alimentaci\u00f3n saludable con otros aspectos de la vida cultural basados en una tradici\u00f3n y una filosof\u00eda que aportan la dosis necesaria de tranquilidad en cada actividad realizada. Cuestiones como el ikigai -tener una motivaci\u00f3n, una misi\u00f3n que te d\u00e9 fuerzas en el d\u00eda a d\u00eda- o el shinrin-yoku -los famosos ba\u00f1os de bosque- hacen que las peque\u00f1as frustraciones de la vida tengan menos trascendencia. Con la lectura de este apasionante libro conseguir\u00e1s trasladarte a la esencia de la cultura japonesa para descubrir todas aquellas cuestiones que han hecho que los habitantes del pa\u00eds nip\u00f3n sean los m\u00e1s longevos del planeta y tambi\u00e9n los m\u00e1s felices. Wabi-Sabi, la belleza de lo imperfecto y lo imperecedero. El esp\u00edritu de kintsugi para apreciar la belleza humilde de las cosas sencillas. Koan, las preguntas abiertas a lo desconocido. Zazen, la meditaci\u00f3n sentada en la postura del loto. Takayama, en el coraz\u00f3n de los Alpes japoneses. El secreto mejor guardado: algas y fermentados en la alimentaci\u00f3n.<\/p>\n","protected":false},"excerpt":{"rendered":"<p>TAKAHASHI,YUNA<\/p>\n","protected":false},"featured_media":124352,"template":"","meta":{"_acf_changed":false,"om_disable_all_campaigns":false,"rs_blank_template":"","rs_page_bg_color":"","slide_template_v7":"","inline_featured_image":false,"_monsterinsights_skip_tracking":false,"_monsterinsights_sitenote_active":false,"_monsterinsights_sitenote_note":"","_monsterinsights_sitenote_category":0},"product_brand":[],"product_cat":[90,97],"product_tag":[],"class_list":{"0":"post-124351","1":"product","2":"type-product","3":"status-publish","4":"has-post-thumbnail","6":"product_cat-altres","7":"product_cat-salut","9":"first","10":"instock","11":"taxable","12":"shipping-taxable","13":"purchasable","14":"product-type-simple"},"acf":{"editorial":[{"ID":148753,"post_author":"3","post_date":"2022-10-14 12:00:43","post_date_gmt":"2022-10-14 10:00:43","post_content":"","post_title":"ROBINBOOK","post_excerpt":"","post_status":"publish","comment_status":"closed","ping_status":"closed","post_password":"","post_name":"robinbook","to_ping":"","pinged":"","post_modified":"2022-10-14 12:00:43","post_modified_gmt":"2022-10-14 10:00:43","post_content_filtered":"","post_parent":0,"guid":"http:\/\/dev.claret.cat\/editorial\/robinbook\/","menu_order":0,"post_type":"editorial","post_mime_type":"","comment_count":"0","filter":"raw"}],"autor":"TAKAHASHI,YUNA","codart":"849917576","libros-coleccion":"Nutrici\u00f3n & fitness","ediciones":"1","encuadernacion":"Carpeta","fecha_de_publicacion":"01\/10\/2019","novedad":"1","paginas":"167","subtitulo":"","orden":"0","portada":"0","idioma":"spa","autores-libros":[{"ID":171629,"post_author":"3","post_date":"2022-10-14 22:44:56","post_date_gmt":"2022-10-14 20:44:56","post_content":"","post_title":"YUNA TAKAHASHI","post_excerpt":"","post_status":"publish","comment_status":"closed","ping_status":"closed","post_password":"","post_name":"yuna-takahashi","to_ping":"","pinged":"","post_modified":"2022-10-14 22:44:56","post_modified_gmt":"2022-10-14 20:44:56","post_content_filtered":"","post_parent":0,"guid":"http:\/\/dev.claret.cat\/autor\/yuna-takahashi\/","menu_order":0,"post_type":"autor","post_mime_type":"","comment_count":"0","filter":"raw"}]},"aioseo_notices":[],"_links":{"self":[{"href":"https:\/\/www.claret.cat\/es\/wp-json\/wp\/v2\/product\/124351","targetHints":{"allow":["GET"]}}],"collection":[{"href":"https:\/\/www.claret.cat\/es\/wp-json\/wp\/v2\/product"}],"about":[{"href":"https:\/\/www.claret.cat\/es\/wp-json\/wp\/v2\/types\/product"}],"wp:featuredmedia":[{"embeddable":true,"href":"https:\/\/www.claret.cat\/es\/wp-json\/wp\/v2\/media\/124352"}],"wp:attachment":[{"href":"https:\/\/www.claret.cat\/es\/wp-json\/wp\/v2\/media?parent=124351"}],"wp:term":[{"taxonomy":"product_brand","embeddable":true,"href":"https:\/\/www.claret.cat\/es\/wp-json\/wp\/v2\/product_brand?post=124351"},{"taxonomy":"product_cat","embeddable":true,"href":"https:\/\/www.claret.cat\/es\/wp-json\/wp\/v2\/product_cat?post=124351"},{"taxonomy":"product_tag","embeddable":true,"href":"https:\/\/www.claret.cat\/es\/wp-json\/wp\/v2\/product_tag?post=124351"}],"curies":[{"name":"wp","href":"https:\/\/api.w.org\/{rel}","templated":true}]}}