{"id":124399,"date":"2022-10-12T21:50:49","date_gmt":"2022-10-12T19:50:49","guid":{"rendered":"http:\/\/dev.claret.cat\/producte\/la-filla-de-vercingetorix\/"},"modified":"2025-03-06T14:01:13","modified_gmt":"2025-03-06T13:01:13","slug":"la-filla-de-vercingetorix-9788469626221","status":"publish","type":"product","link":"https:\/\/www.claret.cat\/es\/libro\/la-filla-de-vercingetorix-9788469626221\/","title":{"rendered":"LA FILLA DE VERCINGET\u00d2RIX"},"content":{"rendered":"<p>Arriba el nou \u00e0lbum de la col\u00b7lecci\u00f3 cl\u00e0ssica d&#8217;Ast\u00e8rix amb els personatges de sempre i molts de nous.<\/p>\n","protected":false},"excerpt":{"rendered":"<p>GOSCINNY, REN\u00c9 \/ FERRI, JEAN-YVES<\/p>\n","protected":false},"featured_media":374778,"template":"","meta":{"_acf_changed":false,"om_disable_all_campaigns":false,"rs_blank_template":"","rs_page_bg_color":"","slide_template_v7":"","inline_featured_image":false,"_monsterinsights_skip_tracking":false,"_monsterinsights_sitenote_active":false,"_monsterinsights_sitenote_note":"","_monsterinsights_sitenote_category":0},"product_brand":[],"product_cat":[133,132,108,558,117,566,362,363],"product_tag":[],"class_list":{"0":"post-124399","1":"product","2":"type-product","3":"status-publish","4":"has-post-thumbnail","6":"product_cat-lectures-per-adolescents-12-18-anys","7":"product_cat-lectures-per-preadolescents-6-12-anys","8":"product_cat-comic","9":"product_cat-comic-3_infantil-juvenil-spa-spa","10":"product_cat-juvenil","11":"product_cat-juvenil-3_infantil-juvenil-spa-spa","12":"product_cat-libros-preadolescentes-6-12-anos","13":"product_cat-lecturas-por-adolescentes-12-18-anos","15":"first","16":"instock","17":"taxable","18":"shipping-taxable","19":"purchasable","20":"product-type-simple"},"acf":{"autor":"GOSCINNY, REN\u00c9 \/ FERRI, JEAN-YVES","codart":"846962622","libros-coleccion":"Catal\u00e1 - A Partir De 10 Anys - Ast\u00e8rix -","ediciones":"1","encuadernacion":"Carton\u00e9","fecha_de_publicacion":"01\/10\/2019","novedad":"1","paginas":"48","subtitulo":"","orden":"0","portada":"0","idioma":"cat","editorial":[{"ID":147936,"post_author":"3","post_date":"2022-10-14 11:54:22","post_date_gmt":"2022-10-14 09:54:22","post_content":"","post_title":"Editorial Bru\u00f1o","post_excerpt":"","post_status":"publish","comment_status":"closed","ping_status":"closed","post_password":"","post_name":"editorial-bruno","to_ping":"","pinged":"","post_modified":"2022-10-14 11:54:22","post_modified_gmt":"2022-10-14 09:54:22","post_content_filtered":"","post_parent":0,"guid":"http:\/\/dev.claret.cat\/editorial\/editorial-bruno\/","menu_order":0,"post_type":"editorial","post_mime_type":"","comment_count":"0","filter":"raw"}],"autores-libros":[{"ID":158933,"post_author":"3","post_date":"2022-10-14 15:40:45","post_date_gmt":"2022-10-14 13:40:45","post_content":"","post_title":"JEAN-YVES FERRI","post_excerpt":"","post_status":"publish","comment_status":"closed","ping_status":"closed","post_password":"","post_name":"jean-yves-ferri","to_ping":"","pinged":"","post_modified":"2022-10-14 15:40:45","post_modified_gmt":"2022-10-14 13:40:45","post_content_filtered":"","post_parent":0,"guid":"http:\/\/dev.claret.cat\/autor\/jean-yves-ferri\/","menu_order":0,"post_type":"autor","post_mime_type":"","comment_count":"0","filter":"raw"},{"ID":167973,"post_author":"3","post_date":"2022-10-14 18:15:30","post_date_gmt":"2022-10-14 16:15:30","post_content":"","post_title":"REN\u00c9 GOSCINNY","post_excerpt":"","post_status":"publish","comment_status":"closed","ping_status":"closed","post_password":"","post_name":"rene-goscinny","to_ping":"","pinged":"","post_modified":"2022-10-14 18:15:30","post_modified_gmt":"2022-10-14 16:15:30","post_content_filtered":"","post_parent":0,"guid":"http:\/\/dev.claret.cat\/autor\/rene-goscinny\/","menu_order":0,"post_type":"autor","post_mime_type":"","comment_count":"0","filter":"raw"}]},"aioseo_notices":[],"_links":{"self":[{"href":"https:\/\/www.claret.cat\/es\/wp-json\/wp\/v2\/product\/124399","targetHints":{"allow":["GET"]}}],"collection":[{"href":"https:\/\/www.claret.cat\/es\/wp-json\/wp\/v2\/product"}],"about":[{"href":"https:\/\/www.claret.cat\/es\/wp-json\/wp\/v2\/types\/product"}],"wp:featuredmedia":[{"embeddable":true,"href":"https:\/\/www.claret.cat\/es\/wp-json\/wp\/v2\/media\/374778"}],"wp:attachment":[{"href":"https:\/\/www.claret.cat\/es\/wp-json\/wp\/v2\/media?parent=124399"}],"wp:term":[{"taxonomy":"product_brand","embeddable":true,"href":"https:\/\/www.claret.cat\/es\/wp-json\/wp\/v2\/product_brand?post=124399"},{"taxonomy":"product_cat","embeddable":true,"href":"https:\/\/www.claret.cat\/es\/wp-json\/wp\/v2\/product_cat?post=124399"},{"taxonomy":"product_tag","embeddable":true,"href":"https:\/\/www.claret.cat\/es\/wp-json\/wp\/v2\/product_tag?post=124399"}],"curies":[{"name":"wp","href":"https:\/\/api.w.org\/{rel}","templated":true}]}}