{"id":124450,"date":"2022-10-12T21:51:37","date_gmt":"2022-10-12T19:51:37","guid":{"rendered":"http:\/\/dev.claret.cat\/producte\/gramatica-y-ortografia-basicas\/"},"modified":"2023-01-28T16:19:20","modified_gmt":"2023-01-28T15:19:20","slug":"gramatica-y-ortografia-basicas-9788467057300","status":"publish","type":"product","link":"https:\/\/www.claret.cat\/es\/libro\/gramatica-y-ortografia-basicas-9788467057300\/","title":{"rendered":"GRAM\u00c1TICA Y ORTOGRAF\u00cdA B\u00c1SICAS"},"content":{"rendered":"<p>Las normas gramaticales y ortogr\u00e1ficas del espa\u00f1ol simplificadas, resumidas y al alcance de todos: el g\u00e9nero y el n\u00famero, las categor\u00edas gramaticales del espa\u00f1ol (sustantivos, adjetivos, verbos, pronombres, nexos), el uso de may\u00fasculas, de los signos de puntuaci\u00f3n<\/p>\n<p>Dos obras de referencia de la RAE, la Gram\u00e1tica b\u00e1sica y la Ortograf\u00eda b\u00e1sica, reunidas en un \u00fanico volumen que facilita su consulta.<\/p>\n<p>Un libro que no debe faltar en ning\u00fan hogar, centro educativo o de trabajo.<\/p>\n","protected":false},"excerpt":{"rendered":"<p>REAL ACADEMIA ESPA\u00d1OLA<\/p>\n","protected":false},"featured_media":124451,"template":"","meta":{"_acf_changed":false,"om_disable_all_campaigns":false,"rs_blank_template":"","rs_page_bg_color":"","slide_template_v7":"","inline_featured_image":false,"_monsterinsights_skip_tracking":false,"_monsterinsights_sitenote_active":false,"_monsterinsights_sitenote_note":"","_monsterinsights_sitenote_category":0},"product_brand":[],"product_cat":[16],"product_tag":[],"class_list":{"0":"post-124450","1":"product","2":"type-product","3":"status-publish","4":"has-post-thumbnail","6":"product_cat-sense-categoria","8":"first","9":"instock","10":"taxable","11":"shipping-taxable","12":"purchasable","13":"product-type-simple"},"acf":{"editorial":[{"ID":6247,"post_author":"3","post_date":"2022-07-28 17:48:06","post_date_gmt":"2022-07-28 15:48:06","post_content":"","post_title":"ESPASA, EDITORIAL","post_excerpt":"","post_status":"publish","comment_status":"closed","ping_status":"closed","post_password":"","post_name":"espasa-editorial","to_ping":"","pinged":"","post_modified":"2022-07-28 17:48:06","post_modified_gmt":"2022-07-28 15:48:06","post_content_filtered":"","post_parent":0,"guid":"http:\/\/dev.claret.cat\/editorial\/espasa-editorial\/","menu_order":0,"post_type":"editorial","post_mime_type":"","comment_count":"0","filter":"raw"}],"autor":"REAL ACADEMIA ESPA\u00d1OLA","codart":"846705730","libros-coleccion":"NUEVAS OBRAS REAL ACADEMIA","ediciones":"1","encuadernacion":"R\u00fastica","fecha_de_publicacion":"01\/10\/2019","novedad":"1","paginas":"552","subtitulo":"","orden":"0","portada":"0","idioma":"spa","autores-libros":[{"ID":167894,"post_author":"3","post_date":"2022-10-14 18:14:51","post_date_gmt":"2022-10-14 16:14:51","post_content":"","post_title":"REAL ACADEMIA ESPA\u00d1OLA","post_excerpt":"","post_status":"publish","comment_status":"closed","ping_status":"closed","post_password":"","post_name":"real-academia-espanola","to_ping":"","pinged":"","post_modified":"2022-10-14 18:14:51","post_modified_gmt":"2022-10-14 16:14:51","post_content_filtered":"","post_parent":0,"guid":"http:\/\/dev.claret.cat\/autor\/real-academia-espanola\/","menu_order":0,"post_type":"autor","post_mime_type":"","comment_count":"0","filter":"raw"}]},"aioseo_notices":[],"_links":{"self":[{"href":"https:\/\/www.claret.cat\/es\/wp-json\/wp\/v2\/product\/124450","targetHints":{"allow":["GET"]}}],"collection":[{"href":"https:\/\/www.claret.cat\/es\/wp-json\/wp\/v2\/product"}],"about":[{"href":"https:\/\/www.claret.cat\/es\/wp-json\/wp\/v2\/types\/product"}],"wp:featuredmedia":[{"embeddable":true,"href":"https:\/\/www.claret.cat\/es\/wp-json\/wp\/v2\/media\/124451"}],"wp:attachment":[{"href":"https:\/\/www.claret.cat\/es\/wp-json\/wp\/v2\/media?parent=124450"}],"wp:term":[{"taxonomy":"product_brand","embeddable":true,"href":"https:\/\/www.claret.cat\/es\/wp-json\/wp\/v2\/product_brand?post=124450"},{"taxonomy":"product_cat","embeddable":true,"href":"https:\/\/www.claret.cat\/es\/wp-json\/wp\/v2\/product_cat?post=124450"},{"taxonomy":"product_tag","embeddable":true,"href":"https:\/\/www.claret.cat\/es\/wp-json\/wp\/v2\/product_tag?post=124450"}],"curies":[{"name":"wp","href":"https:\/\/api.w.org\/{rel}","templated":true}]}}